{"id":823,"date":"2016-06-19T14:30:28","date_gmt":"2016-06-19T13:30:28","guid":{"rendered":"http:\/\/annerouch.fr\/?page_id=823"},"modified":"2023-05-16T08:39:09","modified_gmt":"2023-05-16T07:39:09","slug":"nos-enfants-notre-avenir","status":"publish","type":"page","link":"http:\/\/annerouch.fr\/index.php\/nos-enfants-notre-avenir\/","title":{"rendered":"AIDER NOS ENFANTS&#8230;"},"content":{"rendered":"<h2><strong><span style=\"color: #800080;\">Je voudrais vous parler d'une personne tr\u00e8s aidante et merveilleusement professionnelle sur la psychologie des enfants !<\/span>\r\n<span style=\"color: #0000ff;\"> Elle se nomme <a style=\"color: #0000ff;\" href=\"http:\/\/www.filliozat.net\">Isabelle FILLIOZAT<\/a>.\u00a0<\/span><img class=\"size-medium wp-image-828 alignright\" src=\"http:\/\/annerouch.fr\/wp-content\/uploads\/2016\/06\/Isab-Filliozat-300x188.jpg\" alt=\"Isab Filliozat\" width=\"300\" height=\"188\" \/><\/strong><strong>\r\n<span style=\"color: #800080;\"><em>Psychoth\u00e9rapeute et conf\u00e9renci\u00e8re, <\/em>elle met \u00e0 disposition des vid\u00e9os pour comprendre et aider parents et enfants \u00e0 mieux vivre !<\/span>\r\n<span style=\"color: #800080;\"> Ses livres sont en poche, et je vous les recommande vivement si vous avez des enfants <em>ou<\/em> petits enfants !<\/span>\r\n<span style=\"color: #800080;\"> Je vous propose de regarder avec attention <u>ses Vid\u00e9os<\/u> You Tube, <u>un tr\u00e9sor<\/u> !<\/span>\r\n<span style=\"color: #ff00ff;\"> N<em>'oubliez pas d'arr\u00eater la musique en cours.<\/em><\/span><\/strong><\/h2>\r\n<h2><strong><a href=\"https:\/\/www.youtube.com\/watch?v=4pZ11P3CGG8\" target=\"_blank\"><span style=\"text-decoration: underline; color: #8614de;\">Un enfant trop agit\u00e9 ? Quel est son carburant ?<\/span><\/a><\/strong><\/h2>\r\n<h2><strong><a href=\"https:\/\/www.youtube.com\/watch?v=4pZ11P3CGG8\" target=\"_blank\">\r\n<\/a><span style=\"text-decoration: underline;\"><a href=\"https:\/\/www.youtube.com\/watch?v=JnwzIZHdU7s\" target=\"_blank\"><span style=\"color: #008000; text-decoration: underline;\">Les besoins des enfants<\/span><\/a><\/span><\/strong><\/h2>\r\n<h2><strong><span style=\"text-decoration: underline;\"><a href=\"https:\/\/www.youtube.com\/watch?v=JnwzIZHdU7s\" target=\"_blank\">\r\n<\/a><span style=\"color: #8756db;\"><a style=\"color: #8756db; text-decoration: underline;\" href=\"https:\/\/www.youtube.com\/watch?v=Y8vXJ6JaGNo\" target=\"_blank\">Accueillir l'expression d'une \u00e9motion naturelle<\/a><\/span><\/span><\/strong><\/h2>\r\n<h2><span style=\"color: #800080;\"><strong>Ses livres, de vrais th\u00e9rapeutes en papier :<\/strong>)<\/span>\r\n<span style=\"color: #0000ff;\"> <strong>De 1 \u00e0 5 ans.<\/strong>\u00a0 \u00a0 \u00a0 \u00a0 \u00a0 \u00a0 \u00a0 \u00a0 \u00a0 \u00a0 \u00a0 \u00a0 \u00a0 \u00a0 \u00a0 \u00a0 \u00a0 \u00a0\u00a0<strong>De 6 \u00e0 11 ans<\/strong>.<\/span><\/h2>\r\n<a href=\"http:\/\/annerouch.fr\/wp-content\/uploads\/2016\/06\/j-tt-essaye.jpg\"><img class=\"alignnone wp-image-825 size-medium\" src=\"http:\/\/annerouch.fr\/wp-content\/uploads\/2016\/06\/j-tt-essaye-209x300.jpg\" alt=\"j tt essaye\" width=\"209\" height=\"300\" \/><\/a>\u00a0<a href=\"http:\/\/annerouch.fr\/wp-content\/uploads\/2016\/06\/il-me-cherche.jpg\"><img class=\"alignnone wp-image-824 size-medium\" src=\"http:\/\/annerouch.fr\/wp-content\/uploads\/2016\/06\/il-me-cherche-207x300.jpg\" alt=\"il me cherche\" width=\"207\" height=\"300\" \/><\/a>\u00a0 \u00a0\u00a0<a href=\"http:\/\/annerouch.fr\/wp-content\/uploads\/2016\/05\/j-ai-tout-essaye-4.jpg\"><img class=\"alignnone wp-image-56 size-medium\" src=\"http:\/\/annerouch.fr\/wp-content\/uploads\/2016\/05\/j-ai-tout-essaye-4-227x300.jpg\" alt=\"j-ai-tout-essaye-4\" width=\"227\" height=\"300\" \/><\/a> <a href=\"http:\/\/annerouch.fr\/wp-content\/uploads\/2016\/05\/94860282_o.jpg\"><img class=\"alignnone wp-image-55 size-medium\" src=\"http:\/\/annerouch.fr\/wp-content\/uploads\/2016\/05\/94860282_o-242x300.jpg\" alt=\"94860282_o\" width=\"242\" height=\"300\" \/><\/a>\r\n\r\n&nbsp;\r\n<h3 class=\"watch-title-container\"><strong><span id=\"eow-title\" class=\"watch-title\" dir=\"ltr\" style=\"color: #800080; text-decoration: underline;\" title=\"La bienveillance : un enjeu pour nos soci\u00e9t\u00e9s | Sophie Rabhi | TEDxReims\">Cliquer sur le titre en blanc de la vid\u00e9o.\r\nLa bienveillance : un enjeu pour nos soci\u00e9t\u00e9s | Sophie Rabhi<\/span><\/strong><\/h3>\r\n<iframe width=\"714\" height=\"402\" src=\"https:\/\/www.youtube.com\/embed\/SXyVcG1TX0E?feature=oembed\" frameborder=\"0\" allowfullscreen><\/iframe>\r\n<h3 class=\"watch-title-container\"><img class=\"alignnone wp-image-840\" src=\"http:\/\/annerouch.fr\/wp-content\/uploads\/2016\/06\/la-ferme-300x118.jpg\" alt=\"la ferme\" width=\"353\" height=\"139\" \/>\u00a0 \u00a0 \u00a0 <span style=\"color: #993300;\"><strong>cr\u00e9\u00e9e par Sophie RABHI.\r\n<\/strong><\/span>\u00a0\u00a0<span style=\"color: #0000ff;\"><strong><a style=\"color: #0000ff;\" href=\"http:\/\/la-ferme-des-enfants.com\/inscriptions\/\" target=\"_blank\">http:\/\/la-ferme-des-enfants.com\/inscriptions\/<\/a><\/strong><\/span><\/h3>\r\n<h3><span style=\"color: #993300;\"><strong>Les enfants de 3 \u00e0 6 ans\r\n<\/strong><\/span><strong><span style=\"color: #0000ff;\"><a style=\"color: #0000ff;\" href=\"http:\/\/la-ferme-des-enfants.com\/cycle-3-6-ans\/la-pedagogie-3-6-ans\/\" target=\"_blank\">http:\/\/la-ferme-des-enfants.com\/cycle-3-6-ans\/la-pedagogie-3-6-ans\/<\/a><\/span><\/strong><\/h3>\r\n&nbsp;\r\n<h3 class=\"watch-title-container\">-----------------------------------------------<\/h3>\r\n<h3 class=\"watch-title-container\"><span style=\"text-decoration: underline; color: #0000ff;\"><strong><a href=\"http:\/\/www.alice-miller.com\/\"><img class=\"header-image\" src=\"http:\/\/www.alice-miller.com\/wp-content\/uploads\/2015\/07\/cropped-cropped-titreMiller.gif\" alt=\"Alice Miller fr\" width=\"376\" height=\"88\" \/><\/a><\/strong><\/span><\/h3>\r\n<h3 class=\"watch-title-container\"><span style=\"text-decoration: underline; color: #0000ff;\"><strong>Le site d'Alice MILLER dont nous parle Sophie Rabhi : Clic sur le lien ci dessous !\r\n<\/strong><\/span><strong><span style=\"color: #0000ff;\"><a style=\"color: #0000ff;\" href=\"http:\/\/www.alice-miller.com\/le-drame-de-lenfant-doue\/\" target=\"_blank\">http:\/\/www.alice-miller.com\/le-drame-de-lenfant-doue\/<\/a><\/span><\/strong><\/h3>\r\n<h3 class=\"watch-title-container\"><\/h3>\r\n&nbsp;\r\n<h3 class=\"watch-title-container\"><strong><span id=\"eow-title\" class=\"watch-title\" dir=\"ltr\" style=\"color: #800080; text-decoration: underline;\" title=\"La bienveillance : un enjeu pour nos soci\u00e9t\u00e9s | Sophie Rabhi | TEDxReims\">Cliquer sur le titre en blanc de la vid\u00e9o.<\/span><\/strong><strong><span id=\"eow-title\" class=\"watch-title\" dir=\"ltr\" style=\"color: #800080;\" title=\"Y a-t-il une vie avant la mort? Pierre Rabhi at TEDxParis 2011\">\r\nY a-t-il une vie <span style=\"text-decoration: underline;\">avant la mort<\/span> ? Pierre Rabhi at TEDxParis 2011<\/span><\/strong><\/h3>\r\n<iframe width=\"714\" height=\"402\" src=\"https:\/\/www.youtube.com\/embed\/HyNinbbzGuE?feature=oembed\" frameborder=\"0\" allowfullscreen><\/iframe>","protected":false},"excerpt":{"rendered":"<p>Je voudrais vous parler d&#8217;une personne tr\u00e8s aidante et merveilleusement professionnelle sur la psychologie des enfants ! Elle se nomme Isabelle FILLIOZAT.\u00a0 Psychoth\u00e9rapeute et conf\u00e9renci\u00e8re, elle met \u00e0 disposition des vid\u00e9os pour comprendre et aider parents et enfants \u00e0 mieux vivre ! Ses livres sont en poche, et je vous les recommande vivement si vous [&hellip;]<\/p>\n","protected":false},"author":1,"featured_media":0,"parent":0,"menu_order":0,"comment_status":"closed","ping_status":"closed","template":"","meta":[],"_links":{"self":[{"href":"http:\/\/annerouch.fr\/index.php\/wp-json\/wp\/v2\/pages\/823"}],"collection":[{"href":"http:\/\/annerouch.fr\/index.php\/wp-json\/wp\/v2\/pages"}],"about":[{"href":"http:\/\/annerouch.fr\/index.php\/wp-json\/wp\/v2\/types\/page"}],"author":[{"embeddable":true,"href":"http:\/\/annerouch.fr\/index.php\/wp-json\/wp\/v2\/users\/1"}],"replies":[{"embeddable":true,"href":"http:\/\/annerouch.fr\/index.php\/wp-json\/wp\/v2\/comments?post=823"}],"version-history":[{"count":21,"href":"http:\/\/annerouch.fr\/index.php\/wp-json\/wp\/v2\/pages\/823\/revisions"}],"predecessor-version":[{"id":4279,"href":"http:\/\/annerouch.fr\/index.php\/wp-json\/wp\/v2\/pages\/823\/revisions\/4279"}],"wp:attachment":[{"href":"http:\/\/annerouch.fr\/index.php\/wp-json\/wp\/v2\/media?parent=823"}],"curies":[{"name":"wp","href":"https:\/\/api.w.org\/{rel}","templated":true}]}}