{"id":80,"date":"2016-05-24T16:35:09","date_gmt":"2016-05-24T15:35:09","guid":{"rendered":"http:\/\/annerouch.fr\/?page_id=80"},"modified":"2025-02-04T10:45:42","modified_gmt":"2025-02-04T09:45:42","slug":"se-reconnaitre-vraiment","status":"publish","type":"page","link":"http:\/\/annerouch.fr\/index.php\/mes-partages\/se-reconnaitre-vraiment\/","title":{"rendered":"Gu\u00e9rir ses blocages"},"content":{"rendered":"<em>Bol chantant note\u00a0R\u00e9\u00a0<\/em>\r\n\r\n<div style=\"width: 714px;\" class=\"wp-video\"><!--[if lt IE 9]><script>document.createElement('video');<\/script><![endif]-->\n<video class=\"wp-video-shortcode\" id=\"video-80-1\" width=\"714\" height=\"401\" autoplay=\"1\" preload=\"auto\" controls=\"controls\"><source type=\"video\/mp4\" src=\"http:\/\/annerouch.fr\/wp-content\/uploads\/2016\/05\/Bol-chantant-note-r\u00e9-rate.mp4?_=1\" \/><a href=\"http:\/\/annerouch.fr\/wp-content\/uploads\/2016\/05\/Bol-chantant-note-r\u00e9-rate.mp4\">http:\/\/annerouch.fr\/wp-content\/uploads\/2016\/05\/Bol-chantant-note-r\u00e9-rate.mp4<\/a><\/video><\/div>\r\n<h3><strong>\r\n<\/strong><\/h3>\r\n<h1><span style=\"color: #7472cc;\"><strong><span style=\"color: #ff6600;\">Les soins \u00e9nerg\u00e9tiques et le travail du \"<em>gu\u00e9risseur<\/em>\" ou \"<em>canal\"<\/em>,\u00a0 comporte plusieurs phases !<\/span>\r\n<\/strong> <\/span><\/h1>\r\n<ul>\r\n \t<li>\r\n<h2><span style=\"color: #333399;\"><strong>Le \"<em>demandeur<\/em>\"\u00a0doit avoir\u00a0le d\u00e9sir et l'intention claire de \"<em>gu\u00e9rir<\/em>\" ou \"changer quelque chose dans sa vie. C<\/strong><strong>ette demande va aussi activer en lui son lien <span style=\"text-decoration: underline;\">\u00e0 sa propre source lumineuse int\u00e9rieure.\r\n<\/span><\/strong><strong>C'est\u00a0 par lui et son intention que la gu\u00e9rison arrivera, et non par le pouvoir de quelqu'un d'autre.\r\n<\/strong><strong>Il EST, de par son intention, acteur de sa gu\u00e9rison.<\/strong><\/span><\/h2>\r\n<\/li>\r\n<\/ul>\r\n<ul>\r\n \t<li>\r\n<h2><span style=\"color: #800080;\"><strong>Le gu\u00e9risseur est une personne\u00a0qui\u00a0a fait un travail de \"<em>purification<\/em>\" de son \u00eatre.\r\n<\/strong><\/span><span style=\"color: #800080;\"><strong>Il s'entoure de \"lumi\u00e8re\" - il cultive les pens\u00e9es positives, les actions altruistes et non \u00e9gotiques, c \u00e0 dire pour valoriser ses personnages jouant sur la sc\u00e8ne de la vie.<\/strong><\/span><\/h2>\r\n<\/li>\r\n<\/ul>\r\n<h2><span style=\"color: #800080;\"><strong>C'est\u00a0par cet \u00e9tat de\u00a0connexion quotidienne \u00e0 la lumi\u00e8re du ciel et de la terre, qu'il entretient en tant que canal le lien avec le ciel (P\u00e8re) et la terre (M\u00e8re\/Ga\u00efa).<\/strong><\/span><\/h2>\r\n<h1><strong><span style=\"text-decoration: underline;\"><span style=\"color: #ff6600; text-decoration: underline;\">L'ancrage<\/span> <\/span><span style=\"color: #ff6600;\">\u00e9tant un \u00e9tat tr\u00e8s important pour ne pas se retrouv\u00e9 \"\u00e9th\u00e9r\u00e9\", d\u00e9connect\u00e9 du r\u00e9el de la vie.<\/span><\/strong>\r\n<strong> <span style=\"color: #0000ff;\"> Voici un ancrage que je vous offre, \u00e0 pratiquer quotidiennement afin de rester bien enracin\u00e9 au c\u0153ur\u00a0des \u00e9nergies bienveillantes du centre d'Amour de la Terre.<\/span><\/strong><\/h1>\r\n<!--[if lt IE 9]><script>document.createElement('audio');<\/script><![endif]-->\n<audio class=\"wp-audio-shortcode\" id=\"audio-80-1\" preload=\"none\" style=\"width: 100%;\" controls=\"controls\"><source type=\"audio\/mpeg\" src=\"http:\/\/annerouch.fr\/wp-content\/uploads\/2016\/05\/Ancrage-\u00e0-la-terre-en-for\u00eat-1.mp3?_=1\" \/><a href=\"http:\/\/annerouch.fr\/wp-content\/uploads\/2016\/05\/Ancrage-\u00e0-la-terre-en-for\u00eat-1.mp3\">http:\/\/annerouch.fr\/wp-content\/uploads\/2016\/05\/Ancrage-\u00e0-la-terre-en-for\u00eat-1.mp3<\/a><\/audio>\r\n<h2><strong><a href=\"https:\/\/www.youtube.com\/watch?v=xtMyxWIvFSo\" target=\"_blank\" rel=\"noopener\"><img class=\"alignnone wp-image-48\" src=\"http:\/\/annerouch.fr\/wp-content\/uploads\/2016\/05\/smil-fil.png\" alt=\"smil fil\" width=\"33\" height=\"33\" \/><\/a>\u00a0 \u00a0 \u00a0 <span style=\"color: #800080;\">dur\u00e9e\u00a0 22 mn<\/span><\/strong><\/h2>\r\n<h2><span style=\"color: #333399;\"><strong>Sachez que les \u00e9nergies n\u00e9gatives, sous formes de blocages \u00e9motionnels,\r\n<\/strong><\/span><span style=\"color: #333399;\"><strong>sont comme de l'\u00e9lectricit\u00e9 magn\u00e9tique enferm\u00e9e dans un contenant, qui est le corps,\r\ncr\u00e9ant ainsi une tension de plus en plus grande, qui peut provoquer\u00a0de grands d\u00e9g\u00e2ts physique <em>(maladies)<\/em>,\r\nle corps physique \u00e9tant le dernier \u00e0 recevoir les dommages des \u00e9motions n\u00e9gatives qui n'ont pas pu \u00eatre \u00e9vacu\u00e9es, et qui naissent dans le mental,\u00a0s'infiltrant\u00a0dans les corps subtils.<\/strong><\/span><\/h2>\r\n<h2><strong><span style=\"color: #3366ff;\">Le but pour le demandeur\u00a0de la s\u00e9ance, est de conscientiser ses propres blocages en leur donnant du sens, afin de les lib\u00e9rer par sa propre puissance lumineuse.<\/span><\/strong><\/h2>\r\n<h2><span style=\"color: #3366ff;\"><strong>Lib\u00e9rer ses souffrances v\u00e9cues dans l'enfance avant 7 ans, afin de faire sortir\u00a0<span style=\"text-decoration: underline;\">les tensions vibratoires<\/span> qui se sont log\u00e9es dans le corps physique par le biais des corps \u00e9nerg\u00e9tiques.<\/strong><\/span><\/h2>\r\n<h2><strong><span style=\"color: #800080;\">Les corps \u00e9nerg\u00e9tiques sont \"nourris\" par les <a style=\"color: #800080;\" href=\"http:\/\/www.flyogi.com\/training\/documents\/Chakras.pdf\" target=\"_blank\" rel=\"noopener\"><span style=\"color: #800080;\">\"<\/span><em>chakras<\/em>\"<\/a>\u00a0qui\u00a0sont des <em>roues d\u2019\u00e9nergie<\/em> situ\u00e9es \u00e0 divers points du corps. Il y a 7\u00a0chakras majeurs et une multitude de chakras mineurs.\u00a0<\/span><\/strong><\/h2>\r\n&nbsp;\r\n<h2>\u00a0<strong><span style=\"color: #0000ff;\">En effet, si l'\u00e9nergie circule mal dans un des corps subtils, <em>voir sch\u00e9ma\u00a0ci dessous,<\/em>\u00a0toute la chaine harmonieuse est rompue, et la disharmonie arrive dans le corps physique et provoque des maux.<\/span><\/strong><\/h2>\r\n<h1><strong><span style=\"color: #0000ff;\"> Dans l\u2019ordre, partant du plus pr\u00e8s du corps en s\u2019\u00e9loignant,<\/span><\/strong><\/h1>\r\n<h1><span style=\"color: #800080;\"><strong><span style=\"text-decoration: underline;\"><span style=\"color: #0000ff; text-decoration: underline;\">Les corps subtils qui constituent notre champ \u00e9nerg\u00e9tique.<\/span><a href=\"http:\/\/annerouch.fr\/wp-content\/uploads\/2016\/05\/corps-subtils.jpg\"><img class=\"wp-image-98 aligncenter\" src=\"http:\/\/annerouch.fr\/wp-content\/uploads\/2016\/05\/corps-subtils-300x250.jpg\" alt=\"corps subtils\" width=\"690\" height=\"575\" \/><\/a><\/span><\/strong><\/span><\/h1>\r\n<h3><strong><span style=\"color: #ff0000;\">Corps physique<\/span><\/strong><\/h3>\r\n<h3><strong>\r\n<span style=\"color: #993300;\">Corps \u00e9th\u00e9rique<\/span><\/strong><\/h3>\r\n<h3><strong>\r\n<span style=\"color: #ffcc00;\">Corps \u00e9motionnel<\/span><\/strong><\/h3>\r\n<h3><strong>\r\n<span style=\"color: #ff6600;\">Corps mental<\/span><\/strong><\/h3>\r\n<h3><strong>\r\n<span style=\"color: #00ccff;\">Corps astral<\/span><\/strong><\/h3>\r\n<h3><strong>\r\n<span style=\"color: #99ccff;\">Corps supra-astral<\/span><\/strong><\/h3>\r\n<h3><strong>\r\n<span style=\"color: #cc99ff;\">Corps c\u00e9leste<\/span><\/strong><\/h3>\r\n<h3><strong>\r\n<span style=\"color: #800080;\">Corps de lumi\u00e8re<\/span><\/strong><\/h3>\r\n&nbsp;\r\n<h1><span style=\"color: #ff6600;\"><strong><u>Comment ?\u00a0<\/u><\/strong><\/span><\/h1>\r\n<h2><span style=\"color: #333399;\"><strong>Le th\u00e9rapeute est le \"pont\" canal Lumineux\/outil\" , et per\u00e7oit la fr\u00e9quence des \u00e9nergies bloqu\u00e9es.<\/strong><\/span><\/h2>\r\n<h2><span style=\"color: #333399;\"><strong> Pour cela, il a consciemment\u00a0\u00e9tudi\u00e9 des techniques de lib\u00e9ration, et les met \u00e0 la port\u00e9e du \"demandeur\", selon sa sensibilit\u00e9.<\/strong><\/span>\r\n<span style=\"color: #333399;\"> <strong> Un th\u00e9rapeute doit <span style=\"font-size: 18.72px;\">avoir\u00a0<\/span><span style=\"font-size: 18.72px;\">suffisamment <\/span><span style=\"font-size: 18.72px;\">\u00e9pur\u00e9 son \u00eatre pour \u00eatre en mesure d'\u00e9maner sa propre lumi\u00e8re, lumi\u00e8re qui\u00a0 touchera et \u00e9veillera la lumi\u00e8re de celui qui vient \u00e0 lui, et cela en \u00e9tant parfaitement align\u00e9 et ancr\u00e9 :<\/span><\/strong><\/span><\/h2>\r\n<ul>\r\n \t<li>\r\n<h2><span style=\"color: #333399;\"><strong>reli\u00e9 entre le ciel et la terre, ayant pleinement conscience de son \u00e9nergie propre,<\/strong><\/span><\/h2>\r\n<\/li>\r\n \t<li>\r\n<h2><span style=\"color: #333399;\"><strong>en compl\u00e8te neutralit\u00e9 avec sa propre histoire, cela est essentiel, et permet de ne pas projeter ses propres croyances sur le patient,<\/strong><\/span><\/h2>\r\n<\/li>\r\n \t<li>\r\n<h2><span style=\"color: #333399;\"><b>dans le non jugement total, \u00e9tat neutre et point z\u00e9ro conscient !\u00a0<\/b><\/span><\/h2>\r\n<\/li>\r\n<\/ul>\r\n<h2><span style=\"color: #333399;\"><strong>La lib\u00e9ration peut se faire par\u00a0 la parole\/ le verbe cr\u00e9ateur qui activera la m\u00e9moire cellulaire, et r\u00e9sonnera aussi dans les corps subtils du patient,<\/strong><\/span><\/h2>\r\n<ul>\r\n \t<li>\r\n<h2><span style=\"color: #333399;\"><strong>la danse \/ le corps, les sons \/ la musique \/<\/strong><\/span><\/h2>\r\n<\/li>\r\n \t<li>\r\n<h2><span style=\"color: #333399;\"><strong>les sons des bols tib\u00e9tains, bols de cristal,<\/strong><\/span><\/h2>\r\n<\/li>\r\n \t<li>\r\n<h2><span style=\"color: #333399;\"><strong>le tambour am\u00e9rindien,\u00a0et bien d'autres outils.<\/strong><\/span><\/h2>\r\n<\/li>\r\n<\/ul>\r\n<h3><\/h3>\r\n<h3><strong><!--more-->-----------------<\/strong><\/h3>\r\n<h3><strong><img class=\" wp-image-168 alignleft\" src=\"http:\/\/annerouch.fr\/wp-content\/uploads\/2016\/05\/buddha-249x300.png\" alt=\"buddha\" width=\"202\" height=\"243\" \/><\/strong><\/h3>\r\n<h2><span style=\"color: #0000ff;\"><strong>Faites une petite exp\u00e9rience !\u00a0<img class=\"alignnone wp-image-171\" src=\"http:\/\/annerouch.fr\/wp-content\/uploads\/2016\/05\/smiley-mauv-300x287.png\" alt=\"smiley-mauv\" width=\"65\" height=\"62\" \/><\/strong><\/span><\/h2>\r\n<h2><span style=\"color: #0000ff;\"><strong>Montez le son de votre ordinateur, cliquez sur le petit triangle, fermez les yeux\u00a0et \u00e9coutez le son gu\u00e9risseur des bols tib\u00e9tains et leur note associ\u00e9e !<\/strong><\/span><\/h2>\r\n<h2><span style=\"color: #0000ff;\"><strong>Puis, ouvrez lentement les yeux, et savourez ce moment !\u00a0<\/strong><\/span><\/h2>\r\n<h2><span style=\"color: #0000ff;\"><strong>Comment vous sentez-vous \u00e0 pr\u00e9sent ?\u00a0<\/strong><\/span><\/h2>\r\n&nbsp;\r\n<h2><span style=\"color: #ff6600;\"><strong>Bol chantant note si b environ :<\/strong><\/span><\/h2>\r\n<audio class=\"wp-audio-shortcode\" id=\"audio-80-2\" preload=\"none\" style=\"width: 100%;\" controls=\"controls\"><source type=\"audio\/mpeg\" src=\"http:\/\/annerouch.fr\/wp-content\/uploads\/2016\/05\/Bol-chantant-si-b.mp3?_=2\" \/><a href=\"http:\/\/annerouch.fr\/wp-content\/uploads\/2016\/05\/Bol-chantant-si-b.mp3\">http:\/\/annerouch.fr\/wp-content\/uploads\/2016\/05\/Bol-chantant-si-b.mp3<\/a><\/audio>\r\n\r\n&nbsp;\r\n<h2><strong><span style=\"color: #ff6600;\">Bol chantant note sol environ :<\/span>\r\n<\/strong><\/h2>\r\n<audio class=\"wp-audio-shortcode\" id=\"audio-80-3\" preload=\"none\" style=\"width: 100%;\" controls=\"controls\"><source type=\"audio\/mpeg\" src=\"http:\/\/annerouch.fr\/wp-content\/uploads\/2016\/05\/Bol-chantant-sol.mp3?_=3\" \/><a href=\"http:\/\/annerouch.fr\/wp-content\/uploads\/2016\/05\/Bol-chantant-sol.mp3\">http:\/\/annerouch.fr\/wp-content\/uploads\/2016\/05\/Bol-chantant-sol.mp3<\/a><\/audio>\r\n\r\n&nbsp;\r\n<h2><strong><span style=\"color: #ff6600;\">Bol chantant note do environ :<\/span>\r\n<\/strong><\/h2>\r\n<audio class=\"wp-audio-shortcode\" id=\"audio-80-4\" preload=\"none\" style=\"width: 100%;\" controls=\"controls\"><source type=\"audio\/mpeg\" src=\"http:\/\/annerouch.fr\/wp-content\/uploads\/2016\/05\/Bol-chantant-do-.mp3?_=4\" \/><a href=\"http:\/\/annerouch.fr\/wp-content\/uploads\/2016\/05\/Bol-chantant-do-.mp3\">http:\/\/annerouch.fr\/wp-content\/uploads\/2016\/05\/Bol-chantant-do-.mp3<\/a><\/audio>\r\n\r\n<strong>\u00a0<\/strong>\r\n\r\n<strong>\u00a0<\/strong>","protected":false},"excerpt":{"rendered":"<p>Bol chantant note\u00a0R\u00e9\u00a0 Les soins \u00e9nerg\u00e9tiques et le travail du &#8220;gu\u00e9risseur&#8221; ou &#8220;canal&#8221;,\u00a0 comporte plusieurs phases ! Le &#8220;demandeur&#8221;\u00a0doit avoir\u00a0le d\u00e9sir et l&#8217;intention claire de &#8220;gu\u00e9rir&#8221; ou &#8220;changer quelque chose dans sa vie. Cette demande va aussi activer en lui son lien \u00e0 sa propre source lumineuse int\u00e9rieure. C&#8217;est\u00a0 par lui et son intention que [&hellip;]<\/p>\n","protected":false},"author":1,"featured_media":0,"parent":815,"menu_order":2,"comment_status":"closed","ping_status":"closed","template":"full-width-page.php","meta":[],"_links":{"self":[{"href":"http:\/\/annerouch.fr\/index.php\/wp-json\/wp\/v2\/pages\/80"}],"collection":[{"href":"http:\/\/annerouch.fr\/index.php\/wp-json\/wp\/v2\/pages"}],"about":[{"href":"http:\/\/annerouch.fr\/index.php\/wp-json\/wp\/v2\/types\/page"}],"author":[{"embeddable":true,"href":"http:\/\/annerouch.fr\/index.php\/wp-json\/wp\/v2\/users\/1"}],"replies":[{"embeddable":true,"href":"http:\/\/annerouch.fr\/index.php\/wp-json\/wp\/v2\/comments?post=80"}],"version-history":[{"count":46,"href":"http:\/\/annerouch.fr\/index.php\/wp-json\/wp\/v2\/pages\/80\/revisions"}],"predecessor-version":[{"id":4630,"href":"http:\/\/annerouch.fr\/index.php\/wp-json\/wp\/v2\/pages\/80\/revisions\/4630"}],"up":[{"embeddable":true,"href":"http:\/\/annerouch.fr\/index.php\/wp-json\/wp\/v2\/pages\/815"}],"wp:attachment":[{"href":"http:\/\/annerouch.fr\/index.php\/wp-json\/wp\/v2\/media?parent=80"}],"curies":[{"name":"wp","href":"https:\/\/api.w.org\/{rel}","templated":true}]}}