{"id":4662,"date":"2025-05-05T17:47:17","date_gmt":"2025-05-05T16:47:17","guid":{"rendered":"http:\/\/annerouch.fr\/?page_id=4662"},"modified":"2025-09-12T13:52:17","modified_gmt":"2025-09-12T12:52:17","slug":"mes-coups-de-coeur","status":"publish","type":"page","link":"http:\/\/annerouch.fr\/index.php\/mes-coups-de-coeur\/","title":{"rendered":"Mes coups de Coeur"},"content":{"rendered":"<h1 class=\"site-title\"><strong><a href=\"https:\/\/www.revelateurdusoi.com\/\" rel=\"home\">R\u00e9v\u00e9lateur du Soi \u2013 Philippe David Stellaire<\/a><\/strong><\/h1>\n<h2 class=\"site-description\"><span style=\"color: #800080;\"><strong>Th\u00e9rapeute, M\u00e9dium \u00e9nerg\u00e9ticien, Gu\u00e9rison et Soin par le Pur Esprit, Soin tolt\u00e8que, Soin Aleph, Prise de parole en public.<\/strong><\/span><\/h2>\n<h1 class=\"main-title\"><span style=\"color: #3366ff;\"><a style=\"color: #3366ff;\" href=\"https:\/\/www.revelateurdusoi.com\/messages-de-la-confrerie-blanche\/\" target=\"_blank\" rel=\"noopener\"><strong>Messages de la confr\u00e9rie blanche<\/strong><\/a>\u00a0<span style=\"color: #800080;\"><strong> &lt; un clic sur le lien<\/strong><\/span><\/span><\/h1>\n<h2><\/h2>\n<img src=\"https:\/\/encrypted-tbn2.gstatic.com\/images?q=tbn:ANd9GcRinj46WXMgd3qoLZFGecHmgLKKrribgmjBzstmmXKnhf1-nLKvEmJ45bx3Hk_jIZ-hOiRXfcE-nSpv7XOBjKoJyRzHqD7BB4zJyindDw\" alt=\"Philippe-David Stellaire Th\u00e9rapeute et M\u00e9dium\" \/>\n<h2><a href=\"https:\/\/www.revelateurdusoi.com\/livres\/\"><span style=\"color: #3366ff;\"><strong>les Livres de Philippe David\u00a0<\/strong><\/span><\/a><span style=\"color: #800080;\"><strong>&lt;&lt;&lt;<\/strong><\/span>\u00a0<strong><span style=\"color: #800080;\">sont au nombre de 10 \u00e0 ce jour.\u00a0<\/span><\/strong><\/h2>\n<img class=\"alignnone wp-image-4665\" src=\"http:\/\/annerouch.fr\/wp-content\/uploads\/2025\/05\/Sans-titre-1-2-300x129.jpg\" alt=\"Sans titre 1\" width=\"386\" height=\"166\" \/><img class=\"alignnone wp-image-4666\" src=\"http:\/\/annerouch.fr\/wp-content\/uploads\/2025\/05\/Sans-titre-1-3-300x265.jpg\" alt=\"Sans titre 1\" width=\"217\" height=\"192\" \/>","protected":false},"excerpt":{"rendered":"<p>R\u00e9v\u00e9lateur du Soi \u2013 Philippe David Stellaire Th\u00e9rapeute, M\u00e9dium \u00e9nerg\u00e9ticien, Gu\u00e9rison et Soin par le Pur Esprit, Soin tolt\u00e8que, Soin Aleph, Prise de parole en public. Messages de la confr\u00e9rie blanche\u00a0 &lt; un clic sur le lien les Livres de Philippe David\u00a0&lt;&lt;&lt;\u00a0sont au nombre de 10 \u00e0 ce jour.\u00a0<\/p>\n","protected":false},"author":1,"featured_media":0,"parent":0,"menu_order":0,"comment_status":"closed","ping_status":"closed","template":"","meta":[],"_links":{"self":[{"href":"http:\/\/annerouch.fr\/index.php\/wp-json\/wp\/v2\/pages\/4662"}],"collection":[{"href":"http:\/\/annerouch.fr\/index.php\/wp-json\/wp\/v2\/pages"}],"about":[{"href":"http:\/\/annerouch.fr\/index.php\/wp-json\/wp\/v2\/types\/page"}],"author":[{"embeddable":true,"href":"http:\/\/annerouch.fr\/index.php\/wp-json\/wp\/v2\/users\/1"}],"replies":[{"embeddable":true,"href":"http:\/\/annerouch.fr\/index.php\/wp-json\/wp\/v2\/comments?post=4662"}],"version-history":[{"count":7,"href":"http:\/\/annerouch.fr\/index.php\/wp-json\/wp\/v2\/pages\/4662\/revisions"}],"predecessor-version":[{"id":4736,"href":"http:\/\/annerouch.fr\/index.php\/wp-json\/wp\/v2\/pages\/4662\/revisions\/4736"}],"wp:attachment":[{"href":"http:\/\/annerouch.fr\/index.php\/wp-json\/wp\/v2\/media?parent=4662"}],"curies":[{"name":"wp","href":"https:\/\/api.w.org\/{rel}","templated":true}]}}