{"id":4163,"date":"2023-03-10T18:56:57","date_gmt":"2023-03-10T17:56:57","guid":{"rendered":"http:\/\/annerouch.fr\/?page_id=4163"},"modified":"2024-04-24T16:37:00","modified_gmt":"2024-04-24T15:37:00","slug":"lancrage-essentiel-en-ces-moments-de-changements","status":"publish","type":"page","link":"http:\/\/annerouch.fr\/index.php\/lancrage-essentiel-en-ces-moments-de-changements\/","title":{"rendered":"L&#8217;Ancrage, essentiel en ces moments de changements"},"content":{"rendered":"<h1 class=\"gmail_default\"><span style=\"color: #993300;\"><strong>Message re\u00e7us en janvier 2017<\/strong><\/span><\/h1>\r\n<h1><span style=\"color: #993300;\"><strong>L'ancrage \u00e0 la Terre M\u00e8re comme barre de navigation \u00e0 vue !<\/strong><\/span><\/h1>\r\n&nbsp;\r\n\r\n<img class=\"alignleft\" src=\"https:\/\/cdn.pixabay.com\/photo\/2018\/04\/06\/00\/25\/nature-3294681_960_720.jpg\" alt=\"Nature, Forest, Sun, Mousse, Rayons, Vert\" width=\"753\" height=\"424\" \/>\r\n\r\n&nbsp;\r\n\r\n&nbsp;\r\n\r\n<!--[if lt IE 9]><script>document.createElement('audio');<\/script><![endif]-->\n<audio class=\"wp-audio-shortcode\" id=\"audio-4163-1\" autoplay=\"1\" preload=\"none\" style=\"width: 100%;\" controls=\"controls\"><source type=\"audio\/mpeg\" src=\"http:\/\/annerouch.fr\/wp-content\/uploads\/2016\/05\/Ancrage-\u00e0-la-terre-en-for\u00eat-1.mp3?_=1\" \/><a href=\"http:\/\/annerouch.fr\/wp-content\/uploads\/2016\/05\/Ancrage-\u00e0-la-terre-en-for\u00eat-1.mp3\">http:\/\/annerouch.fr\/wp-content\/uploads\/2016\/05\/Ancrage-\u00e0-la-terre-en-for\u00eat-1.mp3<\/a><\/audio>\r\n<h2><\/h2>\r\n<h2><strong><span style=\"color: #800080;\">Cet ancrage a \u00e9t\u00e9 cr\u00e9e dans une vid\u00e9o vibratoirement active.\u00a0<\/span><\/strong><\/h2>\r\n<h2><span style=\"color: #008000;\"><strong>Rester profond\u00e9ment ancr\u00e9 \u00a0va devenir primordial durant le passage transitoire des changements vibratoires terrestres.<\/strong><\/span><\/h2>\r\n<h2><span style=\"color: #008000;\"><strong>Signe ext\u00e9rieur de richesse = ancrage int\u00e9rieur. Rester ancr\u00e9 sur ma lumi\u00e8re, ma foi, ma paix, celles de ma source, je suis donc connect\u00e9e au \"Moi sup\u00e9rieur\".\u00a0<\/strong><\/span><\/h2>\r\n<h2><span style=\"color: #993300;\"><strong>Les signes seront visibles sur les personnes car elles seront indiff\u00e9rentes au \"paraitre\", \"para\u00eetre n'existe plus alors, car on ne peut plus se \"diluer\" dans les choses futiles, inutiles, sans sens ici bas, sans connexion \u00e0 la r\u00e9elle lumi\u00e8re du moi int\u00e9rieur sup\u00e9rieur.<\/strong><\/span><\/h2>\r\n<h2><span style=\"color: #993300;\"><strong>Tout\u00a0cela sera dans les comportements par lesquels ceux qui restent et sont ancr\u00e9s vont passer, aux yeux de ceux qui ne le sont pas, pour des personnes bizarres, voire malades ou tristes, mais...<\/strong><\/span><\/h2>\r\n<h2><span style=\"color: #993300;\"><strong>Cela restera les signes pr\u00e9curseurs\u00a0<\/strong><strong>ext\u00e9rieurs\u00a0de la reconnexion\u00a0int\u00e9rieure dans un futur proche, c'est \u00e0 dire..... Maintenant, car le temps n'existe pas et tout est spontan\u00e9.<\/strong><\/span><\/h2>\r\n<h2><span style=\"color: #993300;\"><strong>\u00a0\"Le jugement projet\u00e9 sur les autres nous gardent agripp\u00e9s dans la 3\u00e8me dimension duelle, et nous renvoie toujours \u00e0 ce que nous devons travailler en nous actuellement. C'est un guide puissant pour transformer notre \u00eatre afin qu'il r\u00e9 \u00e9quilibre sa vibration profonde.\r\nCes choses que l'on remarque chez les autres, sont des \u00e9motions ancr\u00e9es dans nos m\u00e9moires cellulaires ancestrales, que l'on doit nettoyer, \u00e9purer, afin de les transformer en lumi\u00e8re consciente. Cela doit \u00eatre fait, maintenant, pour tous, si l'on veut pouvoir int\u00e9grer les puissantes \u00e9nergies des changements vibratoires qui arrivent.\"<\/strong><\/span><\/h2>\r\n<h1><span style=\"color: #800080;\"><strong>Un autre message r\u00e9cent et qui parle de \"sons\" :\u00a0<\/strong><\/span><\/h1>\r\n<h2><span style=\"color: #666699;\"><strong>\"L'importance est la focalisation sur le moment pr\u00e9sent, sur nos besoins et ceux de nos proches ici et maintenant, car tout change \u00e0 chaque seconde.\u00a0<\/strong><\/span><\/h2>\r\n<h2><span style=\"color: #666699;\"><strong>\u00catre\u00a0attentifs de plus en plus aux signes <em>\"auditifs\"<\/em>. <\/strong><\/span>\r\n<strong><span style=\"color: #666699;\"> <span style=\"color: #666699;\"> Vivre dans le silence si l'on peut est mieux pour la reconnexion int\u00e9rieure et l'ancrage. Le silence fait vibrer notre glande pin\u00e9ale, centre actif de connexion.<\/span><\/span><\/strong><\/h2>\r\n<h2><span style=\"color: #666699;\"><strong>S'il y a momentan\u00e9ment du\u00a0bruit ext\u00e9rieur, il ne doit en aucun cas nous faire d\u00e9vier de notre choix int\u00e9rieur, de notre intuition, et nous serons \"<em>test\u00e9s<\/em>\" dans ce domaine, d'o\u00f9 l'importance d'\u00eatre attentif \u00e0 nous ancrer profond\u00e9ment quotidiennement en projection mentale et intention !<\/strong><\/span><\/h2>","protected":false},"excerpt":{"rendered":"<p>Message re\u00e7us en janvier 2017 L&#8217;ancrage \u00e0 la Terre M\u00e8re comme barre de navigation \u00e0 vue ! &nbsp; &nbsp; &nbsp; Cet ancrage a \u00e9t\u00e9 cr\u00e9e dans une vid\u00e9o vibratoirement active.\u00a0 Rester profond\u00e9ment ancr\u00e9 \u00a0va devenir primordial durant le passage transitoire des changements vibratoires terrestres. Signe ext\u00e9rieur de richesse = ancrage int\u00e9rieur. Rester ancr\u00e9 sur ma [&hellip;]<\/p>\n","protected":false},"author":1,"featured_media":0,"parent":0,"menu_order":0,"comment_status":"closed","ping_status":"closed","template":"","meta":[],"_links":{"self":[{"href":"http:\/\/annerouch.fr\/index.php\/wp-json\/wp\/v2\/pages\/4163"}],"collection":[{"href":"http:\/\/annerouch.fr\/index.php\/wp-json\/wp\/v2\/pages"}],"about":[{"href":"http:\/\/annerouch.fr\/index.php\/wp-json\/wp\/v2\/types\/page"}],"author":[{"embeddable":true,"href":"http:\/\/annerouch.fr\/index.php\/wp-json\/wp\/v2\/users\/1"}],"replies":[{"embeddable":true,"href":"http:\/\/annerouch.fr\/index.php\/wp-json\/wp\/v2\/comments?post=4163"}],"version-history":[{"count":11,"href":"http:\/\/annerouch.fr\/index.php\/wp-json\/wp\/v2\/pages\/4163\/revisions"}],"predecessor-version":[{"id":4424,"href":"http:\/\/annerouch.fr\/index.php\/wp-json\/wp\/v2\/pages\/4163\/revisions\/4424"}],"wp:attachment":[{"href":"http:\/\/annerouch.fr\/index.php\/wp-json\/wp\/v2\/media?parent=4163"}],"curies":[{"name":"wp","href":"https:\/\/api.w.org\/{rel}","templated":true}]}}