{"id":3470,"date":"2020-12-21T10:04:49","date_gmt":"2020-12-21T09:04:49","guid":{"rendered":"http:\/\/annerouch.fr\/?page_id=3470"},"modified":"2025-08-09T14:12:26","modified_gmt":"2025-08-09T13:12:26","slug":"21-decembre-2020","status":"publish","type":"page","link":"http:\/\/annerouch.fr\/index.php\/21-decembre-2020\/","title":{"rendered":"2025 &#8230; D\u00e9clenchements des prises de conscience amplifi\u00e9es"},"content":{"rendered":"<!--[if lt IE 9]><script>document.createElement('audio');<\/script><![endif]-->\n<audio class=\"wp-audio-shortcode\" id=\"audio-3470-1\" autoplay=\"1\" preload=\"auto\" style=\"width: 100%;\" controls=\"controls\"><source type=\"audio\/mpeg\" src=\"http:\/\/annerouch.fr\/wp-content\/uploads\/2016\/05\/ECLAIREUR-Musique-libre-de-droit-1.mp3?_=1\" \/><a href=\"http:\/\/annerouch.fr\/wp-content\/uploads\/2016\/05\/ECLAIREUR-Musique-libre-de-droit-1.mp3\">http:\/\/annerouch.fr\/wp-content\/uploads\/2016\/05\/ECLAIREUR-Musique-libre-de-droit-1.mp3<\/a><\/audio>\n<h1 style=\"text-align: center;\"><\/h1>\n<h1 style=\"text-align: center;\"><span style=\"color: #ff00ff;\"><strong><span style=\"color: #800080;\">On y est ... 2025<\/span><\/strong><\/span><\/h1>\n<h1 style=\"text-align: center;\"><span style=\"color: #ff00ff;\"><strong><img class=\"alignnone wp-image-75\" src=\"http:\/\/annerouch.fr\/wp-content\/uploads\/2016\/05\/pensee-macro-2-300x192.jpg\" alt=\"pensee macro (2)\" width=\"633\" height=\"405\" \/>\n<\/strong><\/span><\/h1>\n<h2><span style=\"color: #f011ce;\"><strong>Plus de bla bla, nous vivons une fin de cycle de choix, tout est transmis, et vibre le choix que chacun fait, tout est l\u00e0 !<\/strong><\/span><\/h2>\n<h2><span style=\"color: #f011ce;\"><strong>\"Vos Souhaits viennent sur votre chemin,\ns'actualisant \u00e0 chaque seconde dans vos choix vibrants,\nVotre Chemin par vos choix reli\u00e9s \u00e0 votre c\u0153ur,\nvous montre votre Essence.\nStop \u00e0 la peur qui est le moteur de l'abus de pouvoir, STOP.\n<span style=\"color: #800080;\">C'est le grand balayage !<\/span>\nTout ce qui sort\u00a0est ce qui n'est plus en harmonie avec\u00a0votre lumi\u00e8re,\nl'Amour, la Paix, l'Equilibre sur la plan\u00e8te, demande \u00e0 s'expanser dans la beaut\u00e9 et la Conscience.\nComme un tsunami\u00a0puissant, d'o\u00f9 les bouleversements des mois qui arrivent o\u00f9\ndes r\u00e9v\u00e9lations seront faites, par des prises de conscience.\nLa lumi\u00e8re irradie partout et sans fin maintenant !\nQu'il en soit ainsi, il en est ainsi !<\/strong><\/span><\/h2>\n<h2><span style=\"color: #9f0ff2;\"><strong>La route est pr\u00e9par\u00e9e, il est l'heure de l'actualisation de ce cycle qui est l\u00e0, en profondes transformations.\nChoix de notre \u00e2me, ou choix de notre mental ego,\u00a0passant par divers personnages ?\nLes lignes de temps se rapprochent, nous nous sommes amen\u00e9s l\u00e0 o\u00f9 nous en sommes, dans la profondeur de notre \u00e2me.<\/strong><\/span><\/h2>\n<blockquote>\n<h2><strong><span style=\"color: #0000ff;\"><span style=\"color: #333399;\">Articles post\u00e9s sur le menus <\/span>\"Mes messages perso\"\u00a0<span style=\"color: #666699;\">- th\u00e8mes<\/span><\/span><\/strong><\/h2>\n<h2><span style=\"color: #b51ee3;\"><strong><span style=\"text-decoration: underline;\"><a style=\"color: #b51ee3; text-decoration: underline;\" href=\"http:\/\/annerouch.fr\/index.php\/comment-nos-jugements-nous-limitent\/\">\"Comment nos jugements nous limitent\"<\/a><\/span><\/strong><\/span><\/h2>\n<h2><span style=\"color: #b51ee3;\"><strong><span style=\"text-decoration: underline;\"><a style=\"color: #b51ee3; text-decoration: underline;\" href=\"http:\/\/annerouch.fr\/index.php\/projections-holographiques\/\">\"Projections holographiques\"<\/a><\/span><\/strong><\/span><\/h2>\n<h2 class=\"entry-title\"><span style=\"color: #b51ee3;\"><strong><span style=\"text-decoration: underline;\"><a style=\"color: #b51ee3; text-decoration: underline;\" href=\"http:\/\/annerouch.fr\/index.php\/amour-inconditionnel-ou-conditionnel\/\">Amour *** Inconditionnel, ou conditionnel ?<\/a><\/span><\/strong><\/span><\/h2>\n<h2 class=\"entry-title\"><span style=\"color: #b51ee3;\"><strong><span style=\"text-decoration: underline;\"><a style=\"color: #b51ee3; text-decoration: underline;\" href=\"http:\/\/annerouch.fr\/index.php\/choix-de-routes-qui-se-profile\/\">Choix de routes qui se profile !<\/a><\/span><\/strong><\/span><\/h2>\n<h2 class=\"entry-title\"><span style=\"color: #b51ee3;\"><strong><span style=\"text-decoration: underline;\"><a style=\"color: #b51ee3; text-decoration: underline;\" href=\"http:\/\/annerouch.fr\/index.php\/faire-des-choix-comment\/\">Faire des choix, comment ?<\/a><\/span><\/strong><\/span><\/h2>\n<h2 class=\"entry-title\"><span style=\"color: #b51ee3;\"><strong><span style=\"text-decoration: underline;\"><a style=\"color: #b51ee3; text-decoration: underline;\" href=\"http:\/\/Message du 2 juillet 2018 \u2013 Comment reconna\u00eetre ce qui est BON pour nous ?\">2 juillet 2018 \u2013 Comment reconna\u00eetre ce qui est BON pour nous ?<\/a><\/span><\/strong><\/span><\/h2>\n<h2 class=\"entry-title\"><span style=\"color: #b51ee3;\"><strong><span style=\"text-decoration: underline;\"><a style=\"color: #b51ee3; text-decoration: underline;\" href=\"http:\/\/annerouch.fr\/index.php\/inconfort-dans-le-couple-lancrage-essentiel-en-ces-moments-de-changements\/\">Inconfort dans le Couple et L\u2019Ancrage<\/a><\/span><\/strong><\/span><\/h2>\n<p style=\"text-align: center;\"><strong><img class=\"alignnone wp-image-3426\" src=\"http:\/\/annerouch.fr\/wp-content\/uploads\/2020\/11\/Sans-titre-4-300x222.jpg\" alt=\"Sans titre 4\" width=\"378\" height=\"280\" \/><\/strong><\/p>\n<\/blockquote>\n<h2>\u00a0<span style=\"color: #800080;\"><strong>Transmission du message du 2 mai 2025 - A toi qui entend ! Arr\u00eater le 1er audio pour \u00e9couter ce message de 28 mn.<\/strong><\/span><\/h2>\n<audio class=\"wp-audio-shortcode\" id=\"audio-3470-2\" preload=\"none\" style=\"width: 100%;\" controls=\"controls\"><source type=\"audio\/mpeg\" src=\"http:\/\/annerouch.fr\/wp-content\/uploads\/2020\/12\/2-Mai-2025_travail-fr\u00e9quentiel.mp3?_=2\" \/><a href=\"http:\/\/annerouch.fr\/wp-content\/uploads\/2020\/12\/2-Mai-2025_travail-fr\u00e9quentiel.mp3\">http:\/\/annerouch.fr\/wp-content\/uploads\/2020\/12\/2-Mai-2025_travail-fr\u00e9quentiel.mp3<\/a><\/audio>\n\n<div id=\"attachment_262\" style=\"width: 559px\" class=\"wp-caption aligncenter\"><img aria-describedby=\"caption-attachment-262\" class=\" wp-image-262\" src=\"http:\/\/annerouch.fr\/wp-content\/uploads\/2016\/05\/14-294x300.jpg\" alt=\"Escholtzia rose\" width=\"549\" height=\"560\" \/><p id=\"caption-attachment-262\" class=\"wp-caption-text\"><strong>Escholtzia rose - \u00a9Photo Anne R<\/strong><\/p><\/div>","protected":false},"excerpt":{"rendered":"<p>On y est &#8230; 2025 Plus de bla bla, nous vivons une fin de cycle de choix, tout est transmis, et vibre le choix que chacun fait, tout est l\u00e0 ! &#8220;Vos Souhaits viennent sur votre chemin, s&#8217;actualisant \u00e0 chaque seconde dans vos choix vibrants, Votre Chemin par vos choix reli\u00e9s \u00e0 votre c\u0153ur, vous [&hellip;]<\/p>\n","protected":false},"author":1,"featured_media":0,"parent":0,"menu_order":0,"comment_status":"closed","ping_status":"closed","template":"","meta":[],"_links":{"self":[{"href":"http:\/\/annerouch.fr\/index.php\/wp-json\/wp\/v2\/pages\/3470"}],"collection":[{"href":"http:\/\/annerouch.fr\/index.php\/wp-json\/wp\/v2\/pages"}],"about":[{"href":"http:\/\/annerouch.fr\/index.php\/wp-json\/wp\/v2\/types\/page"}],"author":[{"embeddable":true,"href":"http:\/\/annerouch.fr\/index.php\/wp-json\/wp\/v2\/users\/1"}],"replies":[{"embeddable":true,"href":"http:\/\/annerouch.fr\/index.php\/wp-json\/wp\/v2\/comments?post=3470"}],"version-history":[{"count":26,"href":"http:\/\/annerouch.fr\/index.php\/wp-json\/wp\/v2\/pages\/3470\/revisions"}],"predecessor-version":[{"id":4688,"href":"http:\/\/annerouch.fr\/index.php\/wp-json\/wp\/v2\/pages\/3470\/revisions\/4688"}],"wp:attachment":[{"href":"http:\/\/annerouch.fr\/index.php\/wp-json\/wp\/v2\/media?parent=3470"}],"curies":[{"name":"wp","href":"https:\/\/api.w.org\/{rel}","templated":true}]}}