{"id":3422,"date":"2020-11-29T18:38:11","date_gmt":"2020-11-29T17:38:11","guid":{"rendered":"http:\/\/annerouch.fr\/?page_id=3422"},"modified":"2024-09-20T13:37:12","modified_gmt":"2024-09-20T12:37:12","slug":"amour-inconditionnel-ou-conditionnel","status":"publish","type":"page","link":"http:\/\/annerouch.fr\/index.php\/amour-inconditionnel-ou-conditionnel\/","title":{"rendered":"Amour *** Inconditionnel, ou conditionnel ?"},"content":{"rendered":"<div id=\"attachment_289\" style=\"width: 633px\" class=\"wp-caption aligncenter\"><img aria-describedby=\"caption-attachment-289\" class=\" wp-image-289\" src=\"http:\/\/annerouch.fr\/wp-content\/uploads\/2016\/05\/IMG_6402-300x200.jpg\" alt=\"Pistil d'asphod\u00e8le (Causse Tarn)\" width=\"623\" height=\"416\" \/><p id=\"caption-attachment-289\" class=\"wp-caption-text\"><strong>Pistil d'asphod\u00e8le (Causse Tarn) Photo personnelle \u00a9 Anne Rouch<\/strong><\/p><\/div>\r\n<h2 style=\"text-align: center;\"><strong style=\"color: #333399;\">\"MON \u00c2ME TRESSAILLE\"\r\n<\/strong><strong style=\"color: #333399;\">Face \u00e0 des fr\u00e9quences similaires aux miennes.\r\n<\/strong><strong style=\"color: #333399;\">Je ne m'occupe plus de celles et ceux qui me refoule,\r\n<\/strong><strong style=\"color: #333399;\">ne me comprennent pas ou ne me voient m\u00eame pas.\r\n<\/strong><strong style=\"color: #333399;\">Je les laisse sur leur chemin.\r\n<\/strong><strong style=\"color: #333399;\">Et mon optique, d\u00e8s \u00e0 pr\u00e9sent,\r\n<\/strong><strong style=\"color: #333399;\">est de m'orienter r\u00e9solument\r\n<\/strong><strong style=\"color: #333399;\">Vers la VIBRATION ORIGINELLE DU DIVIN\r\n<\/strong><strong style=\"color: #333399;\">Qui resplendit dans les C\u0152URS purs et chaleureux envers moi.\r\nEnsemble, nous c\u00e9l\u00e9brons la JOIE de cette harmonie et re connaissance.\r\n<\/strong><strong><span style=\"color: #333399;\">JOIE DE L\u2019\u00c9TERNEL PR\u00c9SENT.\"<\/span><\/strong><\/h2>\r\n<h2 style=\"text-align: center;\"><span style=\"color: #333399;\"><strong>(Extrait Verbe 113, <\/strong><a style=\"color: #333399;\" href=\"https:\/\/www.amazon.fr\/PAROLE-QUI-%C3%89CLAIRE-VOTRE-CHEMIN\/dp\/B08928MGQF\/ref=asc_df_B08928MGQF\/?tag=googshopfr-21&amp;linkCode=df0&amp;hvadid=411352905830&amp;hvpos=&amp;hvnetw=g&amp;hvrand=1211982208389575436&amp;hvpone=&amp;hvptwo=&amp;hvqmt=&amp;hvdev=c&amp;hvdvcmdl=&amp;hvlocint=&amp;hvlocphy=905631\"><strong>La parole qui \u00e9claire votre chemin, Tome 3)<\/strong><\/a><strong> de Philippe David Stellaire.<\/strong><\/span><\/h2>\r\n<img class=\"wp-image-3423 aligncenter\" src=\"http:\/\/annerouch.fr\/wp-content\/uploads\/2020\/11\/Amour-inconditionnel-300x169.jpg\" alt=\"Amour inconditionnel\" width=\"617\" height=\"348\" \/>\r\n<h2><span style=\"color: #333399;\"><strong>Mes rencontres avec le \"Congr\u00e8s Douance\" m'ont confirm\u00e9 que la simplicit\u00e9 \u00e9tait l'apanage des consciences les plus \u00e9lev\u00e9es et libres d'\u00eatre !. <\/strong><em>(Nathalie Alsteen \u2022 Emotifs Talentueux \u2022 Fondatrice du Congr\u00e8s Douance)<\/em><strong>\r\nChaque \u00e2me prend de l'ampleur dans sa vibration propre, \u00e0 mesure que la personnalit\u00e9 lui laisse enfin la place d'expansion.\r\n<\/strong><strong><u>Pour ceux qui sont hypersensibles, ceux qui se sont pr\u00e9par\u00e9s au changement, en osant suivre leur propre chemin<\/u><\/strong><strong>, et sortir des sentiers battus et rebattus, o\u00f9 se m\u00ealent toutes sortes de vibrations diffuses, entrem\u00eal\u00e9es dans des \u00e9cheveaux de mental o\u00f9 la lumi\u00e8re de l'\u00e2me se perd.\r\n<\/strong><strong>C'est le temps du choix et de prendre sa position en incarnant la lumi\u00e8re de son \u00e2me dans sa personnalit\u00e9, dans l'incarnation propre de son corps physique.\r\n<\/strong><strong>Oui, le choix a toujours \u00e9t\u00e9 l\u00e0 en \"apparence\", quelles options de \"choix\" vous permettez-vous de voir ? <span style=\"color: #800080;\">Etes-vous r\u00e9ellement libres ?<\/span><\/strong><\/span><\/h2>\r\n<h2><span style=\"color: #333399;\"><strong>Vous sentez-vous libres dans votre vie actuelle ?\r\n<\/strong><strong>Si non, il y a pas vraiment eu de choix, mais plut\u00f4t des contraintes !\r\n<\/strong><strong>Si oui vous vous sentez libres de choisir tout dans votre vie, vous \u00eates privil\u00e9gi\u00e9s et ouverts \u00e0 l'\u00e9coute int\u00e9rieure !\r\n<\/strong><strong>Tout en ces temps, s'affine dans la \"forme\", l'esprit descend dans la forme, qui est le corps.<\/strong><\/span><\/h2>\r\n<h2><span style=\"color: #333399;\"><strong>Sans cela, il n'y a pas de r\u00e9elle prise de conscience, ni de transformation \u00e9volutive.<\/strong><\/span><\/h2>\r\n<h2><span style=\"color: #333399;\"><strong>Il y a des croyances adh\u00e9r\u00e9es pour ne pas \u00eatre diff\u00e9rents des autres, et pour ne pas \u00eatre rejet\u00e9 de la soci\u00e9t\u00e9, pour <span style=\"color: #800080;\">\"\u00eatre aim\u00e9\"<\/span> !\r\n<\/strong><strong>Ces\u00a0 diff\u00e9rentes formes pens\u00e9es de groupes, sont nomm\u00e9es les \"\u00e9gr\u00e9gores\".\r\n<\/strong><strong>Il y a autant d'\u00e9gr\u00e9gores que de pens\u00e9es humaines regroup\u00e9es.\r\nC'est donc vibratoirement, une tr\u00e8s tr\u00e8s importante prise de conscience \u00e0 faire sur ce plan l\u00e0 !\r\n<\/strong><strong>Une seule prise de conscience suffit, celle de comprendre que toutes vos pens\u00e9es vont rejoindre un \u00e9gr\u00e9gore d'autres pens\u00e9es \u00e9mises par d'autres, plus il y a de pens\u00e9es de m\u00eames vibrations, plus l'\u00e9gr\u00e9gore grossit !<\/strong><\/span><\/h2>\r\n<h2><span style=\"text-decoration: underline; color: #333399;\"><strong>Ce qui fait \u00e9merger la prise de conscience est la question :<\/strong><\/span><\/h2>\r\n<ul>\r\n \t<li>\r\n<h2><span style=\"color: #333399;\"><strong>A quels \u00e9gr\u00e9gores me suis-je li\u00e9(e) sans le savoir ?<\/strong><\/span><\/h2>\r\n<\/li>\r\n \t<li>\r\n<h2><span style=\"color: #333399;\"><strong> prenez une feuille de papier, et \u00e9crivez votre r\u00e9flexion.<\/strong><\/span><\/h2>\r\n<\/li>\r\n \t<li>\r\n<h2><span style=\"color: #333399;\"><strong>Les r\u00e9ponses sont en vous et vous seul !<\/strong><\/span><\/h2>\r\n<\/li>\r\n<\/ul>\r\n<h1 style=\"text-align: center;\"><strong><span style=\"color: #ff6600;\">LES SUBTILIT\u00c9S\u00a0DE L'EGO.<\/span><\/strong><\/h1>\r\n<strong>\u00a0<img class=\" wp-image-3424 aligncenter\" src=\"http:\/\/annerouch.fr\/wp-content\/uploads\/2020\/11\/Sans-titre-2-1-300x201.jpg\" alt=\"Sans titre 2\" width=\"676\" height=\"453\" \/><\/strong>\r\n<h2><strong>\u00a0<\/strong><span style=\"color: #333399;\"><strong>L'Amour INCONDITIONNEL\u00a0<\/strong><strong>choisit TOUT en fonction et \u00e0 partir de la relation de votre \u00e2me personnalit\u00e9 avec l'ouverture vers l'\u00e2me lumineuse et pure, celle qui vous relie jusqu'\u00e0 votre mort \u00e0 votre source d'Amour inconditionnel.\r\n<\/strong><strong>TOUT est spontan\u00e9 et sans r\u00e9flexion mentale dans l'Amour inconditionnel, c'est un \u00e9lan d'\u00e2me \u00e0 \u00e2me, une spontan\u00e9it\u00e9 de c\u0153ur, une humanit\u00e9 r\u00e9elle, une simplicit\u00e9 dans la relation, sans \"chichi\", et sans snobisme, le mental n'intervient pas !<\/strong><\/span><\/h2>\r\n<h2><span style=\"color: #ff6600;\"><strong>Oui et alors <\/strong><strong>??<\/strong><\/span><\/h2>\r\n<h2><span style=\"color: #333399;\"><strong>Alors que dans l'amour \"conditionnel\", TOUT est choisit en fonction du mental qui r\u00e9fl\u00e9chit, qui pr\u00e9pare, qui focalise, sur des choix qui valorise la personnalit\u00e9 humaine, qui focalise volontairement l'attention, et qui finalement choisit telle et telle personne, en fonction de\u2026. ces choix l\u00e0 !\r\nCe qui est totalement diff\u00e9rent et revient au final \u00e0 \u00eatre vibratoirement oppos\u00e9 !<\/strong><\/span><\/h2>\r\n<h2><strong>\u00a0<span style=\"color: #ff6600;\">COMMENT FAIRE LA DIFF\u00c9RENCE\u00a0?<\/span><\/strong><\/h2>\r\n<h2><strong>\u00a0<\/strong><span style=\"color: #333399;\"><strong>Juste en \u00e9tant dans un discernement <\/strong><strong>subtil <\/strong><strong>!\r\n<\/strong><strong>Observez, testez, sans jugement, prenez du recul sur vos \u00e9motions, et l'observation sera r\u00e9v\u00e9latrice.\r\n<\/strong><strong>Une personne qui ram\u00e8ne toute conversation \u00e0 elle, \u00e0 sa propre vie, quoique vous lui racontiez sur vous-m\u00eame, a un ego qui passe au devant de tout, certainement parce qu'elle a un grand besoin d'\u00eatre aim\u00e9, et a une faible estime d'elle-m\u00eame au fond, m\u00eame si a l'ext\u00e9rieur, elle montre tout le contraire !<\/strong><\/span><\/h2>\r\n<h2><span style=\"color: #333399;\"><strong>Une personne qui a une estime d'elle-m\u00eame stable et parfaitement centr\u00e9e, ni plus ni moins, qui sait <span style=\"color: #800080;\">\"qui elle est\"<\/span> au fond d'elle-m\u00eame, n'a nul besoin de placer son ego au devant de tout et n'a nul besoin d'\u00eatre \"nourrie\" ni valoris\u00e9e par d'autres sur le plan \u00e9nerg\u00e9tique.<\/strong><\/span><\/h2>\r\n<h2><span style=\"color: #333399;\"><strong>\r\n<span style=\"color: #800080;\">Ceux qui fonctionnent avec l'amour \"<span style=\"text-decoration: underline;\"><strong>Conditionnel<\/strong><\/span><\/span><strong><span style=\"color: #800080;\">\" &gt;&gt;&gt;<\/span>\r\n<\/strong>- recherchent par ce biais l'amour des autres dans tout ce qu'ils font et par n'importe quel moyen, parce qu'ils sentent un <em><span style=\"color: #800080;\">\"vide en eux\"<\/span><\/em> et essaient de le combler,\r\n<\/strong><strong>\u00a0 - c<\/strong><strong>hoisissent leurs amis parmi des personnes haut plac\u00e9es sur le plan soci\u00e9tal, ce qui va attirer l'attention des proches, <em>(dans un premier temps).\r\nVous pouvez avoir de grands amis qui sont valoris\u00e9s dans un domaine de la soci\u00e9t\u00e9, mais sans en effet avoir besoin de le dire ou de le faire savoir.\r\n<\/em><\/strong><strong>- r<\/strong><strong>am\u00e8nent sans arr\u00eat vers eux une conversation dans laquelle vous parlez de vous, en la d\u00e9tournant automatiquement vers \u00a0leur propre avantage, les autres sont moins bien qu'eux \u2026..<\/strong><strong><em>\r\n<\/em><\/strong><\/span><\/h2>\r\n<ul>\r\n \t<li>\r\n<h2><span style=\"color: #333399;\"><strong>Ne vous recontactent pas ou peu, car vous ne les mettez pas automatiquement en valeur, ni dans vos paroles intentionnelles, ni par votre \"statut social\", ceci est un grand \"rep\u00e8re\" \u00e0 voir !\u00a0<\/strong><\/span><\/h2>\r\n<h2><span style=\"color: #ff6600;\"><strong>L'\u00e9vidence est l\u00e0 devant vous ! Que vous faut il de plus clair ?\r\n<\/strong><\/span><\/h2>\r\n<\/li>\r\n<\/ul>\r\n<img class=\"wp-image-3425 aligncenter\" src=\"http:\/\/annerouch.fr\/wp-content\/uploads\/2020\/11\/Sans-titre-3-300x199.jpg\" alt=\"Sans titre 3\" width=\"640\" height=\"424\" \/>\r\n<h2><span style=\"color: #666699;\"><strong>Faite l'exp\u00e9rience saine pour concr\u00e9tiser votre int\u00e9gration, de prendre un comportement beaucoup moins valorisant\u00a0en face de celui qui a l'habitude d'entendre des \u00e9loges, prenez un comportement beaucoup plus \"<em>neutre<\/em>\" aupr\u00e8s de l'interlocuteur, et\u00a0observez ce qu'il se passe !\r\n<\/strong><\/span><span style=\"color: #ff6600;\"><strong>Car il est \u00e9vident que si vous valorisez sans cesse une personne, vous ne saurez jamais \u00e0 qui vous avez \u00e0 faire !\r\n<\/strong><\/span><span style=\"color: #666699;\"><strong>Alors que si vous osez vous opposer et dire que vous ne partagez pas son opinion, c'est votre droit le plus strict, vous serez alors en face d'une r\u00e9action !\r\n<\/strong><\/span><span style=\"color: #666699;\"><strong>Apr\u00e8s un contact, vous pourrez ressentir apr\u00e8s votre s\u00e9paration, un malaise, sans en comprendre le \"pourquoi\", car apparemment, votre communication semble s'\u00eatre plut\u00f4t bien pass\u00e9e \u2026<\/strong><\/span><\/h2>\r\n<h2><strong>\u00a0<\/strong><span style=\"color: #ff6600;\"><strong>Alors pourquoi ??<\/strong><\/span><\/h2>\r\n<h2><span style=\"color: #333399;\"><strong>Interrogez-vous et observez ce que vous ressentez dans votre ventre.\r\n<\/strong><\/span><span style=\"color: #333399;\"><strong>Cela vous ram\u00e8ne \u00e0 quoi ? A quels sentiments int\u00e9rieurs <u>sur vous-m\u00eame<\/u> ?<\/strong><\/span><\/h2>\r\n<h2><span style=\"color: #333399;\"><strong>Car, le partage avec une personne dont la vibration est de l'amour \"Conditionnel\", laisse un sentiment de tristesse, de solitude infinie, surtout pour les hypersensibles<\/strong><strong> et j'ai eu l'occasion de voir ces t\u00e9moignages.<\/strong><\/span><\/h2>\r\n<h2><span style=\"color: #333399;\"><strong>\u00a0<\/strong><strong>Alors que partager et \u00e9changer avec quelqu'un qui vibre l'Amour inconditionnel, vous nourrit de bonnes vibrations de Vie.<\/strong><\/span><\/h2>\r\n<h2><span style=\"color: #333399;\"><strong>Vous en repartez toujours et sans exception, avec de la joie au c\u0153ur, avec le sourire aux l\u00e8vres, avec de la gratitude d'avoir partag\u00e9 autant de belles choses !<\/strong><\/span><\/h2>\r\n<h2><span style=\"color: #333399;\"><strong>Votre c\u0153ur, votre ventre, vous parlent ! <\/strong><\/span><\/h2>\r\n<h2><span style=\"color: #333399;\"><strong>Ecoutez-les car jamais ils ne se trompent, ils sont l\u00e0 pour vous, avec vous \u00e0 chaque seconde, et vous montrent par des stimuli, ce qui se passe \u00e0 l'ext\u00e9rieur de vous, dans votre environnement et relations.<\/strong><\/span><\/h2>\r\n<h2><span style=\"color: #333399;\"><strong>\u00a0<\/strong><strong>Si votre mental rentre en jeu, cela met votre ego personnalit\u00e9 automatiquement au devant de la sc\u00e8ne, et tout en est fauss\u00e9 !<\/strong><\/span><\/h2>\r\n<h2><span style=\"color: #333399;\"><strong>\u00a0<\/strong><span style=\"color: #0000ff;\"><strong><em>Par exemple<\/em><\/strong><strong> vous pouvez ressentir un malaise au contact d'une personne, mais votre \"mental\" qui r\u00e9fl\u00e9chit intervient, et vous dit : <\/strong><\/span><\/span><\/h2>\r\n<h2><span style=\"color: #0000ff;\"><strong>\"Mais enfin, cette personne est tr\u00e8s connue dans son domaine, elle sait ce qu'elle dit \u00a0et semble bienveillante ! \" <\/strong><\/span><\/h2>\r\n<h2><span style=\"color: #333399;\"><strong>Du coup, vous n'\u00e9coutez pas ce que votre corps vous dit, et vous n'\u00eates plus connect\u00e9 \u00e0 votre v\u00e9rit\u00e9 int\u00e9rieure, la seule qui \"sait\" ce qui est bon pour vous.<\/strong><\/span><\/h2>\r\n<h2><span style=\"color: #333399;\"><span style=\"color: #ff6600;\"><strong>\u00a0<\/strong><\/span><span style=\"color: #800080;\"><strong>Surgit la suite \u2026\u2026. de l'histoire, plus tard, o\u00f9 vous vous rendrez \u00e0 l'\u00e9vidence qu'il y a une v\u00e9rit\u00e9 \u00e9vidente qui vous a \u00e9t\u00e9 montr\u00e9e, et que vous auriez d\u00fb \u00e9couter !<\/strong><\/span><\/span><\/h2>\r\n<h2 style=\"text-align: center;\"><span style=\"color: #333399;\"><strong>\u00a0<\/strong><strong>Ecouter votre c\u0153ur prot\u00e8ge votre vie et\u2026\u00a0 vous montre votre chemin !<\/strong><\/span><strong>\r\n<img class=\" wp-image-3426 aligncenter\" src=\"http:\/\/annerouch.fr\/wp-content\/uploads\/2020\/11\/Sans-titre-4-300x222.jpg\" alt=\"Sans titre 4\" width=\"545\" height=\"404\" \/><\/strong><\/h2>\r\n&nbsp;","protected":false},"excerpt":{"rendered":"<p>&#8220;MON \u00c2ME TRESSAILLE&#8221; Face \u00e0 des fr\u00e9quences similaires aux miennes. Je ne m&#8217;occupe plus de celles et ceux qui me refoule, ne me comprennent pas ou ne me voient m\u00eame pas. Je les laisse sur leur chemin. Et mon optique, d\u00e8s \u00e0 pr\u00e9sent, est de m&#8217;orienter r\u00e9solument Vers la VIBRATION ORIGINELLE DU DIVIN Qui resplendit [&hellip;]<\/p>\n","protected":false},"author":1,"featured_media":0,"parent":0,"menu_order":0,"comment_status":"closed","ping_status":"closed","template":"","meta":[],"_links":{"self":[{"href":"http:\/\/annerouch.fr\/index.php\/wp-json\/wp\/v2\/pages\/3422"}],"collection":[{"href":"http:\/\/annerouch.fr\/index.php\/wp-json\/wp\/v2\/pages"}],"about":[{"href":"http:\/\/annerouch.fr\/index.php\/wp-json\/wp\/v2\/types\/page"}],"author":[{"embeddable":true,"href":"http:\/\/annerouch.fr\/index.php\/wp-json\/wp\/v2\/users\/1"}],"replies":[{"embeddable":true,"href":"http:\/\/annerouch.fr\/index.php\/wp-json\/wp\/v2\/comments?post=3422"}],"version-history":[{"count":15,"href":"http:\/\/annerouch.fr\/index.php\/wp-json\/wp\/v2\/pages\/3422\/revisions"}],"predecessor-version":[{"id":4462,"href":"http:\/\/annerouch.fr\/index.php\/wp-json\/wp\/v2\/pages\/3422\/revisions\/4462"}],"wp:attachment":[{"href":"http:\/\/annerouch.fr\/index.php\/wp-json\/wp\/v2\/media?parent=3422"}],"curies":[{"name":"wp","href":"https:\/\/api.w.org\/{rel}","templated":true}]}}