{"id":3417,"date":"2020-11-29T18:05:09","date_gmt":"2020-11-29T17:05:09","guid":{"rendered":"http:\/\/annerouch.fr\/?page_id=3417"},"modified":"2024-09-20T13:38:30","modified_gmt":"2024-09-20T12:38:30","slug":"comment-nos-jugements-nous-limitent","status":"publish","type":"page","link":"http:\/\/annerouch.fr\/index.php\/comment-nos-jugements-nous-limitent\/","title":{"rendered":"Comment nos jugements nous limitent"},"content":{"rendered":"<h2><span style=\"color: #333399;\"><strong>Le 9 novembre 2020.\u00a0<\/strong><\/span><\/h2>\r\n<h1 style=\"text-align: center;\"><span style=\"color: #ff6600;\"><strong><span style=\"color: #333399;\">G<\/span>\u00e9n\u00e9rer des <span style=\"color: #333399;\">J<\/span>ugement<span style=\"color: #333399;\">s\u00a0<\/span><\/strong><\/span><\/h1>\r\n<h2><span style=\"color: #333399;\"><strong>G\u00e9n\u00e9rer des jugements sur qui ou quoi que ce soit, est destructeur et bloquant pour l'\u00e9volution de celui qui les g\u00e9n\u00e8re, et pour celui qui les re\u00e7oit, bien que ce dernier ait la solution de \"nettoyer les projections re\u00e7ues\" par quiconque, consciemment ou inconsciemment.<\/strong><\/span><span style=\"color: #666699;\"><strong>\r\n<img class=\" wp-image-3418 aligncenter\" src=\"http:\/\/annerouch.fr\/wp-content\/uploads\/2020\/11\/montrer-du-doigt-300x200.jpg\" alt=\"montrer du doigt\" width=\"509\" height=\"339\" \/><\/strong><\/span><\/h2>\r\n<h1 style=\"text-align: center;\"><span style=\"color: #ff6600;\"><strong>Comment cela fonctionne ?\r\n<\/strong><\/span><span style=\"color: #800080;\"><strong>Tout est vibration !<\/strong><\/span><\/h1>\r\n<h2><span style=\"color: #333399;\"><strong>Aussi, si vous g\u00e9n\u00e9rez un jugement envers quelqu'un, la personne le re\u00e7oit sous forme de vibrations bien concr\u00e8tes, tout comme une onde.<\/strong><\/span><\/h2>\r\n<h2><span style=\"color: #666699;\"><strong><img class=\"wp-image-3419 alignleft\" src=\"http:\/\/annerouch.fr\/wp-content\/uploads\/2020\/11\/ricochets-300x94.jpg\" alt=\"ricochets\" width=\"450\" height=\"141\" \/><\/strong><\/span><\/h2>\r\n<h2><span style=\"color: #ff6600;\"><strong>Si le jugement est empreint de violence, sur le plan invisible, il est comme une \"fl\u00e8che vibratoire\"\u00a0 \u00a0et j'ai d\u00e9j\u00e0 parl\u00e9 de cela et expliqu\u00e9 les d\u00e9tails.<\/strong><\/span><\/h2>\r\n<h2><span style=\"color: #333399;\">Il n'y a rien de plus \"encha\u00eenant\" que de juger, car alors, une attache, un lien, une chaine suppl\u00e9mentaire se rajoute aux assujettissements d\u00e9j\u00e0 g\u00e9n\u00e9r\u00e9s avec cette personne, et cela fait comme un enchev\u00eatrement de \"chaines\" qui deviennent de plus en plus lourdes \u00e0 porter, pour vous et pour l'autre.<\/span><\/h2>\r\n<h2><span style=\"color: #ff6600;\"><strong>Mais comment peut-on dire que des vibrations sont \"lourdes\" ?<\/strong><\/span><\/h2>\r\n<h2><span style=\"color: #333399;\"><strong>Tout le monde a d\u00e9j\u00e0 v\u00e9cu au moins une fois le fait de se retrouver \"fatigu\u00e9(e) apr\u00e8s avoir eu une discussion houleuse avec une ou plusieurs personnes.\r\nQue croyez-vous que cela soit, sinon de l'\u00e9nergie qui entre en\u00a0vous ?\r\nC'est un <em><span style=\"color: #7e0bdb;\">\"acharnement\"<\/span><\/em> sur une cible.<\/strong><\/span><\/h2>\r\n<h2><span style=\"color: #666699;\"><strong><span style=\"color: #333399;\">Car il y a l\u00e0<\/span><em><span style=\"color: #7e0bdb;\">\u00a0\"celui qui \"envoie\" <\/span><\/em>et <span style=\"color: #800080;\"><em>\"<\/em><em>celui qui \"re\u00e7oit\"<\/em> ;<\/span> <span style=\"color: #333399;\">tout comme le fonctionnement d'un poste de t\u00e9l\u00e9 ou de radio, o\u00f9 il y a un \u00e9metteur et un r\u00e9cepteur n\u00e9cessaires pour g\u00e9n\u00e9rer une concr\u00e9tisation.<\/span><\/strong><\/span><\/h2>\r\n<h2><span style=\"color: #800080;\"><strong>Imaginez que vous soyez le \"r\u00e9cepteur\", c\u2019est-\u00e0-dire celui qui re\u00e7oit une critique ou un jugement de la part d'une autre personne.\r\n<\/strong><strong>Il peut se passer diff\u00e9rentes choses en vous car il y a 2 fa\u00e7ons de recevoir :<\/strong><\/span><\/h2>\r\n<ol>\r\n \t<li>\r\n<h2><span style=\"color: #7e0bdb;\"><strong>Vous laissez la fr\u00e9quence\/critique passer \u00e0 travers vous, mais\u2026.. ne la retenez pas, elle passe donc et ne vous impacte pas ou tr\u00e8s peu.<\/strong><\/span><\/h2>\r\n<\/li>\r\n<\/ol>\r\n<ol start=\"2\">\r\n \t<li>\r\n<h2><span style=\"color: #7e0bdb;\"><strong>Vous voyez la fr\u00e9quence arriver et vous r\u00e9agissez ; ce qui veut dire que vous lui donnez de la puissance en vous focalisant dessus, elle vous impacte, vous lui donnez toute votre attention en r\u00e9agissant.<\/strong><\/span><\/h2>\r\n<\/li>\r\n<\/ol>\r\n<h2><span style=\"color: #333399;\"><strong>Mais plus encore, \u00e9tant fig\u00e9e et nourrie par votre d'attention, elle va grossir donc, tout ce que vous nourrissez grossit ! Logique.<\/strong><strong>\r\n<\/strong><strong>Si vous en avez \u00e9t\u00e9 \"touch\u00e9\", c'est que vous ne trouvez pas cette projection \"juste\", et vous allez essayer de montrer cela en cherchant \u00e0 justifier ce qui vous parait \u00eatre une \"injustice\".<\/strong><\/span><\/h2>\r\n<h2><span style=\"color: #333399;\"><strong>Il y aura l\u00e0 beaucoup de votre \u00e9nergie d\u00e9pens\u00e9e, et surtout une confiance en vous qui sera en baisse puisque vous ressentez cela d\u00e9valorisant pour vous.\r\nIl est important de reconna\u00eetre ces processus de <\/strong><\/span><span style=\"color: #ff6600;\"><strong><em>\"pompage d'\u00e9nergie\"<\/em><\/strong><\/span><span style=\"color: #333399;\"><strong> qui sont automatiquement g\u00e9n\u00e9r\u00e9s lors de ces processus et \u00e9changes de rapport de force.<\/strong><\/span><\/h2>\r\n<h2><span style=\"color: #333399;\"><strong>Le plus simple est de <em><span style=\"color: #7e0bdb;\">\"l\u00e2cher prise\" <\/span><\/em><span style=\"color: #333399;\">e<\/span>t de laisser passer toutes ces \"<em><span style=\"color: #7e0bdb;\">projections<\/span><\/em>\" qui fusent en permanence, une fois pass\u00e9es sans leur donner votre attention, vous serez lib\u00e9r\u00e9 des chaines lourdes qui vous emprisonnent dans cette prison de \"jugements renvoy\u00e9s\", et vous\u00a0 vous sentirez plus l\u00e9ger instantan\u00e9ment, et non concern\u00e9 surtout !<\/strong><\/span><\/h2>\r\n<h2 style=\"text-align: justify;\"><span style=\"color: #8223c2;\"><strong>Il s'agissait l\u00e0 de vous en tant que subissant le jugement, mais il y a l\u00e0 une le\u00e7on de vie \u00e0 retenir, c'est de ne pas faire aux autres ce que vous n'aimez pas subir vous-m\u00eame des autres !<\/strong><\/span><\/h2>\r\n<h2><span style=\"color: #333399;\"><strong>Donc par ricochets conscients intelligents, \u00e9viter d'\u00e9mettre vous aussi, des jugements sur quiconque, est salutaire.<\/strong><\/span><\/h2>","protected":false},"excerpt":{"rendered":"<p>Le 9 novembre 2020.\u00a0 G\u00e9n\u00e9rer des Jugements\u00a0 G\u00e9n\u00e9rer des jugements sur qui ou quoi que ce soit, est destructeur et bloquant pour l&#8217;\u00e9volution de celui qui les g\u00e9n\u00e8re, et pour celui qui les re\u00e7oit, bien que ce dernier ait la solution de &#8220;nettoyer les projections re\u00e7ues&#8221; par quiconque, consciemment ou inconsciemment. Comment cela fonctionne ? [&hellip;]<\/p>\n","protected":false},"author":1,"featured_media":0,"parent":0,"menu_order":0,"comment_status":"closed","ping_status":"closed","template":"","meta":[],"_links":{"self":[{"href":"http:\/\/annerouch.fr\/index.php\/wp-json\/wp\/v2\/pages\/3417"}],"collection":[{"href":"http:\/\/annerouch.fr\/index.php\/wp-json\/wp\/v2\/pages"}],"about":[{"href":"http:\/\/annerouch.fr\/index.php\/wp-json\/wp\/v2\/types\/page"}],"author":[{"embeddable":true,"href":"http:\/\/annerouch.fr\/index.php\/wp-json\/wp\/v2\/users\/1"}],"replies":[{"embeddable":true,"href":"http:\/\/annerouch.fr\/index.php\/wp-json\/wp\/v2\/comments?post=3417"}],"version-history":[{"count":6,"href":"http:\/\/annerouch.fr\/index.php\/wp-json\/wp\/v2\/pages\/3417\/revisions"}],"predecessor-version":[{"id":4463,"href":"http:\/\/annerouch.fr\/index.php\/wp-json\/wp\/v2\/pages\/3417\/revisions\/4463"}],"wp:attachment":[{"href":"http:\/\/annerouch.fr\/index.php\/wp-json\/wp\/v2\/media?parent=3417"}],"curies":[{"name":"wp","href":"https:\/\/api.w.org\/{rel}","templated":true}]}}