{"id":3411,"date":"2020-11-29T17:41:25","date_gmt":"2020-11-29T16:41:25","guid":{"rendered":"http:\/\/annerouch.fr\/?page_id=3411"},"modified":"2024-09-20T13:41:18","modified_gmt":"2024-09-20T12:41:18","slug":"projections-holographiques","status":"publish","type":"page","link":"http:\/\/annerouch.fr\/index.php\/projections-holographiques\/","title":{"rendered":"Projections holographiques"},"content":{"rendered":"<h2><img class=\"aligncenter\" src=\"https:\/\/cdn.pixabay.com\/photo\/2016\/11\/08\/05\/40\/actor-1807557_960_720.jpg\" alt=\"Acteur, Bangkok, Asie, Arts, Antique, Cambodge\" width=\"562\" height=\"369\" \/><\/h2>\r\n<h2 style=\"text-align: center;\"><strong><span style=\"color: #333399;\">Hologramme de la pi\u00e8ce de th\u00e9\u00e2tre\u00a0de la Vie, un des nombreux livres de nos vies, et le jeu de nos personnages...\r\nIl ne sont qu'une projection qui a besoin d'\u00eatre vue, et lib\u00e9r\u00e9, afin de revenir en notre centre int\u00e9rieur.<\/span><\/strong><\/h2>\r\n<h2 style=\"text-align: center;\"><strong><span style=\"color: #333399;\">Ne pas s'identifier \u00e0 ces personnages,\r\n<\/span><\/strong><strong><span style=\"color: #333399;\">ils me montrent une part de\u00a0ce \"je\" qui joue dans les jeux de\u00a0MA vie,\r\nqui raconte une de mes histoires, pour me montrer que je ne suis pas mes projections.<\/span><\/strong>\r\n<strong> <span style=\"color: #333399;\">Elles ne servent qu'\u00e0 me faire revenir \u00e0 l'essentiel, en mon c\u0153ur.<\/span><\/strong><\/h2>\r\n<h2><span style=\"color: #c41ba0;\"><strong>une exp\u00e9rience en miroir \ud83d\ude42<\/strong><\/span><\/h2>\r\n<h2><span style=\"color: #800080;\"><strong>Ce matin du 1er novembre 2020, j'\u00e9tais dans ma salle de bain, en voyant les miroirs t\u00e2ch\u00e9s par les projections des gouttes d'eau, je me disais :\r\n<em><span style=\"color: #333399;\">\"Il faut sans arr\u00eat nettoyer ces traces, sans quoi on ne voit pas r\u00e9ellement notre image.\"<\/span><\/em><\/strong><\/span><\/h2>\r\n<h2><span style=\"color: #800080;\"><strong>Il faut dire que je commen\u00e7ais \u00e0 me maquiller donc, je ne voulais pas faire n'importe quoi, les filles comprendrons hein ?\r\n<\/strong><\/span><strong style=\"color: #800080;\">Le chiffon micro fibre en main, et \u00e0 mesure que j'enlevais les traces, un \"message\" est arriv\u00e9 tr\u00e8s naturel, simplement, le voici :<\/strong><\/h2>\r\n<blockquote>\r\n<h2 style=\"text-align: justify;\"><span style=\"color: #800080;\"><strong>\u00a0<\/strong><\/span><em><span style=\"color: #333399;\"><strong>\"Effectivement, il est n\u00e9cessaire de nettoyer et de neutraliser les traces laiss\u00e9s par les hologrammes des projections laiss\u00e9es sur le miroir de ta vie, qui ne sont que ce que tu as besoin encore de lib\u00e9rer et de r\u00e9ajuster en toi, le nettoyage lib\u00e8re et lib\u00e8re, jusqu'\u00e0 ce que les projections glissent sans s'accrocher sur le miroir lorsqu'il n'y aura plus de support pour cela.<\/strong><\/span><\/em><\/h2>\r\n<h2 style=\"text-align: justify;\"><em><span style=\"color: #333399;\"><strong>Le support, ce sont les pens\u00e9es fig\u00e9es et r\u00e9cup\u00e9r\u00e9es par le mental, dont les jugements de valeurs erron\u00e9es, tout cela doit \u00eatre lib\u00e9r\u00e9s, et ne plus \u00eatre g\u00e9n\u00e9r\u00e9.<\/strong><\/span><\/em><\/h2>\r\n<h2 style=\"text-align: justify;\"><em><span style=\"color: #333399;\"><strong>Car bient\u00f4t, cela sera plus que n\u00e9cessaire pour glisser tranquillement vers le grand \"passage\" de conscience qui arrive. <\/strong><\/span><\/em><\/h2>\r\n<h2 style=\"text-align: justify;\"><em><span style=\"color: #333399;\"><strong>Tu peux transmettre ce message publiquement, il touchera ceux qui ont l'ouverture du c\u0153ur et de l'esprit.\"<\/strong><\/span><\/em><\/h2>\r\n<p style=\"text-align: justify;\"><img class=\"size-medium wp-image-3413 aligncenter\" src=\"http:\/\/annerouch.fr\/wp-content\/uploads\/2020\/11\/Message-300x182.jpg\" alt=\"Message\" width=\"300\" height=\"182\" \/><\/p>\r\n<\/blockquote>\r\n<h2 style=\"text-align: center;\"><span style=\"color: #800080;\"><strong>Voil\u00e0 une petite le\u00e7on de vie de plus comme baume de douceur.<\/strong><\/span><\/h2>\r\n<h2 style=\"text-align: center;\"><span style=\"color: #800080;\"><strong>(Sourires de mes Guides.. <\/strong><\/span><\/h2>\r\n<h2 style=\"text-align: center;\"><span style=\"color: #800080;\"><strong>Je leur dis : \"Grand Merci !\"<\/strong><\/span><\/h2>\r\n<strong>\u00a0<\/strong>","protected":false},"excerpt":{"rendered":"<p>Hologramme de la pi\u00e8ce de th\u00e9\u00e2tre\u00a0de la Vie, un des nombreux livres de nos vies, et le jeu de nos personnages&#8230; Il ne sont qu&#8217;une projection qui a besoin d&#8217;\u00eatre vue, et lib\u00e9r\u00e9, afin de revenir en notre centre int\u00e9rieur. Ne pas s&#8217;identifier \u00e0 ces personnages, ils me montrent une part de\u00a0ce &#8220;je&#8221; qui joue [&hellip;]<\/p>\n","protected":false},"author":1,"featured_media":0,"parent":0,"menu_order":0,"comment_status":"closed","ping_status":"closed","template":"","meta":[],"_links":{"self":[{"href":"http:\/\/annerouch.fr\/index.php\/wp-json\/wp\/v2\/pages\/3411"}],"collection":[{"href":"http:\/\/annerouch.fr\/index.php\/wp-json\/wp\/v2\/pages"}],"about":[{"href":"http:\/\/annerouch.fr\/index.php\/wp-json\/wp\/v2\/types\/page"}],"author":[{"embeddable":true,"href":"http:\/\/annerouch.fr\/index.php\/wp-json\/wp\/v2\/users\/1"}],"replies":[{"embeddable":true,"href":"http:\/\/annerouch.fr\/index.php\/wp-json\/wp\/v2\/comments?post=3411"}],"version-history":[{"count":8,"href":"http:\/\/annerouch.fr\/index.php\/wp-json\/wp\/v2\/pages\/3411\/revisions"}],"predecessor-version":[{"id":4464,"href":"http:\/\/annerouch.fr\/index.php\/wp-json\/wp\/v2\/pages\/3411\/revisions\/4464"}],"wp:attachment":[{"href":"http:\/\/annerouch.fr\/index.php\/wp-json\/wp\/v2\/media?parent=3411"}],"curies":[{"name":"wp","href":"https:\/\/api.w.org\/{rel}","templated":true}]}}