{"id":341,"date":"2016-06-02T09:37:52","date_gmt":"2016-06-02T08:37:52","guid":{"rendered":"http:\/\/annerouch.fr\/?page_id=341"},"modified":"2021-02-13T17:33:34","modified_gmt":"2021-02-13T16:33:34","slug":"autres-photos","status":"publish","type":"page","link":"http:\/\/annerouch.fr\/index.php\/photos-macros-beaute-de-gaia-terre-mere\/autres-photos\/","title":{"rendered":"G\u00e9nies de la terre &#8211; Racines et macros"},"content":{"rendered":"<!--[if lt IE 9]><script>document.createElement('audio');<\/script><![endif]-->\n<audio class=\"wp-audio-shortcode\" id=\"audio-341-1\" preload=\"none\" style=\"width: 100%;\" controls=\"controls\"><source type=\"audio\/mpeg\" src=\"http:\/\/annerouch.fr\/wp-content\/uploads\/2016\/05\/LUEUR-Musique-libre-de-droits-1.mp3?_=1\" \/><a href=\"http:\/\/annerouch.fr\/wp-content\/uploads\/2016\/05\/LUEUR-Musique-libre-de-droits-1.mp3\">http:\/\/annerouch.fr\/wp-content\/uploads\/2016\/05\/LUEUR-Musique-libre-de-droits-1.mp3<\/a><\/audio>\r\n<h2><\/h2>\r\n\n\t\t<style type=\"text\/css\">\n\t\t\t#gallery-1 {\n\t\t\t\tmargin: auto;\n\t\t\t}\n\t\t\t#gallery-1 .gallery-item {\n\t\t\t\tfloat: left;\n\t\t\t\tmargin-top: 10px;\n\t\t\t\ttext-align: center;\n\t\t\t\twidth: 25%;\n\t\t\t}\n\t\t\t#gallery-1 img {\n\t\t\t\tborder: 2px solid #cfcfcf;\n\t\t\t}\n\t\t\t#gallery-1 .gallery-caption {\n\t\t\t\tmargin-left: 0;\n\t\t\t}\n\t\t\t\/* see gallery_shortcode() in wp-includes\/media.php *\/\n\t\t<\/style>\n\t\t<div id='gallery-1' class='gallery galleryid-341 gallery-columns-4 gallery-size-thumbnail'><dl class='gallery-item'>\n\t\t\t<dt class='gallery-icon landscape'>\n\t\t\t\t<a href='http:\/\/annerouch.fr\/wp-content\/uploads\/2016\/06\/G\u00e9nie-racines2.jpg'><img width=\"150\" height=\"150\" src=\"http:\/\/annerouch.fr\/wp-content\/uploads\/2016\/06\/G\u00e9nie-racines2-150x150.jpg\" class=\"attachment-thumbnail size-thumbnail\" alt=\"\" decoding=\"async\" loading=\"lazy\" aria-describedby=\"gallery-1-3619\" \/><\/a>\n\t\t\t<\/dt>\n\t\t\t\t<dd class='wp-caption-text gallery-caption' id='gallery-1-3619'>\n\t\t\t\tG\u00e9nie d\u00e9racin\u00e9 en pleine for\u00eat\n\t\t\t\t<\/dd><\/dl><dl class='gallery-item'>\n\t\t\t<dt class='gallery-icon landscape'>\n\t\t\t\t<a href='http:\/\/annerouch.fr\/wp-content\/uploads\/2021\/02\/g\u00e9nies-racine-4.jpg'><img width=\"150\" height=\"150\" src=\"http:\/\/annerouch.fr\/wp-content\/uploads\/2021\/02\/g\u00e9nies-racine-4-150x150.jpg\" class=\"attachment-thumbnail size-thumbnail\" alt=\"\" decoding=\"async\" loading=\"lazy\" aria-describedby=\"gallery-1-3592\" \/><\/a>\n\t\t\t<\/dt>\n\t\t\t\t<dd class='wp-caption-text gallery-caption' id='gallery-1-3592'>\n\t\t\t\tG\u00e9nie Racine\n\t\t\t\t<\/dd><\/dl><dl class='gallery-item'>\n\t\t\t<dt class='gallery-icon landscape'>\n\t\t\t\t<a href='http:\/\/annerouch.fr\/wp-content\/uploads\/2021\/02\/plusieurs-g\u00e9nies-en-vue.jpg'><img width=\"150\" height=\"150\" src=\"http:\/\/annerouch.fr\/wp-content\/uploads\/2021\/02\/plusieurs-g\u00e9nies-en-vue-150x150.jpg\" class=\"attachment-thumbnail size-thumbnail\" alt=\"\" decoding=\"async\" loading=\"lazy\" aria-describedby=\"gallery-1-3595\" \/><\/a>\n\t\t\t<\/dt>\n\t\t\t\t<dd class='wp-caption-text gallery-caption' id='gallery-1-3595'>\n\t\t\t\tG\u00e9nie Racine\n\t\t\t\t<\/dd><\/dl><dl class='gallery-item'>\n\t\t\t<dt class='gallery-icon landscape'>\n\t\t\t\t<a href='http:\/\/annerouch.fr\/wp-content\/uploads\/2021\/02\/Emanant-borgne.jpg'><img width=\"150\" height=\"150\" src=\"http:\/\/annerouch.fr\/wp-content\/uploads\/2021\/02\/Emanant-borgne-150x150.jpg\" class=\"attachment-thumbnail size-thumbnail\" alt=\"\" decoding=\"async\" loading=\"lazy\" aria-describedby=\"gallery-1-3596\" \/><\/a>\n\t\t\t<\/dt>\n\t\t\t\t<dd class='wp-caption-text gallery-caption' id='gallery-1-3596'>\n\t\t\t\tG\u00e9nie galet plage\n\t\t\t\t<\/dd><\/dl><br style=\"clear: both\" \/><dl class='gallery-item'>\n\t\t\t<dt class='gallery-icon landscape'>\n\t\t\t\t<a href='http:\/\/annerouch.fr\/wp-content\/uploads\/2021\/02\/Loove.jpg'><img width=\"150\" height=\"150\" src=\"http:\/\/annerouch.fr\/wp-content\/uploads\/2021\/02\/Loove-150x150.jpg\" class=\"attachment-thumbnail size-thumbnail\" alt=\"\" decoding=\"async\" loading=\"lazy\" aria-describedby=\"gallery-1-3597\" \/><\/a>\n\t\t\t<\/dt>\n\t\t\t\t<dd class='wp-caption-text gallery-caption' id='gallery-1-3597'>\n\t\t\t\tG\u00e9nie galet plage\n\t\t\t\t<\/dd><\/dl><dl class='gallery-item'>\n\t\t\t<dt class='gallery-icon landscape'>\n\t\t\t\t<a href='http:\/\/annerouch.fr\/wp-content\/uploads\/2021\/02\/IMG_8185.jpg'><img width=\"150\" height=\"150\" src=\"http:\/\/annerouch.fr\/wp-content\/uploads\/2021\/02\/IMG_8185-150x150.jpg\" class=\"attachment-thumbnail size-thumbnail\" alt=\"\" decoding=\"async\" loading=\"lazy\" \/><\/a>\n\t\t\t<\/dt><\/dl><dl class='gallery-item'>\n\t\t\t<dt class='gallery-icon landscape'>\n\t\t\t\t<a href='http:\/\/annerouch.fr\/wp-content\/uploads\/2021\/02\/IMG_8184.jpg'><img width=\"150\" height=\"150\" src=\"http:\/\/annerouch.fr\/wp-content\/uploads\/2021\/02\/IMG_8184-150x150.jpg\" class=\"attachment-thumbnail size-thumbnail\" alt=\"\" decoding=\"async\" loading=\"lazy\" \/><\/a>\n\t\t\t<\/dt><\/dl><dl class='gallery-item'>\n\t\t\t<dt class='gallery-icon landscape'>\n\t\t\t\t<a href='http:\/\/annerouch.fr\/wp-content\/uploads\/2021\/02\/IMG_8840.jpg'><img width=\"150\" height=\"150\" src=\"http:\/\/annerouch.fr\/wp-content\/uploads\/2021\/02\/IMG_8840-150x150.jpg\" class=\"attachment-thumbnail size-thumbnail\" alt=\"\" decoding=\"async\" loading=\"lazy\" \/><\/a>\n\t\t\t<\/dt><\/dl><br style=\"clear: both\" \/><dl class='gallery-item'>\n\t\t\t<dt class='gallery-icon landscape'>\n\t\t\t\t<a href='http:\/\/annerouch.fr\/wp-content\/uploads\/2021\/02\/IMG_8848.jpg'><img width=\"150\" height=\"150\" src=\"http:\/\/annerouch.fr\/wp-content\/uploads\/2021\/02\/IMG_8848-150x150.jpg\" class=\"attachment-thumbnail size-thumbnail\" alt=\"\" decoding=\"async\" loading=\"lazy\" \/><\/a>\n\t\t\t<\/dt><\/dl><dl class='gallery-item'>\n\t\t\t<dt class='gallery-icon landscape'>\n\t\t\t\t<a href='http:\/\/annerouch.fr\/wp-content\/uploads\/2021\/02\/IMG_8853.jpg'><img width=\"150\" height=\"150\" src=\"http:\/\/annerouch.fr\/wp-content\/uploads\/2021\/02\/IMG_8853-150x150.jpg\" class=\"attachment-thumbnail size-thumbnail\" alt=\"\" decoding=\"async\" loading=\"lazy\" \/><\/a>\n\t\t\t<\/dt><\/dl><dl class='gallery-item'>\n\t\t\t<dt class='gallery-icon landscape'>\n\t\t\t\t<a href='http:\/\/annerouch.fr\/wp-content\/uploads\/2021\/02\/IMG_8859.jpg'><img width=\"150\" height=\"150\" src=\"http:\/\/annerouch.fr\/wp-content\/uploads\/2021\/02\/IMG_8859-150x150.jpg\" class=\"attachment-thumbnail size-thumbnail\" alt=\"\" decoding=\"async\" loading=\"lazy\" \/><\/a>\n\t\t\t<\/dt><\/dl><dl class='gallery-item'>\n\t\t\t<dt class='gallery-icon landscape'>\n\t\t\t\t<a href='http:\/\/annerouch.fr\/wp-content\/uploads\/2021\/02\/IMG_8860.jpg'><img width=\"150\" height=\"150\" src=\"http:\/\/annerouch.fr\/wp-content\/uploads\/2021\/02\/IMG_8860-150x150.jpg\" class=\"attachment-thumbnail size-thumbnail\" alt=\"\" decoding=\"async\" loading=\"lazy\" \/><\/a>\n\t\t\t<\/dt><\/dl><br style=\"clear: both\" \/><dl class='gallery-item'>\n\t\t\t<dt class='gallery-icon landscape'>\n\t\t\t\t<a href='http:\/\/annerouch.fr\/wp-content\/uploads\/2021\/02\/IMG_8869.jpg'><img width=\"150\" height=\"150\" src=\"http:\/\/annerouch.fr\/wp-content\/uploads\/2021\/02\/IMG_8869-150x150.jpg\" class=\"attachment-thumbnail size-thumbnail\" alt=\"\" decoding=\"async\" loading=\"lazy\" \/><\/a>\n\t\t\t<\/dt><\/dl><dl class='gallery-item'>\n\t\t\t<dt class='gallery-icon portrait'>\n\t\t\t\t<a href='http:\/\/annerouch.fr\/wp-content\/uploads\/2021\/02\/20170617_161643.jpg'><img width=\"150\" height=\"150\" src=\"http:\/\/annerouch.fr\/wp-content\/uploads\/2021\/02\/20170617_161643-150x150.jpg\" class=\"attachment-thumbnail size-thumbnail\" alt=\"\" decoding=\"async\" loading=\"lazy\" aria-describedby=\"gallery-1-3584\" \/><\/a>\n\t\t\t<\/dt>\n\t\t\t\t<dd class='wp-caption-text gallery-caption' id='gallery-1-3584'>\n\t\t\t\tOrbe guide\n\t\t\t\t<\/dd><\/dl><dl class='gallery-item'>\n\t\t\t<dt class='gallery-icon landscape'>\n\t\t\t\t<a href='http:\/\/annerouch.fr\/wp-content\/uploads\/2021\/02\/Coeur-trouve-a-boissezon-2.jpg'><img width=\"150\" height=\"150\" src=\"http:\/\/annerouch.fr\/wp-content\/uploads\/2021\/02\/Coeur-trouve-a-boissezon-2-150x150.jpg\" class=\"attachment-thumbnail size-thumbnail\" alt=\"\" decoding=\"async\" loading=\"lazy\" aria-describedby=\"gallery-1-3587\" \/><\/a>\n\t\t\t<\/dt>\n\t\t\t\t<dd class='wp-caption-text gallery-caption' id='gallery-1-3587'>\n\t\t\t\tCoeur en for\u00eat\n\t\t\t\t<\/dd><\/dl><dl class='gallery-item'>\n\t\t\t<dt class='gallery-icon landscape'>\n\t\t\t\t<a href='http:\/\/annerouch.fr\/wp-content\/uploads\/2021\/02\/Croix-Christique-compact.jpg'><img width=\"150\" height=\"150\" src=\"http:\/\/annerouch.fr\/wp-content\/uploads\/2021\/02\/Croix-Christique-compact-150x150.jpg\" class=\"attachment-thumbnail size-thumbnail\" alt=\"\" decoding=\"async\" loading=\"lazy\" \/><\/a>\n\t\t\t<\/dt><\/dl><br style=\"clear: both\" \/><dl class='gallery-item'>\n\t\t\t<dt class='gallery-icon landscape'>\n\t\t\t\t<a href='http:\/\/annerouch.fr\/wp-content\/uploads\/2021\/02\/Croix-christique-t\u00e9l-port-2016.jpg'><img width=\"150\" height=\"150\" src=\"http:\/\/annerouch.fr\/wp-content\/uploads\/2021\/02\/Croix-christique-t\u00e9l-port-2016-150x150.jpg\" class=\"attachment-thumbnail size-thumbnail\" alt=\"\" decoding=\"async\" loading=\"lazy\" aria-describedby=\"gallery-1-3589\" \/><\/a>\n\t\t\t<\/dt>\n\t\t\t\t<dd class='wp-caption-text gallery-caption' id='gallery-1-3589'>\n\t\t\t\tManifestation des Etres de Lumi\u00e8re\n\t\t\t\t<\/dd><\/dl><dl class='gallery-item'>\n\t\t\t<dt class='gallery-icon landscape'>\n\t\t\t\t<a href='http:\/\/annerouch.fr\/wp-content\/uploads\/2021\/02\/Nuage-g\u00e9nie.jpg'><img width=\"150\" height=\"150\" src=\"http:\/\/annerouch.fr\/wp-content\/uploads\/2021\/02\/Nuage-g\u00e9nie-150x150.jpg\" class=\"attachment-thumbnail size-thumbnail\" alt=\"\" decoding=\"async\" loading=\"lazy\" aria-describedby=\"gallery-1-3590\" \/><\/a>\n\t\t\t<\/dt>\n\t\t\t\t<dd class='wp-caption-text gallery-caption' id='gallery-1-3590'>\n\t\t\t\tDans le ciel\n\t\t\t\t<\/dd><\/dl><dl class='gallery-item'>\n\t\t\t<dt class='gallery-icon landscape'>\n\t\t\t\t<a href='http:\/\/annerouch.fr\/wp-content\/uploads\/2021\/02\/g\u00e9nie-de-la-terre-GP.jpg'><img width=\"150\" height=\"150\" src=\"http:\/\/annerouch.fr\/wp-content\/uploads\/2021\/02\/g\u00e9nie-de-la-terre-GP-150x150.jpg\" class=\"attachment-thumbnail size-thumbnail\" alt=\"\" decoding=\"async\" loading=\"lazy\" aria-describedby=\"gallery-1-3613\" \/><\/a>\n\t\t\t<\/dt>\n\t\t\t\t<dd class='wp-caption-text gallery-caption' id='gallery-1-3613'>\n\t\t\t\tG\u00e9nie racine\n\t\t\t\t<\/dd><\/dl><dl class='gallery-item'>\n\t\t\t<dt class='gallery-icon landscape'>\n\t\t\t\t<a href='http:\/\/annerouch.fr\/wp-content\/uploads\/2016\/06\/feuilles-rges.jpg'><img width=\"150\" height=\"150\" src=\"http:\/\/annerouch.fr\/wp-content\/uploads\/2016\/06\/feuilles-rges-150x150.jpg\" class=\"attachment-thumbnail size-thumbnail\" alt=\"\" decoding=\"async\" loading=\"lazy\" aria-describedby=\"gallery-1-414\" \/><\/a>\n\t\t\t<\/dt>\n\t\t\t\t<dd class='wp-caption-text gallery-caption' id='gallery-1-414'>\n\t\t\t\tBeaut\u00e9 d&#8217;Automne\n\t\t\t\t<\/dd><\/dl><br style=\"clear: both\" \/><dl class='gallery-item'>\n\t\t\t<dt class='gallery-icon landscape'>\n\t\t\t\t<a href='http:\/\/annerouch.fr\/wp-content\/uploads\/2016\/06\/tulipe.jpg'><img width=\"150\" height=\"150\" src=\"http:\/\/annerouch.fr\/wp-content\/uploads\/2016\/06\/tulipe-150x150.jpg\" class=\"attachment-thumbnail size-thumbnail\" alt=\"\" decoding=\"async\" loading=\"lazy\" \/><\/a>\n\t\t\t<\/dt><\/dl><dl class='gallery-item'>\n\t\t\t<dt class='gallery-icon landscape'>\n\t\t\t\t<a href='http:\/\/annerouch.fr\/wp-content\/uploads\/2016\/06\/rose.jpg'><img width=\"150\" height=\"150\" src=\"http:\/\/annerouch.fr\/wp-content\/uploads\/2016\/06\/rose-150x150.jpg\" class=\"attachment-thumbnail size-thumbnail\" alt=\"\" decoding=\"async\" loading=\"lazy\" \/><\/a>\n\t\t\t<\/dt><\/dl><dl class='gallery-item'>\n\t\t\t<dt class='gallery-icon landscape'>\n\t\t\t\t<a href='http:\/\/annerouch.fr\/wp-content\/uploads\/2016\/06\/raisins.jpg'><img width=\"150\" height=\"150\" src=\"http:\/\/annerouch.fr\/wp-content\/uploads\/2016\/06\/raisins-150x150.jpg\" class=\"attachment-thumbnail size-thumbnail\" alt=\"\" decoding=\"async\" loading=\"lazy\" \/><\/a>\n\t\t\t<\/dt><\/dl><dl class='gallery-item'>\n\t\t\t<dt class='gallery-icon landscape'>\n\t\t\t\t<a href='http:\/\/annerouch.fr\/wp-content\/uploads\/2016\/06\/ppillon.jpg'><img width=\"150\" height=\"150\" src=\"http:\/\/annerouch.fr\/wp-content\/uploads\/2016\/06\/ppillon-150x150.jpg\" class=\"attachment-thumbnail size-thumbnail\" alt=\"\" decoding=\"async\" loading=\"lazy\" \/><\/a>\n\t\t\t<\/dt><\/dl><br style=\"clear: both\" \/><dl class='gallery-item'>\n\t\t\t<dt class='gallery-icon landscape'>\n\t\t\t\t<a href='http:\/\/annerouch.fr\/wp-content\/uploads\/2016\/06\/perce-neige.jpg'><img width=\"150\" height=\"150\" src=\"http:\/\/annerouch.fr\/wp-content\/uploads\/2016\/06\/perce-neige-150x150.jpg\" class=\"attachment-thumbnail size-thumbnail\" alt=\"\" decoding=\"async\" loading=\"lazy\" \/><\/a>\n\t\t\t<\/dt><\/dl><dl class='gallery-item'>\n\t\t\t<dt class='gallery-icon landscape'>\n\t\t\t\t<a href='http:\/\/annerouch.fr\/wp-content\/uploads\/2016\/06\/paysage.jpg'><img width=\"150\" height=\"150\" src=\"http:\/\/annerouch.fr\/wp-content\/uploads\/2016\/06\/paysage-150x150.jpg\" class=\"attachment-thumbnail size-thumbnail\" alt=\"\" decoding=\"async\" loading=\"lazy\" \/><\/a>\n\t\t\t<\/dt><\/dl><dl class='gallery-item'>\n\t\t\t<dt class='gallery-icon landscape'>\n\t\t\t\t<a href='http:\/\/annerouch.fr\/wp-content\/uploads\/2016\/06\/pays-omb.jpg'><img width=\"150\" height=\"150\" src=\"http:\/\/annerouch.fr\/wp-content\/uploads\/2016\/06\/pays-omb-150x150.jpg\" class=\"attachment-thumbnail size-thumbnail\" alt=\"\" decoding=\"async\" loading=\"lazy\" \/><\/a>\n\t\t\t<\/dt><\/dl><dl class='gallery-item'>\n\t\t\t<dt class='gallery-icon landscape'>\n\t\t\t\t<a href='http:\/\/annerouch.fr\/wp-content\/uploads\/2016\/06\/oeuillet.jpg'><img width=\"150\" height=\"150\" src=\"http:\/\/annerouch.fr\/wp-content\/uploads\/2016\/06\/oeuillet-150x150.jpg\" class=\"attachment-thumbnail size-thumbnail\" alt=\"\" decoding=\"async\" loading=\"lazy\" \/><\/a>\n\t\t\t<\/dt><\/dl><br style=\"clear: both\" \/><dl class='gallery-item'>\n\t\t\t<dt class='gallery-icon landscape'>\n\t\t\t\t<a href='http:\/\/annerouch.fr\/wp-content\/uploads\/2016\/06\/Image4.jpg'><img width=\"150\" height=\"150\" src=\"http:\/\/annerouch.fr\/wp-content\/uploads\/2016\/06\/Image4-150x150.jpg\" class=\"attachment-thumbnail size-thumbnail\" alt=\"\" decoding=\"async\" loading=\"lazy\" \/><\/a>\n\t\t\t<\/dt><\/dl><dl class='gallery-item'>\n\t\t\t<dt class='gallery-icon landscape'>\n\t\t\t\t<a href='http:\/\/annerouch.fr\/wp-content\/uploads\/2016\/06\/muguet.jpg'><img width=\"150\" height=\"150\" src=\"http:\/\/annerouch.fr\/wp-content\/uploads\/2016\/06\/muguet-150x150.jpg\" class=\"attachment-thumbnail size-thumbnail\" alt=\"\" decoding=\"async\" loading=\"lazy\" \/><\/a>\n\t\t\t<\/dt><\/dl><dl class='gallery-item'>\n\t\t\t<dt class='gallery-icon landscape'>\n\t\t\t\t<a href='http:\/\/annerouch.fr\/wp-content\/uploads\/2016\/06\/moutons.jpg'><img width=\"150\" height=\"150\" src=\"http:\/\/annerouch.fr\/wp-content\/uploads\/2016\/06\/moutons-150x150.jpg\" class=\"attachment-thumbnail size-thumbnail\" alt=\"\" decoding=\"async\" loading=\"lazy\" \/><\/a>\n\t\t\t<\/dt><\/dl><dl class='gallery-item'>\n\t\t\t<dt class='gallery-icon landscape'>\n\t\t\t\t<a href='http:\/\/annerouch.fr\/wp-content\/uploads\/2016\/06\/minifougere.jpg'><img width=\"150\" height=\"150\" src=\"http:\/\/annerouch.fr\/wp-content\/uploads\/2016\/06\/minifougere-150x150.jpg\" class=\"attachment-thumbnail size-thumbnail\" alt=\"\" decoding=\"async\" loading=\"lazy\" \/><\/a>\n\t\t\t<\/dt><\/dl><br style=\"clear: both\" \/><dl class='gallery-item'>\n\t\t\t<dt class='gallery-icon landscape'>\n\t\t\t\t<a href='http:\/\/annerouch.fr\/wp-content\/uploads\/2016\/06\/marguer.jpg'><img width=\"150\" height=\"150\" src=\"http:\/\/annerouch.fr\/wp-content\/uploads\/2016\/06\/marguer-150x150.jpg\" class=\"attachment-thumbnail size-thumbnail\" alt=\"\" decoding=\"async\" loading=\"lazy\" \/><\/a>\n\t\t\t<\/dt><\/dl><dl class='gallery-item'>\n\t\t\t<dt class='gallery-icon landscape'>\n\t\t\t\t<a href='http:\/\/annerouch.fr\/wp-content\/uploads\/2016\/06\/Image1.jpg'><img width=\"150\" height=\"150\" src=\"http:\/\/annerouch.fr\/wp-content\/uploads\/2016\/06\/Image1-150x150.jpg\" class=\"attachment-thumbnail size-thumbnail\" alt=\"\" decoding=\"async\" loading=\"lazy\" \/><\/a>\n\t\t\t<\/dt><\/dl><dl class='gallery-item'>\n\t\t\t<dt class='gallery-icon landscape'>\n\t\t\t\t<a href='http:\/\/annerouch.fr\/wp-content\/uploads\/2016\/06\/fleur-prunus.jpg'><img width=\"150\" height=\"150\" src=\"http:\/\/annerouch.fr\/wp-content\/uploads\/2016\/06\/fleur-prunus-150x150.jpg\" class=\"attachment-thumbnail size-thumbnail\" alt=\"\" decoding=\"async\" loading=\"lazy\" \/><\/a>\n\t\t\t<\/dt><\/dl><dl class='gallery-item'>\n\t\t\t<dt class='gallery-icon landscape'>\n\t\t\t\t<a href='http:\/\/annerouch.fr\/wp-content\/uploads\/2016\/06\/fleur-pissenlit.jpg'><img width=\"150\" height=\"150\" src=\"http:\/\/annerouch.fr\/wp-content\/uploads\/2016\/06\/fleur-pissenlit-150x150.jpg\" class=\"attachment-thumbnail size-thumbnail\" alt=\"\" decoding=\"async\" loading=\"lazy\" \/><\/a>\n\t\t\t<\/dt><\/dl><br style=\"clear: both\" \/><dl class='gallery-item'>\n\t\t\t<dt class='gallery-icon landscape'>\n\t\t\t\t<a href='http:\/\/annerouch.fr\/wp-content\/uploads\/2016\/06\/fleur-de-bourrache.jpg'><img width=\"150\" height=\"150\" src=\"http:\/\/annerouch.fr\/wp-content\/uploads\/2016\/06\/fleur-de-bourrache-150x150.jpg\" class=\"attachment-thumbnail size-thumbnail\" alt=\"\" decoding=\"async\" loading=\"lazy\" \/><\/a>\n\t\t\t<\/dt><\/dl><dl class='gallery-item'>\n\t\t\t<dt class='gallery-icon landscape'>\n\t\t\t\t<a href='http:\/\/annerouch.fr\/wp-content\/uploads\/2016\/06\/crocus.jpg'><img width=\"150\" height=\"150\" src=\"http:\/\/annerouch.fr\/wp-content\/uploads\/2016\/06\/crocus-150x150.jpg\" class=\"attachment-thumbnail size-thumbnail\" alt=\"\" decoding=\"async\" loading=\"lazy\" \/><\/a>\n\t\t\t<\/dt><\/dl><dl class='gallery-item'>\n\t\t\t<dt class='gallery-icon landscape'>\n\t\t\t\t<a href='http:\/\/annerouch.fr\/wp-content\/uploads\/2016\/06\/crocus-2.jpg'><img width=\"150\" height=\"150\" src=\"http:\/\/annerouch.fr\/wp-content\/uploads\/2016\/06\/crocus-2-150x150.jpg\" class=\"attachment-thumbnail size-thumbnail\" alt=\"\" decoding=\"async\" loading=\"lazy\" \/><\/a>\n\t\t\t<\/dt><\/dl><dl class='gallery-item'>\n\t\t\t<dt class='gallery-icon landscape'>\n\t\t\t\t<a href='http:\/\/annerouch.fr\/wp-content\/uploads\/2016\/06\/cocci.jpg'><img width=\"150\" height=\"150\" src=\"http:\/\/annerouch.fr\/wp-content\/uploads\/2016\/06\/cocci-150x150.jpg\" class=\"attachment-thumbnail size-thumbnail\" alt=\"\" decoding=\"async\" loading=\"lazy\" \/><\/a>\n\t\t\t<\/dt><\/dl><br style=\"clear: both\" \/><dl class='gallery-item'>\n\t\t\t<dt class='gallery-icon landscape'>\n\t\t\t\t<a href='http:\/\/annerouch.fr\/wp-content\/uploads\/2016\/06\/chardon.jpg'><img width=\"150\" height=\"150\" src=\"http:\/\/annerouch.fr\/wp-content\/uploads\/2016\/06\/chardon-150x150.jpg\" class=\"attachment-thumbnail size-thumbnail\" alt=\"\" decoding=\"async\" loading=\"lazy\" \/><\/a>\n\t\t\t<\/dt><\/dl><dl class='gallery-item'>\n\t\t\t<dt class='gallery-icon landscape'>\n\t\t\t\t<a href='http:\/\/annerouch.fr\/wp-content\/uploads\/2016\/06\/bouton-de-rose.jpg'><img width=\"150\" height=\"150\" src=\"http:\/\/annerouch.fr\/wp-content\/uploads\/2016\/06\/bouton-de-rose-150x150.jpg\" class=\"attachment-thumbnail size-thumbnail\" alt=\"\" decoding=\"async\" loading=\"lazy\" \/><\/a>\n\t\t\t<\/dt><\/dl><dl class='gallery-item'>\n\t\t\t<dt class='gallery-icon landscape'>\n\t\t\t\t<a href='http:\/\/annerouch.fr\/wp-content\/uploads\/2016\/06\/Image3.jpg'><img width=\"150\" height=\"150\" src=\"http:\/\/annerouch.fr\/wp-content\/uploads\/2016\/06\/Image3-150x150.jpg\" class=\"attachment-thumbnail size-thumbnail\" alt=\"\" decoding=\"async\" loading=\"lazy\" \/><\/a>\n\t\t\t<\/dt><\/dl><dl class='gallery-item'>\n\t\t\t<dt class='gallery-icon landscape'>\n\t\t\t\t<a href='http:\/\/annerouch.fr\/wp-content\/uploads\/2016\/06\/Image2.jpg'><img width=\"150\" height=\"150\" src=\"http:\/\/annerouch.fr\/wp-content\/uploads\/2016\/06\/Image2-150x150.jpg\" class=\"attachment-thumbnail size-thumbnail\" alt=\"\" decoding=\"async\" loading=\"lazy\" \/><\/a>\n\t\t\t<\/dt><\/dl><br style=\"clear: both\" \/>\n\t\t<\/div>\n","protected":false},"excerpt":{"rendered":"","protected":false},"author":1,"featured_media":0,"parent":308,"menu_order":0,"comment_status":"closed","ping_status":"closed","template":"","meta":[],"_links":{"self":[{"href":"http:\/\/annerouch.fr\/index.php\/wp-json\/wp\/v2\/pages\/341"}],"collection":[{"href":"http:\/\/annerouch.fr\/index.php\/wp-json\/wp\/v2\/pages"}],"about":[{"href":"http:\/\/annerouch.fr\/index.php\/wp-json\/wp\/v2\/types\/page"}],"author":[{"embeddable":true,"href":"http:\/\/annerouch.fr\/index.php\/wp-json\/wp\/v2\/users\/1"}],"replies":[{"embeddable":true,"href":"http:\/\/annerouch.fr\/index.php\/wp-json\/wp\/v2\/comments?post=341"}],"version-history":[{"count":10,"href":"http:\/\/annerouch.fr\/index.php\/wp-json\/wp\/v2\/pages\/341\/revisions"}],"predecessor-version":[{"id":3621,"href":"http:\/\/annerouch.fr\/index.php\/wp-json\/wp\/v2\/pages\/341\/revisions\/3621"}],"up":[{"embeddable":true,"href":"http:\/\/annerouch.fr\/index.php\/wp-json\/wp\/v2\/pages\/308"}],"wp:attachment":[{"href":"http:\/\/annerouch.fr\/index.php\/wp-json\/wp\/v2\/media?parent=341"}],"curies":[{"name":"wp","href":"https:\/\/api.w.org\/{rel}","templated":true}]}}