{"id":3148,"date":"2019-03-30T19:11:50","date_gmt":"2019-03-30T18:11:50","guid":{"rendered":"http:\/\/annerouch.fr\/?page_id=3148"},"modified":"2023-04-22T14:36:23","modified_gmt":"2023-04-22T13:36:23","slug":"3148-2","status":"publish","type":"page","link":"http:\/\/annerouch.fr\/index.php\/les-formations-energetiques-de-liberations-personnelles\/3148-2\/","title":{"rendered":"Le Nettoyage Energ\u00e9tique"},"content":{"rendered":"<h2 style=\"text-align: center;\"><strong><span style=\"color: #333399;\">\u00a0SE NETTOYER \u00c9NERG\u00c9TIQUEMENT ET PHYSIQUEMENT,\r\nc'est possible !<\/span><\/strong><\/h2>\r\n<h2 style=\"text-align: center;\"><strong><a href=\"http:\/\/annerouch.fr\/wp-content\/uploads\/2019\/03\/enfant-m\u00e9dite.jpg\" target=\"_blank\"><img class=\"aligncenter wp-image-3149\" src=\"http:\/\/annerouch.fr\/wp-content\/uploads\/2019\/03\/enfant-m\u00e9dite-300x200.jpg\" alt=\"enfant m\u00e9dite\" width=\"428\" height=\"287\" \/><\/a><\/strong><\/h2>\r\n<h2 style=\"text-align: center;\"><span style=\"color: #a016e0;\"><strong>Vous avez actuellement des journ\u00e9es fatigantes ? Moi aussi !<\/strong><\/span><\/h2>\r\n<h3 style=\"text-align: center;\"><span style=\"color: #a016e0;\"><strong>Alors, j'ai d\u00e9cid\u00e9 de prendre le temps - M\u00eame si ce n'est que quelques minutes,\u00a0ce temps de reconnexion vers ma force vitale.<\/strong><\/span><\/h3>\r\n<h3><span style=\"color: #db0b69;\"><strong>Tous les jours, vous prenez une douche, vous lavez vos dents !\r\nIl est tr\u00e8s important de comprendre d'o\u00f9 peuvent venir aussi nos <em>\"fatigues\".<\/em><\/strong><\/span><\/h3>\r\n<h3><span style=\"color: #db0b69;\"><strong>Beaucoup de gens constatent que lorsqu'ils reviennent d'un lieu public, supermarch\u00e9 ou autre, il sont fatigu\u00e9s, comme s'ils portaient une charge sur leurs \u00e9paules !<\/strong><\/span><\/h3>\r\n<h3><span style=\"color: #db0b69;\"><strong>Cela vient du fait que nos corps \u00e9nerg\u00e9tiques <em>\"pompent\"<\/em> plus ou moins ce que les autres personnes projettent sur eux et qui ne leur appartient pas.<\/strong><\/span><\/h3>\r\n<h3><strong><span style=\"color: #db0b69;\">Il est essentiel de savoir se \"<em>nettoyer<\/em>\" quotidiennement sur le plan \u00e9nerg\u00e9tique, nettoyage personnel (corps subtils), ou nettoyage des \"lieux\", autant le lieu de vie que le cabinet professionnel.<\/span><\/strong><\/h3>\r\n<h3><span style=\"color: #800080;\"><strong>Saisissez \u00a0l'importance de prendre le temps de recharger le corps et l'esprit, car beaucoup de bienfaits en d\u00e9coulent !\u00a0<\/strong><\/span><span style=\"color: #800080;\"><strong>Il y a des pratiques qui font vraiment du bien, et dont on ressent clairement et tout de suite, les effets b\u00e9n\u00e9fiques si on prend le temps de se poser, et de les appliquer.<\/strong><\/span><\/h3>\r\n<h3><span style=\"color: #800080;\"><strong>M\u00eame si on ne se pose qu'un petit quart d'heure, on se ressource, on reprend go\u00fbt \u00e0 respirer vraiment, ainsi notre corps et notre \u00e9nergie en sont r\u00e9confort\u00e9s !<\/strong><\/span><\/h3>\r\n<h3><span style=\"color: #800080;\"><strong>Une petite pose de m\u00e9ditation par exemple, apporte beaucoup de bienfaits, si votre fatigue s'accumule, alors essayez de pratiquer\u00a0 juste 10 mn !<\/strong><\/span><\/h3>\r\n<h3><span style=\"color: #800080;\"><strong>C'est un temps de repos qui apaise le mental lorsqu'il est agit\u00e9, de repos du corps aussi, et de reconnexion avec Soi, surtout !<\/strong><\/span><\/h3>\r\n<h2 style=\"text-align: center;\"><span style=\"color: #800080;\"><strong>On a l'impression alors que l'on revient en notre \"<span style=\"color: #333399;\">centre<\/span>\", et que l'on s'assoie dans le\u00a0 fauteuil \"dor\u00e9\" de notre c\u0153ur, et cela fait un bien fou !<\/strong><\/span><\/h2>\r\n<h3><span style=\"color: #333399;\"><strong>Vous nettoyez votre corps d\u00e8s qu'il en a besoin, pour ressentir les bienfaits de la purification de l'eau sur votre corps, en prenant votre douche ou vous mettre dans un bon bain parfum\u00e9 !<\/strong><\/span><\/h3>\r\n<h3><span style=\"color: #333399;\"><strong>Il est tr\u00e8s curieux que beaucoup de personnes ne pensent pas \u00e0 nettoyer leurs propres \u00e9nergies, et celles de leur \"environnement\", (maison, cabinet de travail), \u00a0d\u00e8s qu'ils ressentent une baisse de leur force vitale, qu'elle soit mentale ou physique !<\/strong><\/span><\/h3>\r\n<h2><img class=\"aligncenter\" src=\"https:\/\/cdn.pixabay.com\/photo\/2016\/11\/14\/04\/54\/woman-1822646_960_720.jpg\" srcset=\"https:\/\/cdn.pixabay.com\/photo\/2016\/11\/14\/04\/54\/woman-1822646_960_720.jpg 1x, https:\/\/cdn.pixabay.com\/photo\/2016\/11\/14\/04\/54\/woman-1822646_1280.jpg 1.333x\" alt=\"Femme, \u00c0 Laver, Vietnam, Asie, Jeune, Beauliful\" width=\"636\" height=\"375\" \/><\/h2>\r\n<h3><span style=\"color: #800080;\"><strong>Tout comme vous vous brossez les dents quotidiennement pour les garder \"saines\" le plus longtemps possible, les \u00e9nergies qui entourent votre corps\u00a0 ont aussi besoin de vos soins pour \u00eatre quotidiennement nettoy\u00e9es.<\/strong><\/span><\/h3>\r\n<h2 style=\"text-align: center;\"><span style=\"color: #a016e0;\"><strong>Tout est\u00a0 vibration ici bas !<\/strong><\/span><\/h2>\r\n<h3><span style=\"color: #a016e0;\"><strong>Tous les jours, sans s'en rendre compte, vous recevez pourtant bien les projections de pens\u00e9es que les personnes que vous c\u00f4toyez vous envoient. Si ce sont de belles pens\u00e9es d'amour, d'amiti\u00e9, de reconnaissance, de remerciement, tr\u00e8s positives donc, cela vous ne vous fera que du bien !<\/strong><\/span><\/h3>\r\n<h3><span style=\"color: #a016e0;\"><strong>Par contre, si vous c\u00f4toyez des personnes n\u00e9gatives, tristes, angoiss\u00e9es, en col\u00e8re, n\u00e9gatives, et pour peu que vous soyez fatigu\u00e9, vous recevez ainsi des projections n\u00e9gatives des autres, et cela peut vous affecter sans que vous ne vous en rendiez forc\u00e9ment compte.<\/strong><\/span><\/h3>\r\n<h3><span style=\"color: #a016e0;\"><strong>Tout comme ce que vous projetez vous-m\u00eame autour de vous, peut alourdir l'atmosph\u00e8re de votre vie quotidienne si cela est n\u00e9gatif, morose, ou triste.<\/strong><\/span><\/h3>\r\n<h3><span style=\"color: #a016e0;\"><strong>Il existe des outils simples \u00e0 utiliser, et qui font la diff\u00e9rence sur vous-m\u00eame, et dans votre environnement quotidien !<\/strong><\/span><\/h3>\r\n<a href=\"http:\/\/annerouch.fr\/wp-content\/uploads\/2019\/03\/drops-of-water-578897_960_720.jpg\" target=\"_blank\"><img class=\"aligncenter wp-image-3151\" src=\"http:\/\/annerouch.fr\/wp-content\/uploads\/2019\/03\/drops-of-water-578897_960_720-300x200.jpg\" alt=\"drops-of-water-578897_960_720\" width=\"437\" height=\"293\" \/><\/a>\r\n<h3><\/h3>\r\n<h2 style=\"text-align: center;\"><\/h2>","protected":false},"excerpt":{"rendered":"<p>\u00a0SE NETTOYER \u00c9NERG\u00c9TIQUEMENT ET PHYSIQUEMENT, c&#8217;est possible ! Vous avez actuellement des journ\u00e9es fatigantes ? Moi aussi ! Alors, j&#8217;ai d\u00e9cid\u00e9 de prendre le temps &#8211; M\u00eame si ce n&#8217;est que quelques minutes,\u00a0ce temps de reconnexion vers ma force vitale. Tous les jours, vous prenez une douche, vous lavez vos dents ! Il est tr\u00e8s [&hellip;]<\/p>\n","protected":false},"author":1,"featured_media":0,"parent":3119,"menu_order":0,"comment_status":"closed","ping_status":"closed","template":"","meta":[],"_links":{"self":[{"href":"http:\/\/annerouch.fr\/index.php\/wp-json\/wp\/v2\/pages\/3148"}],"collection":[{"href":"http:\/\/annerouch.fr\/index.php\/wp-json\/wp\/v2\/pages"}],"about":[{"href":"http:\/\/annerouch.fr\/index.php\/wp-json\/wp\/v2\/types\/page"}],"author":[{"embeddable":true,"href":"http:\/\/annerouch.fr\/index.php\/wp-json\/wp\/v2\/users\/1"}],"replies":[{"embeddable":true,"href":"http:\/\/annerouch.fr\/index.php\/wp-json\/wp\/v2\/comments?post=3148"}],"version-history":[{"count":12,"href":"http:\/\/annerouch.fr\/index.php\/wp-json\/wp\/v2\/pages\/3148\/revisions"}],"predecessor-version":[{"id":4264,"href":"http:\/\/annerouch.fr\/index.php\/wp-json\/wp\/v2\/pages\/3148\/revisions\/4264"}],"up":[{"embeddable":true,"href":"http:\/\/annerouch.fr\/index.php\/wp-json\/wp\/v2\/pages\/3119"}],"wp:attachment":[{"href":"http:\/\/annerouch.fr\/index.php\/wp-json\/wp\/v2\/media?parent=3148"}],"curies":[{"name":"wp","href":"https:\/\/api.w.org\/{rel}","templated":true}]}}