{"id":3139,"date":"2019-03-30T18:50:30","date_gmt":"2019-03-30T17:50:30","guid":{"rendered":"http:\/\/annerouch.fr\/?page_id=3139"},"modified":"2025-02-04T10:12:52","modified_gmt":"2025-02-04T09:12:52","slug":"3139-2","status":"publish","type":"page","link":"http:\/\/annerouch.fr\/index.php\/les-formations-energetiques-de-liberations-personnelles\/3139-2\/","title":{"rendered":"Accompagnant en lib\u00e9rations karmiques"},"content":{"rendered":"<!--[if lt IE 9]><script>document.createElement('audio');<\/script><![endif]-->\n<audio class=\"wp-audio-shortcode\" id=\"audio-3139-1\" loop=\"1\" autoplay=\"1\" preload=\"auto\" style=\"width: 100%;\" controls=\"controls\"><source type=\"audio\/mpeg\" src=\"http:\/\/annerouch.fr\/wp-content\/uploads\/2019\/03\/birds39-forest-20772.mp3?_=1\" \/><a href=\"http:\/\/annerouch.fr\/wp-content\/uploads\/2019\/03\/birds39-forest-20772.mp3\">http:\/\/annerouch.fr\/wp-content\/uploads\/2019\/03\/birds39-forest-20772.mp3<\/a><\/audio>\r\n<h2 style=\"text-align: center;\"><\/h2>\r\n<h1 style=\"text-align: center;\"><span style=\"color: #de188f;\"><a style=\"color: #de188f;\" href=\"https:\/\/emmanuelferran.com\/comment-nettoyer-son-karma\/\"><strong>Le karma est\u00a0le r\u00e9sultat de la Loi de cause \u00e0 effet,\r\nnous r\u00e9coltons les fruits des graines vibratoires que nous semons !\r\nCLIC pour lire l'article<\/strong>\u00a0&gt;\u00a0<span style=\"color: #8518de;\"><strong><span style=\"text-decoration: underline;\">\"Comment lib\u00e9rer son karma ?\"<\/span><\/strong><\/span><\/a><\/span><\/h1>\r\n<div style=\"width: 714px;\" class=\"wp-video\"><!--[if lt IE 9]><script>document.createElement('video');<\/script><![endif]-->\n<video class=\"wp-video-shortcode\" id=\"video-3139-1\" width=\"714\" height=\"402\" autoplay=\"1\" preload=\"auto\" controls=\"controls\"><source type=\"video\/mp4\" src=\"http:\/\/annerouch.fr\/wp-content\/uploads\/2019\/03\/9_Vos-pens\u00e9es.mp4?_=1\" \/><a href=\"http:\/\/annerouch.fr\/wp-content\/uploads\/2019\/03\/9_Vos-pens\u00e9es.mp4\">http:\/\/annerouch.fr\/wp-content\/uploads\/2019\/03\/9_Vos-pens\u00e9es.mp4<\/a><\/video><\/div>\r\n<h2><span style=\"color: #333399;\"><strong>Si vous avez lu\u00a0 l'article\u00a0\u00a0<\/strong><\/span><span style=\"color: #de188f;\"><a style=\"color: #de188f;\" href=\"https:\/\/emmanuelferran.com\/comment-nettoyer-son-karma\/\"><span style=\"color: #8518de;\"><strong><span style=\"text-decoration: underline;\">\"Comment lib\u00e9rer son karma ?<span style=\"color: #800080; text-decoration: underline;\">\"<\/span><\/span><\/strong><\/span><\/a><span style=\"color: #800080;\">,\u00a0<\/span><\/span><span style=\"color: #333399;\"><strong>les probl\u00e8mes rencontr\u00e9s dans cette vie, seraient\u00a0la r\u00e9sultante de la Loi de cause \u00e0 effet, de ce que nous avons\u00a0vibr\u00e9s dans d'autres espaces temps.<\/strong><\/span><\/h2>\r\n<h2><span style=\"color: #800080;\"><strong>Il est question aujourd'hui, en 2025, de reprendre conscience de tous ces formatages qui ont \u00e9t\u00e9 gard\u00e9s en nous, et qui nous sabotent depuis trop longtemps aujourd'hui.... parce qu'ils sont entretenus dans nos pens\u00e9es, et donc nourrissent les nombreux \u00e9gr\u00e9gores mondiaux de limitations, qui emp\u00eachent la Lumi\u00e8re de chacun de prendre SA PLACE AUJOURD'HUI EN TOUTE LEGITIMITE.\u00a0<\/strong><\/span><\/h2>\r\n<h2><span style=\"color: #333399;\"><strong>Dans les situations que nous vivons tous les jours, nous choisissons d'agir de telle ou telle fa\u00e7on plut\u00f4t qu'une autre, et cela a des cons\u00e9quences positives, ou n\u00e9gatives, selon le lien que nous donnons \u00e0 l'action que nous choisissons !<\/strong><\/span><\/h2>\r\n<h2><span style=\"color: #333399;\"><strong>La loi de cause \u00e0 effet est \u00e0 la base de cette recherche de sens.\r\n<\/strong><\/span><span style=\"color: #333399;\"><strong>Le corps est parfait, et constitu\u00e9 de telle fa\u00e7on qu'il sait ce qui l'encombre.<\/strong><\/span><\/h2>\r\n<h2><span style=\"color: #333399;\"><strong>Si vous \u00eates th\u00e9rapeute, vous comprenez, et le sens \u00e0 donner est de lib\u00e9rer les n\u0153uds qui sont rest\u00e9s cristallis\u00e9s dans le corps, le v\u00f4tre, ou celui de vos clients.<\/strong><\/span><\/h2>\r\n<h2><span style=\"color: #de188f;\"><strong>LIBEREZ LES CAUSES qui vibrent dans vos m\u00e9moires cellulaires....<\/strong><\/span><\/h2>\r\n<h2><span style=\"color: #333399;\"><strong>Je ne vais pas en dire plus, et je vous laisse aller voir par vous-m\u00eame.<\/strong><\/span><\/h2>\r\n<h1 style=\"text-align: center;\"><span style=\"text-decoration: underline;\"><span style=\"color: #d60d7f; text-decoration: underline;\"><strong><a style=\"color: #d60d7f; text-decoration: underline;\" href=\"https:\/\/amerindienne--tala.thrivecart.com\/klp\/65fa5376f2493\/\" target=\"_blank\">Accompagnez les autres \u00e0 lib\u00e9rer les causes karmiques\r\nqui bloquent leur vie et les emp\u00eachent d'avancer.<\/a><\/strong><\/span><\/span><\/h1>\r\n<h2><span style=\"color: #ff00ff;\"><strong>Tout dans la vie est exp\u00e9rience, et nous vivons dans les cons\u00e9quences de nos choix inconscients,\r\nalors DEVENONS CONSCIENTS DE NOS CHOIX.<\/strong><\/span><\/h2>\r\n<h2><span style=\"color: #333399;\"><strong>Il n'y a l\u00e0 ni de bien, ni de mal, que des exp\u00e9riences - Et chaque personne a besoin de les faire pour ajuster ses vibrations, et voir le choix et le chemin qui sont pris, afin d'ajuster le corps et l'\u00e2me dans un alignement harmonieux *** La Lumi\u00e8re du Soi.\u00a0<\/strong><strong>Ce chemin est personnel, et il s'ouvre, apr\u00e8s avoir conscientis\u00e9 et v\u00e9cu nos exp\u00e9riences, nettoy\u00e9 nos m\u00e9moires souffrantes, il est le chemin de notre \u00c9veil !\r\n<\/strong><strong>Cet \u00e9veil attire par sa fr\u00e9quence, les \u00e2mes qui veulent, elles aussi, reconnecter \u00e0 leur propre Lumi\u00e8re de l'\u00e2me, et ainsi nettoyer leurs liens propres bloquants et souffrants !<\/strong><\/span>\r\n<img class=\" wp-image-206 aligncenter\" src=\"http:\/\/annerouch.fr\/wp-content\/uploads\/2016\/05\/bag-magique-etoiles.jpg\" alt=\"bag magique etoiles\" width=\"371\" height=\"371\" \/><\/h2>\r\n<h2><span style=\"color: #d60d7f;\"><strong>C'est un nouveau r\u00f4le alors qui est naturellement propos\u00e9, celui de guider pour la lib\u00e9ration !<\/strong><\/span><\/h2>\r\n<h3><span style=\"color: #333399;\"><strong>Et ce chemin ne peut \u00caTRE\u00a0que dans une humilit\u00e9 constante, et en \u00e9tant conscient du chemin parcouru, et de notre propre exp\u00e9rience de Vie personnelle, sans quoi aider les autres, ne donne pas de r\u00e9sultat probant !<\/strong><\/span><\/h3>\r\n<h2><span style=\"color: #ff00ff;\">******************************************<\/span><\/h2>\r\n<h2><span style=\"color: #4a3dc4;\"><strong>Voici de beaux t\u00e9moignages re\u00e7us suite \u00e0 la pratique de coaching\r\n<\/strong><strong>Je suis tr\u00e8s touch\u00e9e par ces mots. \u2665\u2665\u2665\u00a0<img class=\"alignright wp-image-4618 size-medium\" src=\"http:\/\/annerouch.fr\/wp-content\/uploads\/2019\/03\/young-woman-1867618_960_720-300x200.jpg\" alt=\"young-woman-1867618_960_720\" width=\"300\" height=\"200\" \/><\/strong><\/span><\/h2>\r\n<h3><span style=\"color: #de188f;\"><span style=\"color: #800080;\"><strong>\u00a0<\/strong><\/span><span style=\"color: #3366ff;\"><strong><em>\"Tr\u00e8s ch\u00e8re Ionia,<\/em><\/strong><strong><em>\r\nJe viens vers toi pour te remercier de notre rendez vous de vendredi dernier, le travail karmique, l'ouverture de c\u0153ur,\r\nl'\u00e9change de Lumi\u00e8re, ma lib\u00e9ration, la r\u00e9v\u00e9lation de la force du verbe,\r\n<\/em><\/strong><strong><em>ma lib\u00e9ration de l'esclavage karmique et actuel soci\u00e9tal,\u00a0<\/em><\/strong><strong><em>notre \u00e9change entre 2 s\u0153urs est et sera un des plus beau moment de ma vie.\r\n<\/em><\/strong><strong><em>Christine.\" \u2665<\/em><\/strong><\/span><\/span><\/h3>\r\n<h3><span style=\"color: #3366ff;\"><strong><em>\u00a0<\/em><\/strong><span style=\"color: #ff00ff;\"><strong><em>\"Quand j'ai senti l'appel de ma lumi\u00e8re, on m'a fait rencontrer Ionia.\r\nQuel cadeau !\u00a0<span style=\"text-decoration: underline;\">Seulement 3 s\u00e9ances avec elle<\/span> et j'ai beaucoup progress\u00e9 sur mon chemin de lumi\u00e8re gr\u00e2ce \u00e0 ses soins et toutes les ressources qu'elle m'offre.\r\nChaque s\u00e9ance est un pas de plus vers la lib\u00e9ration et Ionia donne toujours des conseils \u00e0 suivre pour la suite.\r\nC'est tr\u00e8s r\u00e9confortant, je me sens guid\u00e9e pour \u00eatre plus autonome et actrice de mon changement.\r\nEntre 2 s\u00e9ances Ionia reste disponible pour r\u00e9pondre \u00e0 mes interrogations.\r\nJe ressens beaucoup de gratitude de l'avoir rencontr\u00e9e !\r\n<\/em><\/strong><strong><em>Marion.\" \u2665<\/em><\/strong><\/span><\/span><\/h3>\r\n<h3><span style=\"color: #0000ff;\"><strong><em>\"<span style=\"color: #3366ff;\">Les s\u00e9ances avec Ionia ont un impact lib\u00e9ratoire puissant. Son \u00e9coute, sa bienveillance, sa douceur sont comme un baume qui vient accompagner et \u00e9clairer le travail de conscience.\r\n<\/span><\/em><\/strong><\/span><span style=\"color: #3366ff;\"><strong><em>C'est une approche passionnante que d'aller retrouver les parts de soi bless\u00e9es et de les accueillir dans la lumi\u00e8re.\r\n<\/em><\/strong><\/span><strong style=\"color: #3366ff; font-size: 16px;\"><em>Ionia, permet la mise en \u00e9vidence de ces espaces bloqu\u00e9s par la parole et des protocoles adapt\u00e9s. L'apaisement des blessures, la gu\u00e9rison peut alors se r\u00e9aliser.\r\n<\/em><\/strong><span style=\"color: #3366ff;\"><strong><em>A la fin de la s\u00e9ance, ce fut comme des retrouvailles d'Amour avec moi-m\u00eame et ma famille d'\u00e2me. Gratitude \u00e0 toi Ionia pour ta pr\u00e9sence soutenante.\"\r\n<\/em><\/strong><\/span><strong style=\"color: #3366ff; font-size: 16px;\"><em>Marie. \u2665<\/em><\/strong><\/h3>\r\n<h3><strong><em>\u00a0<span style=\"color: #ff00ff;\">\"<\/span><\/em><\/strong><span style=\"color: #ff00ff;\"><strong><em>Conna\u00eetre Ioni\u00e2 est un cadeau du ciel. Sa gentillesse, sa douceur, son travail pr\u00e9paratoire avant chaque s\u00e9ance sont remarquables. Ioni\u00e2 donne. Ses canalisations sont magnifiques et personnalis\u00e9es et vous am\u00e8nent les larmes tellement c'est beau. De plus, elle transmet ses connaissances et nous fait d\u00e9couvrir un univers qui nous ouvre l'esprit. Merci Ioni\u00e2.\r\n<\/em><\/strong><\/span><span style=\"color: #ff00ff;\"><strong><em>Patricia. \u2665<\/em><\/strong><\/span><\/h3>\r\n<h1 style=\"text-align: center;\"><span style=\"color: #0000ff;\"><strong>\u00a0<\/strong><\/span><span style=\"text-decoration: underline; color: #9734ed;\"><strong><a style=\"color: #9734ed; text-decoration: underline;\" href=\"https:\/\/amerindienne--tala.thrivecart.com\/klp\/65fa5376f2493\/\" target=\"_blank\">Accompagnez les autres \u00e0 lib\u00e9rer les causes karmiques<\/a><\/strong><\/span><\/h1>\r\n<h1 style=\"text-align: center;\"><span style=\"text-decoration: underline; color: #9734ed;\"><strong><a style=\"color: #9734ed; text-decoration: underline;\" href=\"https:\/\/amerindienne--tala.thrivecart.com\/klp\/65fa5376f2493\/\" target=\"_blank\"> qui bloquent leur vie et les emp\u00eachent d'avancer<\/a>, cliquez ici.<\/strong><\/span><\/h1>\r\n&nbsp;\r\n<h2><span style=\"color: #0000ff;\"><strong>Si vous voulez recevoir le dossier KLP pour \"voir\",<\/strong><\/span><\/h2>\r\n<h3><span style=\"color: #333399;\"><strong><span style=\"color: #0000ff;\">cliquez ici &gt;\u00a0<\/span><span style=\"color: #de188f;\"><a style=\"color: #de188f;\" href=\"https:\/\/amerindienne--tala.thrivecart.com\/klp\/\">https:\/\/amerindienne--tala.thrivecart.com\/klp\/<\/a><\/span><\/strong><\/span><\/h3>\r\n&nbsp;","protected":false},"excerpt":{"rendered":"<p>Le karma est\u00a0le r\u00e9sultat de la Loi de cause \u00e0 effet, nous r\u00e9coltons les fruits des graines vibratoires que nous semons ! CLIC pour lire l&#8217;article\u00a0&gt;\u00a0&#8220;Comment lib\u00e9rer son karma ?&#8221; Si vous avez lu\u00a0 l&#8217;article\u00a0\u00a0&#8220;Comment lib\u00e9rer son karma ?&#8221;,\u00a0les probl\u00e8mes rencontr\u00e9s dans cette vie, seraient\u00a0la r\u00e9sultante de la Loi de cause \u00e0 effet, de ce [&hellip;]<\/p>\n","protected":false},"author":1,"featured_media":0,"parent":3119,"menu_order":0,"comment_status":"closed","ping_status":"closed","template":"","meta":[],"_links":{"self":[{"href":"http:\/\/annerouch.fr\/index.php\/wp-json\/wp\/v2\/pages\/3139"}],"collection":[{"href":"http:\/\/annerouch.fr\/index.php\/wp-json\/wp\/v2\/pages"}],"about":[{"href":"http:\/\/annerouch.fr\/index.php\/wp-json\/wp\/v2\/types\/page"}],"author":[{"embeddable":true,"href":"http:\/\/annerouch.fr\/index.php\/wp-json\/wp\/v2\/users\/1"}],"replies":[{"embeddable":true,"href":"http:\/\/annerouch.fr\/index.php\/wp-json\/wp\/v2\/comments?post=3139"}],"version-history":[{"count":33,"href":"http:\/\/annerouch.fr\/index.php\/wp-json\/wp\/v2\/pages\/3139\/revisions"}],"predecessor-version":[{"id":4619,"href":"http:\/\/annerouch.fr\/index.php\/wp-json\/wp\/v2\/pages\/3139\/revisions\/4619"}],"up":[{"embeddable":true,"href":"http:\/\/annerouch.fr\/index.php\/wp-json\/wp\/v2\/pages\/3119"}],"wp:attachment":[{"href":"http:\/\/annerouch.fr\/index.php\/wp-json\/wp\/v2\/media?parent=3139"}],"curies":[{"name":"wp","href":"https:\/\/api.w.org\/{rel}","templated":true}]}}