{"id":3119,"date":"2019-03-30T17:40:13","date_gmt":"2019-03-30T16:40:13","guid":{"rendered":"http:\/\/annerouch.fr\/?page_id=3119"},"modified":"2023-04-22T14:24:46","modified_gmt":"2023-04-22T13:24:46","slug":"les-formations-energetiques-de-liberations-personnelles","status":"publish","type":"page","link":"http:\/\/annerouch.fr\/index.php\/les-formations-energetiques-de-liberations-personnelles\/","title":{"rendered":"Les formations \u00c9nerg\u00e9tiques de Lib\u00e9rations personnelles"},"content":{"rendered":"<h1 style=\"text-align: center;\">\u00a0<span style=\"color: #333399;\"><strong>Les formations T A L A\u00a0<\/strong><\/span><\/h1>\r\n<h2 style=\"text-align: center;\"><span style=\"color: #993366;\"><strong>\u00a0<span style=\"color: #333399;\">Temps de l'\u00c2me\u00a0Libre et Autonome<\/span>\r\n<\/strong><\/span><span style=\"color: #333399;\"><strong>par Emmanuel Ferran<\/strong><\/span><\/h2>\r\n<h2><span style=\"color: #333399;\"><strong><span style=\"color: #333399;\">Cr\u00e9es par Emmanuel\u00a0 Ferran, les formations T A<\/span> L A -\u00a0 Le Temps de l'\u00c2me\u00a0Libre et Autonome,\u00a0sont faites pour lib\u00e9rer un maximum et en conscience, de ce qui vous emp\u00eache d'avancer\u00a0ici et maintenant dans votre vie actuelle.\u00a0<\/strong><\/span><\/h2>\r\n<h3><strong><img class=\"wp-image-127 aligncenter\" src=\"http:\/\/annerouch.fr\/wp-content\/uploads\/2016\/05\/Emmanuel-ferran.jpg\" alt=\"Emmanuel ferran\" width=\"309\" height=\"309\" \/><\/strong><\/h3>\r\n<h3><strong><span style=\"color: #333399;\">La lib\u00e9ration de votre \u00e2me, passe par la lib\u00e9ration \u00e9nerg\u00e9tique du corps, de tout ce qui emp\u00eache\u00a0votre Lumi\u00e8re int\u00e9rieure d'\u00eatre active, actualis\u00e9e, et de rayonner.\r\n<\/span><\/strong>\r\n<strong> <span style=\"color: #333399;\">Les formations d'Emmanuel Ferran sont tout \u00e0 fait adapt\u00e9es, leur grand avantage est qu'elles\u00a0se pratiquent en toute autonomie, qui est vraiment ce que chaque individu doit r\u00e9aliser ici et maintenant, \u00caTRE\u00a0autonome et acteur de ses propres gu\u00e9risons int\u00e9rieures.<\/span><\/strong><\/h3>\r\n<ul>\r\n \t<li>\r\n<h3><span style=\"color: #800080;\"><a style=\"color: #800080;\" href=\"https:\/\/in.tala-formation.com\/c\/86eiu\/a545mn\"><strong>Voici le lien de la conf\u00e9rence ou vous allez pouvoir exp\u00e9rimenter un exercice de nettoyage karmique, sur le th\u00e8me du \"manque de confiance en soi\".<\/strong><\/a><\/span><\/h3>\r\n<h3><strong><span style=\"color: #666699;\">Si vous vivez des situations r\u00e9currentes, et cela vous emp\u00eachent d'avancer ?<\/span><\/strong><\/h3>\r\n<h3><strong><span style=\"color: #666699;\">La l\u00e9gitimit\u00e9 d'\u00eatre\u00a0<em><span style=\"color: #ff00ff;\">\"qui l'on est\"<\/span><\/em> incombe \u00e0 celui qui sent qu'il est temps de changer aujourd'hui\u2026\u2026et d'aller vers l'ouverture de son c\u0153ur, enfin !\r\nLa vie est une grande pi\u00e8ce de th\u00e9\u00e2tre o\u00f9 tout est montr\u00e9 comme des projections appel\u00e9es \"hologrammes\".<\/span><\/strong><\/h3>\r\n<h3><strong><span style=\"color: #666699;\">Les \u00e9nergies sont actuellement d\u00e9cupl\u00e9es sur la plan\u00e8te, cela impacte beaucoup de personnes tr\u00e8s fortement.<\/span><\/strong><\/h3>\r\n<h3><strong><span style=\"color: #666699;\">Vous ressentez l'urgence, de r\u00e9soudre des blocages de vie r\u00e9currentes, en relation avec ceux qui vous entourent, les parents, conjoints, enfants, coll\u00e8gues de travail.<\/span><\/strong><\/h3>\r\n<h3><strong><span style=\"color: #666699;\">Vous ressentez des angoisses, comme des \"remont\u00e9es\" d'un pass\u00e9 lointain venu d'on ne sait o\u00f9 !<\/span><\/strong><\/h3>\r\n<h3><strong><span style=\"color: #666699;\">Cela commence par des mal \u00eatres qui \"remontent\" par des situations particuli\u00e8res, lorsque l'on est en contact avec certaines personnes qui nous rendent mal \u00e0 l'aise et ont souvent des comportements castrateurs et rabaissant.<\/span><\/strong><\/h3>\r\n<h3><strong><span style=\"color: #666699;\">Notre \u00e9quilibre int\u00e9rieur en est affect\u00e9 profond\u00e9ment, et cela maintient en nous le manque de confiance en soi, car des \u00e9motions li\u00e9es \u00e0 notre enfant int\u00e9rieur, \u00e0 nos diff\u00e9rentes blessures comme l\u2019abandon ou le rejet, remontent alors.<\/span><\/strong><\/h3>\r\n<h3><strong><span style=\"color: #666699;\">Il arrive un moment o\u00f9 l\u2019on n\u2019accepte que ce qui apaise notre \u00e2me, et le chemin emprunt\u00e9 est juste l'accueil de nos blessures.<\/span><\/strong><\/h3>\r\n<h3><strong><span style=\"color: #666699;\">Nous voyons ce qui est, sans le fuir, c'est l\u00e0 tr\u00e8s lib\u00e9rateur.<\/span><\/strong><\/h3>\r\n<h3><strong><span style=\"color: #666699;\">M\u00eame si on se rend compte qu'il y a encore de gros blocages qui persistent et que l' on se pose les questions suivantes :<\/span><\/strong><\/h3>\r\n<ul>\r\n \t<li>\r\n<h3><strong><span style=\"color: #666699;\">Mais que se passe-t-il encore ?<\/span><\/strong><\/h3>\r\n<\/li>\r\n \t<li>\r\n<h3><strong><span style=\"color: #666699;\">Pourquoi telle ou telle situation n\u2019\u00e9volue-t-elle pas ?<\/span><\/strong><\/h3>\r\n<\/li>\r\n \t<li>\r\n<h3><strong><span style=\"color: #666699;\">Pourquoi je vis encore un blocage alors que j'ai tant travaill\u00e9 ?<\/span><\/strong><\/h3>\r\n<\/li>\r\n<\/ul>\r\n<h3><strong><span style=\"color: #666699;\">C'est souvent l\u00e0 que l'on comprend qu'il y a des causes plus profondes qui nourrissent tous ces blocages. Ces causes, ce sont souvent nos m\u00e9moires karmiques.<\/span><\/strong><\/h3>\r\n<h3><strong><span style=\"color: #666699;\">Et en lib\u00e9rant vos m\u00e9moires karmiques, vous vous offrez de :<\/span><\/strong><\/h3>\r\n<ul>\r\n \t<li>\r\n<h3><strong><span style=\"color: #666699;\">Vous r\u00e9aliser,<\/span><\/strong><\/h3>\r\n<\/li>\r\n \t<li>\r\n<h3><strong><span style=\"color: #666699;\">Aider les autres,<\/span><\/strong><\/h3>\r\n<\/li>\r\n \t<li>\r\n<h3><strong><span style=\"color: #666699;\">Manifester enfin votre vie,<\/span><\/strong><\/h3>\r\n<\/li>\r\n \t<li>\r\n<h3><strong><span style=\"color: #666699;\">Manifester vos missions de vie, et devenir qui vous \u00eates vraiment.<\/span><\/strong><\/h3>\r\n<\/li>\r\n<\/ul>\r\n<h3><strong><span style=\"color: #666699;\">Voici une m\u00e9thode, un outil concret, qui va vous permettre de transmuter VOS m\u00e9moires, et de remettre du sens \u00e0 ce qui vous arrive, enfin !<\/span><\/strong><\/h3>\r\n<h3><strong><span style=\"color: #666699;\">C'est gr\u00e2ce \u00e0 un \u00e9clairage tel une lampe torche cibl\u00e9e sur ce qui demande \u00e0 \u00eatre vu, que la mise en lumi\u00e8re consciente des m\u00e9canismes de d\u00e9fense se fait et vous vous offrez ainsi l\u2019opportunit\u00e9 d\u2019apporter des changements positifs concrets, sans \"bla bla\".<\/span><\/strong><\/h3>\r\n<h3><strong><span style=\"color: #666699;\">Cette m\u00e9thode met en mouvement la loi universelle de la physique \"quantique\", elle agit \u00e0 travers des phrases simples d'injonctions verbales \u00e0 votre corps, en r\u00e9sonance avec les m\u00e9moires du corps, leur donnant une nouvelle information de \"lib\u00e9ration\" afin qu'elles puissent se d\u00e9loger tout naturellement de nos cellules, et sortir de l'enkystement.<\/span><\/strong><\/h3>\r\n<h3><strong><span style=\"color: #666699;\">Il n'est pas utile de se rappeler quoique ce soit pour que cela marche, et ne rien ressentir apr\u00e8s un nettoyage ne veut pas dire qu'il ne s'est rien pass\u00e9, cela veut simplement dire que votre mental fait de la r\u00e9sistance, mais votre corps, lui, a entendu l'information, laissez lui le temps de l'int\u00e9grer.<\/span><\/strong><\/h3>\r\n<h3><strong><span style=\"color: #666699;\">Il est possible de nettoyer des m\u00e9moires karmiques en lien avec tout type de situation.<\/span><\/strong><\/h3>\r\n<h2><a href=\"https:\/\/in.tala-formation.com\/c\/2efhk\/a545mn\"><span style=\"color: #800080;\"><strong>La Formation compl\u00e8te de\u00a0Karma-Libre Lib\u00e9ration karmique.\r\n<\/strong><\/span><\/a><span style=\"color: #666699;\"><strong>Cliquez sur le lien ci dessus.<\/strong><\/span><\/h2>\r\n<h1 style=\"text-align: center;\"><strong><span style=\"color: #800080;\">\r\nENRICHISSEZ VOS COMPETENCES D'ACCOMPAGNEMENT THERAPEUTIQUE<\/span><\/strong><\/h1>\r\n<h2><span style=\"color: #333399;\"><strong>Vous souhaitez\u00a0d\u00e9velopper vos comp\u00e9tences en lib\u00e9ration de m\u00e9moires karmiques\u00a0?<\/strong><\/span><\/h2>\r\n<h3><span style=\"color: #333399;\"><strong>Envie de\u00a0faire d\u00e9coller votre activit\u00e9 de praticien ?<\/strong><\/span><\/h3>\r\n<h3><span style=\"color: #333399;\"><strong>Envie de\u00a0vous lancer\u00a0en tant que th\u00e9rapeute ou praticien bien-\u00eatre ?<\/strong><\/span><\/h3>\r\n<h3><span style=\"color: #333399;\"><strong>Le Dossier KLP est fait pour vous !<\/strong><\/span><\/h3>\r\n<h3><span style=\"color: #333399;\"><strong>Les probl\u00e8mes rencontr\u00e9s dans cette vie, pourraient \u00eatre une cons\u00e9quence de ce que nous avons pu faire dans d'autres vies, pass\u00e9es ou parall\u00e8les !<\/strong><\/span><\/h3>\r\n<h3><span style=\"color: #333399;\"><strong>Beaucoup ne comprennent pas ce qu\u2019ils vivent actuellement, et pourtant \u2026<\/strong><\/span><\/h3>\r\n<h3><span style=\"color: #333399;\"><strong>Dans les situations que nous vivons tous les jours, nous choisissons d'agir de telle ou telle fa\u00e7on plut\u00f4t qu'une autre, et cela a des cons\u00e9quences positives, ou n\u00e9gatives, c\u2019est une \u00e9vidence !<\/strong><\/span><\/h3>\r\n<h3><span style=\"color: #333399;\"><strong>La vie est une accumulation d\u2019exp\u00e9riences, et nos choix engendrent les cons\u00e9quences que nous vivons.<\/strong><\/span><\/h3>\r\n<h3><span style=\"color: #333399;\"><strong>Il n'y a l\u00e0 ni de bien, ni de mal, mais des exp\u00e9riences que chaque personne a besoin de faire pour comprendre et avancer vers un mieux \u00eatre.<\/strong><\/span><\/h3>\r\n<h3><span style=\"color: #333399;\"><strong>Cela est fait pour que chacun puisse voir consciemment ce qui se passe, et faire son choix de prendre tel ou tel chemin ensuite !<\/strong><\/span><\/h3>\r\n<h3><strong><span style=\"color: #800080;\"><span style=\"color: #333399;\">La lib\u00e9ration et conscientisation de tout cela peut se faire<\/span>.<\/span><\/strong><\/h3>\r\n<h2 style=\"text-align: center;\"><strong><span style=\"color: #800080;\"><a style=\"color: #800080;\" href=\"https:\/\/in.tala-formation.com\/c\/4d81gw\/a545mn\">Accompagnez les autres a lib\u00e9rer les causes karmiques\r\nqui bloquent leur vie et les emp\u00eache d'avancer<\/a>.<\/span><\/strong><\/h2>\r\n<h2><span style=\"color: #333399;\"><strong><img class=\"\" src=\"https:\/\/cdn.pixabay.com\/photo\/2016\/08\/22\/16\/23\/massage-therapy-1612308_960_720.jpg\" alt=\"Photos gratuites de Massage th\u00e9rapeutique\" width=\"638\" height=\"425\" \/><\/strong><\/span><\/h2>\r\n<h2><span style=\"color: #333399;\"><strong>Pr\u00e9sentation de la formation KLP Karma-Libre Praticien.\r\nFormation r\u00e9serv\u00e9e aux th\u00e9rapeutes ou futurs th\u00e9rapeutes<\/strong><\/span><\/h2>\r\n<h2><strong><span style=\"color: #800080;\">Cliquez sur le lien ci dessous &gt;<\/span><a href=\"https:\/\/in.tala-formation.com\/c\/d8939j\/a545mn\">\r\nhttps:\/\/in.tala-formation.com\/c\/d8939j\/a545mn<\/a><\/strong><\/h2>\r\n<\/li>\r\n<\/ul>\r\n&nbsp;\r\n\r\n&nbsp;","protected":false},"excerpt":{"rendered":"<p>\u00a0Les formations T A L A\u00a0 \u00a0Temps de l&#8217;\u00c2me\u00a0Libre et Autonome par Emmanuel Ferran Cr\u00e9es par Emmanuel\u00a0 Ferran, les formations T A L A &#8211;\u00a0 Le Temps de l&#8217;\u00c2me\u00a0Libre et Autonome,\u00a0sont faites pour lib\u00e9rer un maximum et en conscience, de ce qui vous emp\u00eache d&#8217;avancer\u00a0ici et maintenant dans votre vie actuelle.\u00a0 La lib\u00e9ration de votre [&hellip;]<\/p>\n","protected":false},"author":1,"featured_media":0,"parent":0,"menu_order":0,"comment_status":"closed","ping_status":"closed","template":"","meta":[],"_links":{"self":[{"href":"http:\/\/annerouch.fr\/index.php\/wp-json\/wp\/v2\/pages\/3119"}],"collection":[{"href":"http:\/\/annerouch.fr\/index.php\/wp-json\/wp\/v2\/pages"}],"about":[{"href":"http:\/\/annerouch.fr\/index.php\/wp-json\/wp\/v2\/types\/page"}],"author":[{"embeddable":true,"href":"http:\/\/annerouch.fr\/index.php\/wp-json\/wp\/v2\/users\/1"}],"replies":[{"embeddable":true,"href":"http:\/\/annerouch.fr\/index.php\/wp-json\/wp\/v2\/comments?post=3119"}],"version-history":[{"count":24,"href":"http:\/\/annerouch.fr\/index.php\/wp-json\/wp\/v2\/pages\/3119\/revisions"}],"predecessor-version":[{"id":4259,"href":"http:\/\/annerouch.fr\/index.php\/wp-json\/wp\/v2\/pages\/3119\/revisions\/4259"}],"wp:attachment":[{"href":"http:\/\/annerouch.fr\/index.php\/wp-json\/wp\/v2\/media?parent=3119"}],"curies":[{"name":"wp","href":"https:\/\/api.w.org\/{rel}","templated":true}]}}