{"id":2989,"date":"2018-07-02T10:31:31","date_gmt":"2018-07-02T09:31:31","guid":{"rendered":"http:\/\/annerouch.fr\/?page_id=2989"},"modified":"2021-02-13T12:14:45","modified_gmt":"2021-02-13T11:14:45","slug":"faire-des-choix-comment","status":"publish","type":"page","link":"http:\/\/annerouch.fr\/index.php\/faire-des-choix-comment\/","title":{"rendered":"Faire des choix, comment ?"},"content":{"rendered":"<h1><span style=\"color: #0000ff;\"><strong>Message du 12\/12 2017\r\n<\/strong><\/span><\/h1>\r\n<img class=\" wp-image-3115 aligncenter\" src=\"http:\/\/annerouch.fr\/wp-content\/uploads\/2018\/07\/dahlia-300x168.jpg\" alt=\"dahlia\" width=\"513\" height=\"289\" \/>\r\n\r\n<span style=\"color: #990699;\"><strong>Beaucoup de personnes se retrouvent bloqu\u00e9es dans des situations, o\u00f9 rien ne semble avancer.\r\nIl peut y avoir plusieurs raisons \u00e0 cela :\r\n- elles ont une peur inconsciente, peur de <span style=\"color: #cf0875;\">\"perdre quelque chose\u00a0 si cela \"bouge\"<\/span>, ce que l'on connait rassure, l'inconnu peut \u00eatre v\u00e9cu comme un stress, m\u00eame si cela ne ressort pas en apparence.<\/strong><\/span>\r\n<h3><span style=\"color: #990699;\"><strong>Tout choix\u00a0 et changement est toujours un \"bienfait\" pour l'\u00e2me - il ne s'agit jamais de \"perte\", mais de choix\u00a0en\u00a0r\u00e9sultat d'une exp\u00e9rience de l'\u00eatre !<\/strong><\/span><\/h3>\r\n<h3><span style=\"color: #990699;\"><strong>Il y a\u00a0un besoin de l'\u00e2me\u00a0\u00e0 faire cette exp\u00e9rience, un chemin \u00e0 suivre pour comprendre ce qui ne correspond plus \u00e0 notre vie actuelle, et ce qui doit \u00eatre chang\u00e9 ici et maintenant !\r\n<\/strong><\/span><span style=\"color: #cf0875;\">L<strong>e choix am\u00e8ne doucement la personne que nous sommes vers\u00a0 notre alignement\u00a0\u00e0 notre \u00e2me,\r\n\u00e0 notre \"Moi sup\u00e9rieur\u00a0 qui est Lumi\u00e8re\".<\/strong><\/span><\/h3>\r\n<h3><span style=\"color: #990699;\"><strong>La vie et ses exp\u00e9riences sont un CADEAU pour l'\u00e2me - le discernement en est la cl\u00e9.\r\n\r\n<\/strong><\/span><\/h3>","protected":false},"excerpt":{"rendered":"<p>Message du 12\/12 2017 Beaucoup de personnes se retrouvent bloqu\u00e9es dans des situations, o\u00f9 rien ne semble avancer. Il peut y avoir plusieurs raisons \u00e0 cela : &#8211; elles ont une peur inconsciente, peur de &#8220;perdre quelque chose\u00a0 si cela &#8220;bouge&#8221;, ce que l&#8217;on connait rassure, l&#8217;inconnu peut \u00eatre v\u00e9cu comme un stress, m\u00eame si [&hellip;]<\/p>\n","protected":false},"author":1,"featured_media":0,"parent":0,"menu_order":0,"comment_status":"closed","ping_status":"closed","template":"","meta":[],"_links":{"self":[{"href":"http:\/\/annerouch.fr\/index.php\/wp-json\/wp\/v2\/pages\/2989"}],"collection":[{"href":"http:\/\/annerouch.fr\/index.php\/wp-json\/wp\/v2\/pages"}],"about":[{"href":"http:\/\/annerouch.fr\/index.php\/wp-json\/wp\/v2\/types\/page"}],"author":[{"embeddable":true,"href":"http:\/\/annerouch.fr\/index.php\/wp-json\/wp\/v2\/users\/1"}],"replies":[{"embeddable":true,"href":"http:\/\/annerouch.fr\/index.php\/wp-json\/wp\/v2\/comments?post=2989"}],"version-history":[{"count":11,"href":"http:\/\/annerouch.fr\/index.php\/wp-json\/wp\/v2\/pages\/2989\/revisions"}],"predecessor-version":[{"id":3536,"href":"http:\/\/annerouch.fr\/index.php\/wp-json\/wp\/v2\/pages\/2989\/revisions\/3536"}],"wp:attachment":[{"href":"http:\/\/annerouch.fr\/index.php\/wp-json\/wp\/v2\/media?parent=2989"}],"curies":[{"name":"wp","href":"https:\/\/api.w.org\/{rel}","templated":true}]}}