{"id":2982,"date":"2018-07-02T10:15:10","date_gmt":"2018-07-02T09:15:10","guid":{"rendered":"http:\/\/annerouch.fr\/?page_id=2982"},"modified":"2020-12-21T10:30:35","modified_gmt":"2020-12-21T09:30:35","slug":"message-du-2-juillet-2018-comment-reconnaitre-ce-qui-est-bon-pour-nous","status":"publish","type":"page","link":"http:\/\/annerouch.fr\/index.php\/message-du-2-juillet-2018-comment-reconnaitre-ce-qui-est-bon-pour-nous\/","title":{"rendered":"Message du 2 juillet 2018 &#8211; Comment reconna\u00eetre ce qui est BON pour nous ?"},"content":{"rendered":"<h2><img class=\"aligncenter\" src=\"https:\/\/cdn.pixabay.com\/photo\/2016\/07\/28\/16\/55\/dolphin-1548448_960_720.jpg\" alt=\"Dauphin, Enfant, Enfants, Jouer, Interaction\" width=\"705\" height=\"519\" \/><\/h2>\r\n<h2><strong><span style=\"color: #3366ff;\"><span style=\"color: #3366ff;\">Ce message est arriv\u00e9 encore une fois lorsque je me suis mise en contact avec de l'eau, car l'eau est un merveilleux \u00e9l\u00e9ment informationnel, qui me reconnecte avec les \u00e9l\u00e9mentaux lumi\u00e8re, les Ondins et Ondines, ainsi qu'aux Ma\u00eetres\u00a0dauphins !<\/span><\/span><\/strong><\/h2>\r\n<h2><span style=\"color: #800080;\"><strong>\"Tr\u00e8s simplement, si vous \u00eates en contact avec une vibration,\r\nqu'elle vienne d'une personne,\u00a0<\/strong><\/span>\r\n<span style=\"color: #800080;\"><strong>d'une image,<\/strong><\/span>\r\n<span style=\"color: #800080;\"><strong>d'une musique,<\/strong><\/span>\r\n<span style=\"color: #800080;\"><strong>d'une vid\u00e9o ou film,<\/strong><\/span>\r\n<span style=\"color: #993366;\"><strong><span style=\"color: #800080;\">qui vous fait ressentir un <em>\"rabaissement de votre \u00eatre\",<\/em> <\/span><span style=\"color: #3366ff;\"><em>(vous vous sentez inf\u00e9rieur, vous ne vous sentez pas digne de.... vous vous d\u00e9valorisez \u00e0 ce contact),<\/em><\/span> alors...<\/strong><\/span><\/h2>\r\n<h2><span style=\"color: #ff00ff;\"><strong>Vous avez l\u00e0 \u00e0 comprendre que cette vibration ne vient pas d'un tr\u00e8s haut degr\u00e9 de Lumi\u00e8re.<\/strong><\/span><\/h2>\r\n<h2><span style=\"color: #800080;\"><strong>Par contre, demandez vous pourquoi vous avez attirez cette vibration l\u00e0 !\r\n<\/strong><\/span><span style=\"color: #800080;\"><strong>Que pouvez-vous ajuster en vous qui fait qu'il y a une partie de vous que vous n'aimez pas, et qui rabaisse votre estime de vous ! L'autre n'est qu'un miroir de vous m\u00eame, il vous montre ce qui n'est pas align\u00e9 en vous.\r\nCe qui est bon pour vous vous fait du bien, vous fait sentir juste \u00e0 votre place,\u00a0<\/strong><\/span><span style=\"color: #800080;\"><strong>vous fait sourire, vous fait vibrer plus haut, vous aime !<\/strong><\/span><\/h2>\r\n<h2><span style=\"color: #800080;\"><strong>Quel choix faites vous maintenant ?<\/strong><\/span><\/h2>\r\n<h3><\/h3>","protected":false},"excerpt":{"rendered":"<p>Ce message est arriv\u00e9 encore une fois lorsque je me suis mise en contact avec de l&#8217;eau, car l&#8217;eau est un merveilleux \u00e9l\u00e9ment informationnel, qui me reconnecte avec les \u00e9l\u00e9mentaux lumi\u00e8re, les Ondins et Ondines, ainsi qu&#8217;aux Ma\u00eetres\u00a0dauphins ! &#8220;Tr\u00e8s simplement, si vous \u00eates en contact avec une vibration, qu&#8217;elle vienne d&#8217;une personne,\u00a0 d&#8217;une image, [&hellip;]<\/p>\n","protected":false},"author":1,"featured_media":0,"parent":0,"menu_order":0,"comment_status":"closed","ping_status":"closed","template":"","meta":[],"_links":{"self":[{"href":"http:\/\/annerouch.fr\/index.php\/wp-json\/wp\/v2\/pages\/2982"}],"collection":[{"href":"http:\/\/annerouch.fr\/index.php\/wp-json\/wp\/v2\/pages"}],"about":[{"href":"http:\/\/annerouch.fr\/index.php\/wp-json\/wp\/v2\/types\/page"}],"author":[{"embeddable":true,"href":"http:\/\/annerouch.fr\/index.php\/wp-json\/wp\/v2\/users\/1"}],"replies":[{"embeddable":true,"href":"http:\/\/annerouch.fr\/index.php\/wp-json\/wp\/v2\/comments?post=2982"}],"version-history":[{"count":8,"href":"http:\/\/annerouch.fr\/index.php\/wp-json\/wp\/v2\/pages\/2982\/revisions"}],"predecessor-version":[{"id":3482,"href":"http:\/\/annerouch.fr\/index.php\/wp-json\/wp\/v2\/pages\/2982\/revisions\/3482"}],"wp:attachment":[{"href":"http:\/\/annerouch.fr\/index.php\/wp-json\/wp\/v2\/media?parent=2982"}],"curies":[{"name":"wp","href":"https:\/\/api.w.org\/{rel}","templated":true}]}}