{"id":2669,"date":"2017-12-05T18:36:41","date_gmt":"2017-12-05T17:36:41","guid":{"rendered":"http:\/\/annerouch.fr\/?page_id=2669"},"modified":"2023-04-22T14:28:34","modified_gmt":"2023-04-22T13:28:34","slug":"visiter-notre-enfant-interieur-lui-parler-et-le-rassurer","status":"publish","type":"page","link":"http:\/\/annerouch.fr\/index.php\/les-formations-energetiques-de-liberations-personnelles\/visiter-notre-enfant-interieur-lui-parler-et-le-rassurer\/","title":{"rendered":"Gu\u00e9rison de &#8220;l&#8217;Enfant int\u00e9rieur&#8221;"},"content":{"rendered":"<!--[if lt IE 9]><script>document.createElement('audio');<\/script><![endif]-->\n<audio class=\"wp-audio-shortcode\" id=\"audio-2669-1\" autoplay=\"1\" preload=\"auto\" style=\"width: 100%;\" controls=\"controls\"><source type=\"audio\/mpeg\" src=\"http:\/\/annerouch.fr\/wp-content\/uploads\/2016\/05\/Chant-ENFANT.mp3?_=1\" \/><a href=\"http:\/\/annerouch.fr\/wp-content\/uploads\/2016\/05\/Chant-ENFANT.mp3\">http:\/\/annerouch.fr\/wp-content\/uploads\/2016\/05\/Chant-ENFANT.mp3<\/a><\/audio>\r\n<h1 style=\"text-align: center;\"><span style=\"color: #333399;\"><strong>\r\n<span style=\"color: #e01291;\">Chacun d'entre nous adulte, avons des \"m\u00e9moires\" d'enfant bless\u00e9 <\/span><\/strong><\/span><span style=\"color: #333399;\"><strong><span style=\"color: #e01291;\">durant la p\u00e9riode d'\u00e9ducation.<\/span>\r\n<\/strong><\/span><\/h1>\r\n<h3><strong><img class=\"size-medium wp-image-3265 alignleft\" src=\"http:\/\/annerouch.fr\/wp-content\/uploads\/2017\/12\/LEI-300x198.jpg\" alt=\"LEI\" width=\"300\" height=\"198\" \/><\/strong><strong><span style=\"color: #800080;\">Qui, enfant,\u00a0 n'a pas ressenti de frustrations, des col\u00e8res, des peurs, des non dits, lorsque l'adulte nous r\u00e9primandait ? Personne !\r\nToutes ces \"\u00e9motions\", nous les avons transform\u00e9es en nous pour <em>\"\u00eatre aim\u00e9\"<\/em> de nos parents, m\u00eame castrateurs.<\/span><\/strong><\/h3>\r\n<h3 style=\"text-align: left;\"><strong><span style=\"color: #800080;\">\r\nPour ne pas \u00eatre rejet\u00e9 par nos \u00e9ducateurs, de peur d'\u00eatre <em>\"abandonn\u00e9s\"<\/em>, nous avons choisi de masquer nos r\u00e9actions, celles que nous avions envie d'avoir et qui faisaient partie de notre spontan\u00e9it\u00e9 d'enfant, pur et vrai !\r\nCela g\u00e9n\u00e8re des r\u00e9actions dans notre fa\u00e7on de communiquer, qui sont souvent incompr\u00e9hensibles pour notre entourage, mais que nous vivons comme si c'\u00e9tait \"normal\", tellement elles sont ancr\u00e9es en nous depuis l'enfance !<\/span><\/strong><\/h3>\r\n<h3><strong><span style=\"color: #800080;\">Il existe des solutions en th\u00e9rapie \u00e9nerg\u00e9tique quantique, qui permettent d'aller \"contacter\" en nous, ces parties souffrantes que notre enfant int\u00e9rieur n'a pas pu exprimer et qui sont rest\u00e9s \"bloqu\u00e9es\" en nous en terme \u00e9motionnel, celles ci ressortent\u00a0\u00e0 chaque fois qu'une situation les fait remonter en nous.\u00a0<\/span><\/strong><\/h3>\r\n<h3 class=\"op-row-video-background-wrap\"><\/h3>\r\n<div class=\"fixed-width\">\r\n<div id=\"le_body_row_3_col_1\" class=\"one-column column cols\">\r\n<div id=\"le_body_row_3_col_1_el_2\" class=\"element-container cf\" data-style=\"\">\r\n<div class=\"element\">\r\n<h2 style=\"text-align: center;\"><span style=\"color: #0000ff;\"><strong>\r\n<span style=\"color: #666699;\">Que cela soit en\u00a0individuel, pour vous th\u00e9rapeutes, personne n'est \u00e9pargn\u00e9 par ces souffrances l\u00e0,\r\nlib\u00e9rez le, et lib\u00e9rez-vous.....\r\n<\/span><\/strong><\/span><\/h2>\r\n<h3 style=\"text-align: center;\"><span style=\"color: #ff6600;\"><strong style=\"color: #0000ff;\">\u00a0<\/strong><\/span><\/h3>\r\n<\/div>\r\n<\/div>\r\n<\/div>\r\n<\/div>","protected":false},"excerpt":{"rendered":"<p>Chacun d&#8217;entre nous adulte, avons des &#8220;m\u00e9moires&#8221; d&#8217;enfant bless\u00e9 durant la p\u00e9riode d&#8217;\u00e9ducation. Qui, enfant,\u00a0 n&#8217;a pas ressenti de frustrations, des col\u00e8res, des peurs, des non dits, lorsque l&#8217;adulte nous r\u00e9primandait ? Personne ! Toutes ces &#8220;\u00e9motions&#8221;, nous les avons transform\u00e9es en nous pour &#8220;\u00eatre aim\u00e9&#8221; de nos parents, m\u00eame castrateurs. Pour ne pas \u00eatre [&hellip;]<\/p>\n","protected":false},"author":1,"featured_media":0,"parent":3119,"menu_order":0,"comment_status":"closed","ping_status":"closed","template":"","meta":[],"_links":{"self":[{"href":"http:\/\/annerouch.fr\/index.php\/wp-json\/wp\/v2\/pages\/2669"}],"collection":[{"href":"http:\/\/annerouch.fr\/index.php\/wp-json\/wp\/v2\/pages"}],"about":[{"href":"http:\/\/annerouch.fr\/index.php\/wp-json\/wp\/v2\/types\/page"}],"author":[{"embeddable":true,"href":"http:\/\/annerouch.fr\/index.php\/wp-json\/wp\/v2\/users\/1"}],"replies":[{"embeddable":true,"href":"http:\/\/annerouch.fr\/index.php\/wp-json\/wp\/v2\/comments?post=2669"}],"version-history":[{"count":21,"href":"http:\/\/annerouch.fr\/index.php\/wp-json\/wp\/v2\/pages\/2669\/revisions"}],"predecessor-version":[{"id":4260,"href":"http:\/\/annerouch.fr\/index.php\/wp-json\/wp\/v2\/pages\/2669\/revisions\/4260"}],"up":[{"embeddable":true,"href":"http:\/\/annerouch.fr\/index.php\/wp-json\/wp\/v2\/pages\/3119"}],"wp:attachment":[{"href":"http:\/\/annerouch.fr\/index.php\/wp-json\/wp\/v2\/media?parent=2669"}],"curies":[{"name":"wp","href":"https:\/\/api.w.org\/{rel}","templated":true}]}}