{"id":2353,"date":"2017-05-04T07:51:01","date_gmt":"2017-05-04T06:51:01","guid":{"rendered":"http:\/\/annerouch.fr\/?page_id=2353"},"modified":"2024-09-28T08:40:57","modified_gmt":"2024-09-28T07:40:57","slug":"mes-articles","status":"publish","type":"page","link":"http:\/\/annerouch.fr\/index.php\/mes-articles\/","title":{"rendered":"L&#8217;importance du pardon de notre Enfant int\u00e9rieur"},"content":{"rendered":"<h2 class=\"wpview-selection-before\"><span style=\"color: #3366ff;\"><strong>Voici un message transmis et qui peut en aider beaucoup sur les blocages des blessures de leur enfant int\u00e9rieur car chacun est confront\u00e9 \u00e0 des blocages, enfant.<\/strong><\/span><\/h2>\r\n<h3 class=\"wpview-selection-before\"><span style=\"color: #a50eeb;\"><strong> \u00a0 \u00a0 \u00a0 \u00a0 \u00a0 \u00a0 \u00a0\u00a0 <\/strong><\/span><span style=\"color: #a50eeb;\"><strong>Je suis une cr\u00e9ative depuis mon enfance, mais ma cr\u00e9ativit\u00e9 a \u00e9t\u00e9 cass\u00e9e, brim\u00e9e, occult\u00e9e par la \"non reconnaissance\" de mes parents, non reconnaissance que j'ai pris enfant, comme une de mes \"identit\u00e9s\".\r\nAinsi\u00a0j'ai refoul\u00e9 ma cr\u00e9ativit\u00e9 durant longtemps, croyant que cela ne valait rien puisque mes parents ne la reconnaissaient pas.<\/strong><\/span><\/h3>\r\n<h3><span style=\"color: #a50eeb;\"><strong>Cependant une\u00a0petite\u00a0voix restait l\u00e0 en moi, comme une petite flamme de bougie scintillante, car en classe 5\u00e8me, un prof de dessin voyant mes aptitudes artistiques, me demandait de faire des dessins de classe seconde. R\u00e9silience en action.<\/strong><\/span><\/h3>\r\n<h3><span style=\"color: #3366ff;\"><strong>Les r\u00e9sultats \u00e9tait tels que cette professeure a convoqu\u00e9 mes parents pour leur dire qu'il serait important que j'int\u00e8gre les beaux arts, ce qui n'a pas \u00e9t\u00e9 \u00e9cout\u00e9 du tout, je n'ai rien fait car mes parents n'ont pas donn\u00e9 suite\u00a0pour me guider vers une formation.<\/strong><\/span><\/h3>\r\n<h3><span style=\"color: #3366ff;\"><strong>Pour l'enfant que j'\u00e9tais, c'est comme si je n'avais pas d'int\u00e9r\u00eat \u00e0 \u00eatre vue et accueillie avec mes talents.\r\nCeci n'est plus une plainte ou une frustration, qui cherche encore la reconnaissance de mes parents d\u00e9c\u00e9d\u00e9s \u00e0 ce jour, mais un\u00a0\"accueil\" de ce que mon enfant int\u00e9rieur a gard\u00e9 en elle longtemps,\u00a0il est donc essentiel de lib\u00e9rer toutes les \u00e9motions souffrantes de notre enfant int\u00e9rieur, sur notre chemin.<\/strong><\/span><\/h3>\r\n<img class=\"alignnone size-medium wp-image-4478\" src=\"http:\/\/annerouch.fr\/wp-content\/uploads\/2017\/05\/1er-mai-2023-2-288x300.jpg\" alt=\"1er mai 2023 (2)\" width=\"288\" height=\"300\" \/> <img class=\"alignnone size-medium wp-image-4479\" src=\"http:\/\/annerouch.fr\/wp-content\/uploads\/2017\/05\/1er-mai-2023-2-1-300x279.jpg\" alt=\"1er mai 2023 2\" width=\"300\" height=\"279\" \/>\r\n\r\n<img class=\"alignnone size-medium wp-image-4480\" src=\"http:\/\/annerouch.fr\/wp-content\/uploads\/2017\/05\/20230430_181121-300x236.jpg\" alt=\"20230430_181121\" width=\"300\" height=\"236\" \/> <img class=\"alignnone size-medium wp-image-4481\" src=\"http:\/\/annerouch.fr\/wp-content\/uploads\/2017\/05\/20230604_134717-276x300.jpg\" alt=\"20230604_134717\" width=\"276\" height=\"300\" \/> <img class=\"alignnone size-medium wp-image-4482\" src=\"http:\/\/annerouch.fr\/wp-content\/uploads\/2017\/05\/20230620_173516-285x300.jpg\" alt=\"20230620_173516\" width=\"285\" height=\"300\" \/>\r\n<h3><span style=\"color: #800080;\"><strong>Car si cela n'est pas fait, cela bloque des phases de vie, simplement parce qu'en vous, ces \u00e9motions de \"Je ne m\u00e9rite pas que l'on s'int\u00e9resse \u00e0 moi !\", sont l\u00e0 en attente de lib\u00e9ration, votre enfant int\u00e9rieur est dans un coin et ressasse l'\u00e9motion 'en boucle', car il a un grand besoin que vous alliez le voir, l'\u00e9couter parler, l'entendre vous dire ce qu'il a ressenti, pour aller le prendre dans vos bras, et lui dire combien vous l'aimez.<\/strong><\/span><\/h3>\r\n<h3><span style=\"color: #800080;\"><strong>Durant des ann\u00e9es, j'ai \u00e9t\u00e9 frustr\u00e9e de ce\u00a0v\u00e9cu, car je n'arrivais pas \u00e0 int\u00e9grer un job qui me fasse vivre.\r\nJe me sentais\u00a0\u00e0 part, comme beaucoup, mais c'est moi qui m'isolait\u00a0\u00e0 cause de cette\u00a0enfant frustr\u00e9e !\r\nJ'ai pris conscience que des 'nettoyages' se faisaient en moi, parfois difficiles \u00e0 vivre dans le corps physique qui ajuste au fur et \u00e0 mesure de vos prises de conscience int\u00e9rieure, ce qui est int\u00e9gr\u00e9 de votre valeur l\u00e9gitime profonde.<\/strong><\/span><\/h3>\r\n<h3><span style=\"color: #800080;\"><strong>Des r\u00e9ponses sont venues plus tard, me montrant que mon choix \u00e9tait d'aller aujourd'hui \u00e0 l'essentiel, afin de ne plus me perdre dans de vieux m\u00e9andres inutiles, et que mes aspirations int\u00e9rieures s'y alignaient !<\/strong><\/span><\/h3>\r\n<h3><span style=\"color: #800080;\"><strong>Mais\u00a0j'ai pu entendre (int\u00e9rieurement), la raison qui a fait que je n'ai pas int\u00e9gr\u00e9 les beaux arts, et elle m'est parvenue simplement en demandant \u00e0 ma lumi\u00e8re int\u00e9rieure, que chacun peut appeler les Guides sur leur chemin, cette raison est que j'avais d\u00e9j\u00e0 fait tout \u00e7a dans une vie pass\u00e9e,\u00a0(peintre\u00a0&amp; musicien),\u00a0et qu'aujourd'hui, mon chemin \u00e9tait de revenir \u00e0 l'essentiel pour me reconnaitre dans ma totale int\u00e9grit\u00e9 Divine, ma Lumi\u00e8re int\u00e9rieure - dans le corps physique !<\/strong><\/span><\/h3>\r\n<h3><span style=\"color: #3366ff;\"><strong>Je me connecte \u00e0 mon Moi Sup\u00e9rieur, et je ressens ce qui est essentiel et ce qui l'est moins pour avancer sur mon chemin.\r\n<\/strong><strong>Ce qui ne veut pas dire que je repousse tout, mais que je mets du discernement sur la position et l'importance que je peux donner \u00e0 ce que la vie nous pr\u00e9sente.\r\nTout \u00eatre qui se trouve dans l'humilit\u00e9 de son c\u0153ur, est l\u00e0 aussi pour\u00a0transmettre l'Amour, qui est la seule fa\u00e7on de cr\u00e9er et de semer ses graines dans ce monde,\u00a0car les pousses sont vues par leurs nombreuses germinations, qui sont arros\u00e9es par le c\u0153ur.<\/strong><\/span><\/h3>\r\n<h3><span style=\"color: #3366ff;\"><strong>Ici, l'intention n'est pas de faire briller par l'ego personnalit\u00e9, mais de vibrer l'Essence de l'Amour, et ce don est actif en chaque personne qui a int\u00e9gr\u00e9 ce qu'est le but de Sa Vie.<\/strong><\/span><\/h3>\r\n<h3><span style=\"color: #800080;\"><strong>Un musicien doit jouer devant les autres pour que les vibrations de la musique infusent l'air et arrivent aux personnes.\r\nChacun per\u00e7oit les \"ondes\" \u00e0 sa propre mesure de conscience. Mais le musicien a transmis, l\u00e0 est sa Mission !<\/strong><\/span><\/h3>\r\n<h3><span style=\"color: #3366ff;\"><strong>Depuis quelque temps, mes guides int\u00e9rieurs me poussent \u00e0 cr\u00e9er, et \u00e0 diffuser en honorant ce don de la lumi\u00e8re que je peux int\u00e9grer en mon \u00eatre physique qui la reconnait, ce qui lib\u00e8re mon enfant int\u00e9rieur en m\u00eame temps.<\/strong><\/span><\/h3>\r\n<h3><span style=\"color: #ff00ff;\"><strong>Toute reconnaissance de la lumi\u00e8re en nous, lib\u00e8re toutes les ombres coinc\u00e9es cristallis\u00e9es.\r\nTelle est la vibration de la lumi\u00e8re accueillie en chacun, elle lib\u00e8re et fait fondre les croyances limitantes.<\/strong><\/span><\/h3>\r\n<h2><span style=\"color: #800080;\"><strong>Le mental ego, ramenant tout \u00e0 lui\u00a0par\u00a0des jugements, peut ne pas reconna\u00eetre et ne pas accueillir la lumi\u00e8re de l'\u00eatre.\r\nEn ces temps, il est important de regarder ces personnages jouant dans les egos personnalit\u00e9, qui ne demandent qu'\u00e0 \u00eatre aim\u00e9s, mais avant tout \u00e9cout\u00e9s et entendus en pleine conscience.<\/strong><\/span><\/h2>\r\n&nbsp;\r\n<h2><span style=\"color: #800080;\"><strong>L'importance du Pardon\u00a0lors de la reconnexion avec\u00a0<em>\"son enfant int\u00e9rieur\".<\/em><\/strong><\/span><\/h2>\r\n<img class=\"wp-image-2360 aligncenter\" src=\"http:\/\/annerouch.fr\/wp-content\/uploads\/2017\/05\/baby-pensif-300x198.jpg\" alt=\"baby pensif\" width=\"567\" height=\"375\" \/>\r\n<h3 class=\"_2cuy _3dgx _2vxa\"><span style=\"color: #666699;\"><strong>Je voudrais parler du travail de chacun sur la reconnexion avec son enfant int\u00e9rieur afin d'acc\u00e9der au processus de lib\u00e9ration, se reconnectant \u00e0 sa propre source.<\/strong><\/span><\/h3>\r\n<h3 class=\"_2cuy _3dgx _2vxa\"><span style=\"color: #666699;\"><strong>L'enfant int\u00e9rieur, celui qui a gard\u00e9 en lui toutes les \u00e9motions, souffrances ou lumineuses selon le v\u00e9cu de chacun.\r\n<\/strong><\/span><span style=\"color: #666699;\"><strong>S'en suivent des frustrations, des blocages \u00e9motionnels et physiques, qui sont l\u00e0 pour \u00eatre le \"signal\" de ce qui doit \u00eatre lib\u00e9r\u00e9.<\/strong><\/span><\/h3>\r\n<h3 class=\"_2cuy _3dgx _2vxa\"><span style=\"color: #666699;\"><strong>Cet enfant int\u00e9rieur qui doit \u00eatre revisit\u00e9 avec Amour afin de lui parler, de le rassurer, de lui dire combien il m\u00e9rite d'\u00eatre aimer, chouchouter, revaloriser, et combien son r\u00f4le est important dans la mission de vie d'adulte, ici et maintenant !\r\n<\/strong><\/span><span style=\"color: #800080;\"><strong>Le but de ce post n'est pas de faire l'explication du processus de reconnexion \u00e0 l'enfant int\u00e9rieur qui vit en chacun de nous, vous pouvez trouver cela sur des vid\u00e9os tr\u00e8s bien faites qui vous aident dans ce processus.<\/strong><\/span><\/h3>\r\n<h3 class=\"_2cuy _3dgx _2vxa\"><span style=\"color: #800080;\"><strong>Ce post s'adresse \u00e0 ceux qui ont d\u00e9j\u00e0 reconnect\u00e9 avec leur enfant int\u00e9rieur afin de gu\u00e9rir, comprendre leurs blessures diverses encore trop pr\u00e9sentes les emp\u00eachant d'avancer sereinement dans leur vie.<\/strong><\/span><\/h3>\r\n<h3 class=\"_2cuy _3dgx _2vxa\"><span style=\"color: #800080;\"><strong>L'importance est de les lib\u00e9rer en les conscientisant, en acceptant les faits pass\u00e9s ayant laiss\u00e9 des \u00e9motions douloureuses qui ne demandent qu'\u00e0 \u00eatre revisit\u00e9es et transmut\u00e9es pour lib\u00e9rer le corps \u00e9motionnel.<\/strong><\/span><\/h3>\r\n<h3 class=\"_2cuy _3dgx _2vxa\"><span style=\"color: #666699;\"><strong>Je retrouve tr\u00e8s souvent des commentaires de personnes ayant reconnect\u00e9s avec les \u00e9motions souffrantes de leur enfance, et qui font la d\u00e9marche du dialogue lib\u00e9rateur de reconnexion consciente \u00e0 leur enfant int\u00e9rieur, mais qui en oubli une loi lib\u00e9ratrice qui est l<span style=\"color: #800080;\">e \"pardon\" !<\/span><\/strong><\/span><\/h3>\r\n<h3 class=\"_2cuy _3dgx _2vxa\"><span style=\"color: #666699;\"><strong>Hors m\u00eame si le dialogue \u00e0 l'enfant int\u00e9rieur est intense et riche, <span style=\"color: #800080;\">il est important de penser \u00e0 pardonner, c'est la cl\u00e9 d'une reconnexion r\u00e9ussie, et de la lib\u00e9ration !<\/span><\/strong><\/span><\/h3>\r\n<h2 class=\"_2cuy _50a1 _2vxa\" style=\"text-align: center;\"><strong><span style=\"color: #993366;\">\"Pardonner \u00e0 l'autre, c'est se pardonner \u00e0 soi.\"<\/span>\r\n<span style=\"color: #0000ff;\">La m\u00e9thode hawa\u00efenne<\/span> <a href=\"https:\/\/l.facebook.com\/l.php?u=http%3A%2F%2Fwww.vivrehooponopono.com%2Fla-methode-hooponopono&amp;h=ATMAYF-Y9XqOBd6mzvgJ9v_h71mVPQfnHRRRaP-f7pQ3Eelm6MxB4Qfma5xsk-JC3hYHODbjrbf6pCuYaxCv-J9iJNiRXP0Vwy-iDiIky4UDaKvO61-5zmQfHPj6q7LeDFJyI5Q&amp;s=1\" target=\"_blank\" rel=\"nofollow\">Ho'oponopono<\/a> <span style=\"color: #0000ff;\">est parfaite pour \u00a0int\u00e9grer cela.<\/span><\/strong><\/h2>\r\n<h3 class=\"_2cuy _3dgx _2vxa\"><span style=\"color: #800080;\"><strong>Pourquoi le pardon est il si lib\u00e9rateur ? <span class=\"_4yxo\">Le pardon, c'est unir l'ombre (qui doit aussi \u00eatre int\u00e9gr\u00e9) \u00e0 la lumi\u00e8re qui est tout AMOUR<\/span> - Accueillir simplement toutes ces parties de nous, elles se nettoieront alors d'elles m\u00eames !<\/strong><\/span><\/h3>\r\n<h3 class=\"_2cuy _3dgx _2vxa\"><span style=\"color: #800080;\"><strong>Parce qu'il va chercher en nous le <em><span style=\"color: #666699;\">\"l\u00e2cher prise\"<\/span><\/em> qui nous coupe des liens n\u00e9gatifs avec les personnes concern\u00e9es, si cela est fait en conscience et avec amour inconditionnel.<\/strong><\/span><\/h3>\r\n<h3 class=\"_2cuy _3dgx _2vxa\"><span style=\"color: #800080;\"><strong>Imaginez que lors du processus d'incarnation et de naissance, un \"cordon\" \u00e9nerg\u00e9tique invisible vous relie \u00e0 vos parents.<\/strong><\/span><\/h3>\r\n<h3 class=\"_2cuy _3dgx _2vxa\"><span style=\"color: #800080;\"><strong>Chaque fois qu'un des deux parents vous adresse une remarque ou une pens\u00e9e (qui est une \u00e9nergie qu'il vous envoi), votre corps en re\u00e7oit les vibrations que vous interpr\u00e9tez comme souffrantes ou positives, par l'interm\u00e9diaire de ce cordon existant et de votre plexus solaire.<\/strong><\/span><\/h3>\r\n<h3 class=\"_2cuy _3dgx _2vxa\"><span style=\"color: #800080;\"><strong>Cela peut \u00eatre de l'agressivit\u00e9, de la manipulation, ou de l'amour ; recevant de toutes les qualit\u00e9s ou les d\u00e9fauts les \u00e9motions qui vont avec !<\/strong><\/span><\/h3>\r\n<h3 class=\"_2cuy _3dgx _2vxa\"><span style=\"color: #800080;\"><strong>Ce lien est l\u00e0 \u00e9nerg\u00e9tiquement, quoique vous fassiez.<\/strong><\/span><\/h3>\r\n<h3 class=\"_2cuy _3dgx _2vxa\"><span style=\"color: #800080;\"><strong>Seul l'amour inconditionnel permet de neutraliser les liens n\u00e9gatifs cr\u00e9es entre deux personnes. Ce qui ne doit pas emp\u00eacher votre enfant int\u00e9rieur d'exprimer ce qu'il ressent, au contraire, cela doit \u00eatre lib\u00e9r\u00e9, mais ensuite pardonner.<\/strong><\/span><\/h3>\r\n<h3 class=\"_2cuy _3dgx _2vxa\"><span style=\"color: #800080;\"><strong>M\u00eame si le parent est d\u00e9c\u00e9d\u00e9, le lien est toujours l\u00e0, d'o\u00f9 l'importance de faire ce travail on ne peut plus important, afin de lib\u00e9rer les \"acteurs\" et rendre \u00e0 chacun leur libert\u00e9 d'autonomie, sans cette chaine limitante.<\/strong><\/span><\/h3>\r\n<h3 class=\"_2cuy _3dgx _2vxa\"><span style=\"color: #333399;\"><strong><span style=\"color: #3366ff;\">Aussi lorsque je lis :<\/span>\u00a0<\/strong><\/span><span style=\"color: #333333;\"><em><strong>\"Enfin je renvoi tout \u00e7a \u00e0 mes parents et je reste enfin tranquille avec mon conjoint et mes enfants !\"<\/strong><\/em><\/span><\/h3>\r\n<h3 class=\"_2cuy _3dgx _2vxa\" style=\"text-align: center;\"><span style=\"color: #0000ff;\"><strong>Attention, cela ne fonctionne pas en excluant, ou en \u00e9mettant des pens\u00e9es n\u00e9gatives vers ceux\u00a0avec qui nous\u00a0 avons v\u00e9cus\u00a0des choses souffrantes, cela ne lib\u00e8rera rien, au contraire, cela consolidera le \"lien\" !\r\nCar le \"lien\" est un lien de contrat d'\u00e2me, et il a tout son sens. L'histoire de la petite \u00e2me explique un bout de cela.<\/strong><\/span><\/h3>\r\n<h2><a href=\"https:\/\/www.youtube.com\/watch?v=ajZ3j2ONNGM\"><span style=\"color: #993366;\"><strong>Histoire de la Petite \u00e2me ici<\/strong><\/span><\/a><\/h2>\r\n<h2 class=\"_2cuy _3dgx _2vxa\" style=\"text-align: center;\"><span style=\"color: #800080;\"><strong><span class=\"_4yxo\">\"Plus tu mettras de l'attention sur une chose,\r\net plus tu la nourriras et la fera grandir !\r\n<\/span><\/strong><strong><span class=\"_4yxo\">Aussi, choisis bien ce que tu veux voir appara\u00eetre dans ta vie maintenant,\r\net ne nourrit que ce que tu veux vivre !\"<\/span><\/strong><\/span><\/h2>\r\n<div class=\"_2cuy _3dgx _2vxa\">\u00a0<img class=\"size-medium wp-image-2365 aligncenter\" src=\"http:\/\/annerouch.fr\/wp-content\/uploads\/2017\/05\/indian-266x300.png\" alt=\"indian\" width=\"266\" height=\"300\" \/><\/div>\r\n<h3 class=\"_2cuy _3dgx _2vxa\" style=\"text-align: center;\"><span style=\"color: #ff6600;\"><strong><span class=\"_4yxo\">Histoire du vieil indien : <\/span><\/strong><\/span><\/h3>\r\n<h3 class=\"_2cuy _3dgx _2vxa\" style=\"text-align: center;\"><span style=\"color: #ff6600;\"><strong><span class=\"_4yxo\">\" Un vieil indien explique \u00e0 son petit fils que chacun de nous a en lui 2 loups qui se livrent bataille.\r\n<\/span><\/strong><strong><span class=\"_4yxo\">Le premier incarne la s\u00e9r\u00e9nit\u00e9, l'Amour, la gentillesse.\r\n<\/span><\/strong><strong><span class=\"_4yxo\">Le second repr\u00e9sente la peur, la vengeance, la haine et la ranc\u0153ur.\r\n<\/span><\/strong><strong><span class=\"_4yxo\">Et l'enfant lui demande interpel\u00e9 : \"Lequel des deux loups gagne ?\"\r\n<\/span><\/strong><strong><span class=\"_4yxo\">Le Sage grand-p\u00e8re lui r\u00e9pond :\r\n\"Celui qui gagne est toujours celui que tu nourris !\" <\/span><\/strong><\/span><\/h3>\r\n&nbsp;","protected":false},"excerpt":{"rendered":"<p>Voici un message transmis et qui peut en aider beaucoup sur les blocages des blessures de leur enfant int\u00e9rieur car chacun est confront\u00e9 \u00e0 des blocages, enfant. \u00a0 \u00a0 \u00a0 \u00a0 \u00a0 \u00a0 \u00a0\u00a0 Je suis une cr\u00e9ative depuis mon enfance, mais ma cr\u00e9ativit\u00e9 a \u00e9t\u00e9 cass\u00e9e, brim\u00e9e, occult\u00e9e par la &#8220;non reconnaissance&#8221; de mes [&hellip;]<\/p>\n","protected":false},"author":1,"featured_media":0,"parent":0,"menu_order":0,"comment_status":"closed","ping_status":"closed","template":"","meta":[],"_links":{"self":[{"href":"http:\/\/annerouch.fr\/index.php\/wp-json\/wp\/v2\/pages\/2353"}],"collection":[{"href":"http:\/\/annerouch.fr\/index.php\/wp-json\/wp\/v2\/pages"}],"about":[{"href":"http:\/\/annerouch.fr\/index.php\/wp-json\/wp\/v2\/types\/page"}],"author":[{"embeddable":true,"href":"http:\/\/annerouch.fr\/index.php\/wp-json\/wp\/v2\/users\/1"}],"replies":[{"embeddable":true,"href":"http:\/\/annerouch.fr\/index.php\/wp-json\/wp\/v2\/comments?post=2353"}],"version-history":[{"count":21,"href":"http:\/\/annerouch.fr\/index.php\/wp-json\/wp\/v2\/pages\/2353\/revisions"}],"predecessor-version":[{"id":4486,"href":"http:\/\/annerouch.fr\/index.php\/wp-json\/wp\/v2\/pages\/2353\/revisions\/4486"}],"wp:attachment":[{"href":"http:\/\/annerouch.fr\/index.php\/wp-json\/wp\/v2\/media?parent=2353"}],"curies":[{"name":"wp","href":"https:\/\/api.w.org\/{rel}","templated":true}]}}