{"id":2266,"date":"2017-03-31T10:01:10","date_gmt":"2017-03-31T09:01:10","guid":{"rendered":"http:\/\/annerouch.fr\/?page_id=2266"},"modified":"2023-03-05T19:32:24","modified_gmt":"2023-03-05T18:32:24","slug":"gregory-mutombo-la-symphonie-des-ames","status":"publish","type":"page","link":"http:\/\/annerouch.fr\/index.php\/gregory-mutombo-la-symphonie-des-ames\/","title":{"rendered":"Gregory Mutombo : La Symphonie Des \u00c2mes"},"content":{"rendered":"<h2><span style=\"color: #3366ff;\"><strong>Gregory Mutombo, engag\u00e9 dans l'arm\u00e9e dans la premi\u00e8re partie de sa vie, parcours de vie exceptionnel o\u00f9 il montre l'autre c\u00f4t\u00e9 de l'existence.<\/strong><\/span><\/h2>\r\n<h2><strong><span style=\"color: #800080;\">Magnifique rencontre de son parcours, il explique comment il peut maintenant arriver \u00e0 voir et appr\u00e9hender les blessures \u00e9motionnelles qui nous conditionnent. <\/span><\/strong>\r\n<strong> <span style=\"color: #800080;\">Il montre quelles sont g\u00e9n\u00e9ralement les origines de ces blessures, et pourquoi d'abord les accepter et les mettre en lumi\u00e8re, aide, afin de pouvoir ensuite r\u00e9ellement nous ouvrir \u00e0 des exp\u00e9riences spirituelles au-del\u00e0 de la mati\u00e8re.<\/span><\/strong><\/h2>\r\n&nbsp;\r\n\r\n<iframe width=\"714\" height=\"402\" src=\"https:\/\/www.youtube.com\/embed\/-K7QBYS0LBI?feature=oembed\" frameborder=\"0\" allowfullscreen><\/iframe>\r\n<h2><span style=\"color: #800080;\"><a style=\"color: #800080;\" href=\"http:\/\/gregorymutombo.com\" target=\"_blank\"><strong>Gr\u00e9gory Mutombo le site officiel<\/strong><\/a><\/span><\/h2>","protected":false},"excerpt":{"rendered":"<p>Gregory Mutombo, engag\u00e9 dans l&#8217;arm\u00e9e dans la premi\u00e8re partie de sa vie, parcours de vie exceptionnel o\u00f9 il montre l&#8217;autre c\u00f4t\u00e9 de l&#8217;existence. Magnifique rencontre de son parcours, il explique comment il peut maintenant arriver \u00e0 voir et appr\u00e9hender les blessures \u00e9motionnelles qui nous conditionnent. Il montre quelles sont g\u00e9n\u00e9ralement les origines de ces blessures, [&hellip;]<\/p>\n","protected":false},"author":1,"featured_media":0,"parent":0,"menu_order":0,"comment_status":"closed","ping_status":"closed","template":"","meta":[],"_links":{"self":[{"href":"http:\/\/annerouch.fr\/index.php\/wp-json\/wp\/v2\/pages\/2266"}],"collection":[{"href":"http:\/\/annerouch.fr\/index.php\/wp-json\/wp\/v2\/pages"}],"about":[{"href":"http:\/\/annerouch.fr\/index.php\/wp-json\/wp\/v2\/types\/page"}],"author":[{"embeddable":true,"href":"http:\/\/annerouch.fr\/index.php\/wp-json\/wp\/v2\/users\/1"}],"replies":[{"embeddable":true,"href":"http:\/\/annerouch.fr\/index.php\/wp-json\/wp\/v2\/comments?post=2266"}],"version-history":[{"count":7,"href":"http:\/\/annerouch.fr\/index.php\/wp-json\/wp\/v2\/pages\/2266\/revisions"}],"predecessor-version":[{"id":4118,"href":"http:\/\/annerouch.fr\/index.php\/wp-json\/wp\/v2\/pages\/2266\/revisions\/4118"}],"wp:attachment":[{"href":"http:\/\/annerouch.fr\/index.php\/wp-json\/wp\/v2\/media?parent=2266"}],"curies":[{"name":"wp","href":"https:\/\/api.w.org\/{rel}","templated":true}]}}