{"id":134,"date":"2016-05-31T11:37:45","date_gmt":"2016-05-31T10:37:45","guid":{"rendered":"http:\/\/annerouch.fr\/?page_id=134"},"modified":"2023-05-16T08:46:30","modified_gmt":"2023-05-16T07:46:30","slug":"le-pouvoir-des-mots","status":"publish","type":"page","link":"http:\/\/annerouch.fr\/index.php\/le-pouvoir-des-mots\/","title":{"rendered":"Le pouvoir des mots"},"content":{"rendered":"<!--[if lt IE 9]><script>document.createElement('audio');<\/script><![endif]-->\n<audio class=\"wp-audio-shortcode\" id=\"audio-134-1\" preload=\"none\" style=\"width: 100%;\" controls=\"controls\"><source type=\"audio\/mpeg\" src=\"http:\/\/annerouch.fr\/wp-content\/uploads\/2016\/05\/Je-suis-un-\u00eatre-humain-2.mp3?_=1\" \/><a href=\"http:\/\/annerouch.fr\/wp-content\/uploads\/2016\/05\/Je-suis-un-\u00eatre-humain-2.mp3\">http:\/\/annerouch.fr\/wp-content\/uploads\/2016\/05\/Je-suis-un-\u00eatre-humain-2.mp3<\/a><\/audio>\r\n<h4><strong><span style=\"color: #eb6e0e;\">\"Je SUIS un \u00caTRE\u00a0HUMAIN\"<\/span><\/strong>\u00a0 \u00a0 \u00a0 \u00a0\u00a0<span style=\"color: #800080;\"><strong>\u00a0Ecoutez...<\/strong><\/span><\/h4>\r\n<h1 style=\"text-align: center;\"><span style=\"color: #800080;\"><strong>Mieux communiquer, \u00e7a s'apprend !<\/strong><\/span><\/h1>\r\n<h2 style=\"text-align: center;\"><span style=\"color: #ff00ff;\"><strong><span style=\"color: #ff6600;\"><span style=\"color: #3366ff;\">Le pouvoir des mots que vous envoyez<\/span><\/span>\r\n<\/strong><\/span><span style=\"color: #3366ff;\"><strong>inter agit\u00a0sur le\u00a0comportement de la personne qui les re\u00e7oit,<\/strong><strong style=\"color: #ff00ff; font-size: 16px;\">\r\n<\/strong><strong>ce qui fait de vous un \u00eatre responsable de ce qu'il dit ! <\/strong><\/span><\/h2>\r\n<h1 style=\"text-align: center;\"><span style=\"color: #0000ff;\"><strong><img class=\"alignnone wp-image-1950\" src=\"http:\/\/annerouch.fr\/wp-content\/uploads\/2016\/05\/expliquer-300x200.jpg\" alt=\"expliquer\" width=\"532\" height=\"354\" \/>\r\nApprendre et int\u00e9grer <\/strong><\/span><\/h1>\r\n<h1 style=\"text-align: center;\"><span style=\"color: #0000ff;\"><strong>Ce qui fait de vous une personne diff\u00e9rente, <\/strong><\/span><\/h1>\r\n<h1 style=\"text-align: center;\"><span style=\"color: #0000ff;\"><strong>qui grandit, <\/strong><\/span><\/h1>\r\n<h1 style=\"text-align: center;\"><span style=\"color: #0000ff;\"><strong>qui choisit, <\/strong><\/span><\/h1>\r\n<h1 style=\"text-align: center;\"><span style=\"color: #0000ff;\"><strong>qui s'\u00e9l\u00e8ve et \u00e9l\u00e8ve les autres !<img class=\" wp-image-1228 aligncenter\" src=\"http:\/\/annerouch.fr\/wp-content\/uploads\/2016\/05\/horizontale-300x150.png\" alt=\"horizontale\" width=\"326\" height=\"163\" \/> <\/strong><\/span><\/h1>\r\n<h1 style=\"text-align: center;\"><span style=\"color: #ff6600;\"><strong>Voici une vid\u00e9o courte tr\u00e8s explicite, cliquez sur le lien ci dessous.\r\n<em>Arr\u00eatez l'audio en cours (tout en haut)<\/em><\/strong><\/span><\/h1>\r\n<h1 style=\"text-align: center;\"><span style=\"text-decoration: underline;\"><span style=\"color: #0000ff;\"><strong><a style=\"color: #0000ff; text-decoration: underline;\" href=\"https:\/\/www.youtube.com\/watch?v=PcFgtCVneTE\" target=\"_blank\">Le pouvoir des mots<\/a><\/strong><\/span><\/span><\/h1>\r\n&nbsp;\r\n<h3 style=\"text-align: center;\"><span style=\"color: #0000ff;\"><strong><img class=\"alignnone wp-image-1953\" src=\"http:\/\/annerouch.fr\/wp-content\/uploads\/2016\/05\/Etre-300x192.jpg\" alt=\"Etre\" width=\"360\" height=\"231\" \/><\/strong><\/span><\/h3>\r\n<h1 style=\"text-align: center;\"><span style=\"color: #0000ff;\"><strong>Choisis qui tu veux \u00eatre !<\/strong><\/span><\/h1>\r\n<!--more-->\r\n<h1><span style=\"color: #333399;\"><strong>\u00ab Ce sont vos modes de pens\u00e9es qui d\u00e9cident si vous allez r\u00e9ussir ou \u00e9chouer. \u00bb (Henry Ford)<\/strong><\/span><\/h1>\r\n<h1><span style=\"color: #333399;\"> <strong>\u00ab Vous \u00eates ma\u00eetre de votre vie, et qu\u2019importe votre prison, vous en avez les clefs. \u00bb (Herv\u00e9 Desbois)<\/strong><\/span><\/h1>\r\n<h1><span style=\"color: #333399;\"><strong>Pour voir la vid\u00e9o &gt; \"Voulez vous vraiment r\u00e9ussir ?\",<\/strong> cliquez sur le lien ci dessous<strong>. <\/strong><em>Avant, arr\u00eatez le mp3 en cours. <\/em>\ud83d\ude42<em>\u00a0<\/em><\/span><\/h1>\r\n<h1><span style=\"color: #333399;\"><strong><a style=\"color: #333399;\" href=\"https:\/\/www.youtube.com\/watch?v=70Xg0cclf5Q\" target=\"_blank\">LA PUISSANCE DE L'INTENTION.<\/a><\/strong><\/span><\/h1>","protected":false},"excerpt":{"rendered":"<p>&#8220;Je SUIS un \u00caTRE\u00a0HUMAIN&#8221;\u00a0 \u00a0 \u00a0 \u00a0\u00a0\u00a0Ecoutez&#8230; Mieux communiquer, \u00e7a s&#8217;apprend ! Le pouvoir des mots que vous envoyez inter agit\u00a0sur le\u00a0comportement de la personne qui les re\u00e7oit, ce qui fait de vous un \u00eatre responsable de ce qu&#8217;il dit ! Apprendre et int\u00e9grer Ce qui fait de vous une personne diff\u00e9rente, qui grandit, qui [&hellip;]<\/p>\n","protected":false},"author":1,"featured_media":0,"parent":0,"menu_order":0,"comment_status":"closed","ping_status":"closed","template":"","meta":[],"_links":{"self":[{"href":"http:\/\/annerouch.fr\/index.php\/wp-json\/wp\/v2\/pages\/134"}],"collection":[{"href":"http:\/\/annerouch.fr\/index.php\/wp-json\/wp\/v2\/pages"}],"about":[{"href":"http:\/\/annerouch.fr\/index.php\/wp-json\/wp\/v2\/types\/page"}],"author":[{"embeddable":true,"href":"http:\/\/annerouch.fr\/index.php\/wp-json\/wp\/v2\/users\/1"}],"replies":[{"embeddable":true,"href":"http:\/\/annerouch.fr\/index.php\/wp-json\/wp\/v2\/comments?post=134"}],"version-history":[{"count":44,"href":"http:\/\/annerouch.fr\/index.php\/wp-json\/wp\/v2\/pages\/134\/revisions"}],"predecessor-version":[{"id":4283,"href":"http:\/\/annerouch.fr\/index.php\/wp-json\/wp\/v2\/pages\/134\/revisions\/4283"}],"wp:attachment":[{"href":"http:\/\/annerouch.fr\/index.php\/wp-json\/wp\/v2\/media?parent=134"}],"curies":[{"name":"wp","href":"https:\/\/api.w.org\/{rel}","templated":true}]}}