{"id":1013,"date":"2016-07-19T15:05:30","date_gmt":"2016-07-19T14:05:30","guid":{"rendered":"http:\/\/annerouch.fr\/?page_id=1013"},"modified":"2024-04-24T17:20:19","modified_gmt":"2024-04-24T16:20:19","slug":"messages-terre-nouvelle","status":"publish","type":"page","link":"http:\/\/annerouch.fr\/index.php\/messages-terre-nouvelle\/","title":{"rendered":"MESSAGES de Monique MATHIEU m\u00e9dium"},"content":{"rendered":"<h1><strong><span style=\"color: #800080;\">Voici les messages canalis\u00e9s par\u00a0Monique Mathieu, <\/span><span style=\"color: #800080;\">chanel<\/span><span style=\"color: #800080;\">\u00a0de Guides de Lumi\u00e8re.<\/span><\/strong><\/h1>\r\n<h2><strong><span style=\"color: #333399;\">En 1985, un ami me voyant int\u00e9ress\u00e9e par le sujet, accepte \u00e0 ma demande de me pr\u00eater des cassettes audio.\r\nJ'\u00e9coute de nombreux messages de Monique, ce qui m'ouvre la conscience et me pr\u00e9pare sur le <em><span style=\"color: #ff00ff;\">\"chemin\"<\/span><\/em> de l'ouverture du c\u0153ur vers ma lumi\u00e8re int\u00e9rieure. Me ramenant \u00e0 l'int\u00e9rieur de moi et au<\/span><\/strong><strong><span style=\"color: #333399;\">\u00a0<em>\"pourquoi je ressentais ce que je ressentais, pourquoi j'entendais (clair audience) ce que j'entendais depuis l'enfance ! \"\u00a0 <\/em><\/span><em><span style=\"color: #333399;\">Ionia.<\/span><\/em><\/strong><\/h2>\r\n<img class=\"\" src=\"http:\/\/img.youtube.com\/vi\/zd-s2KuebHY\/hqdefault.jpg\" alt=\"Monique Mathieu Vous Conseille Et Vous Rassure Pour Bien Vivre Cette P\u00e9riode. \u2013 Presse Galactique\" width=\"615\" height=\"461\" \/>\r\n<span style=\"color: #003366;\"><strong>Monique Mathieu<\/strong><\/span>\r\n<h2><strong><span style=\"color: #b30bb3;\">Depuis toujours, des \u00eatres sont incarn\u00e9s sur terre, afin d'aider l'humanit\u00e9, \u00e0 traverser les divers moments cl\u00e9s de la dualit\u00e9.<\/span><\/strong><\/h2>\r\n<h2><strong><span style=\"color: #b30bb3;\">Beaucoup de ces \u00eatres ont leur source d'\u00e2me sur\u00a0un plan galactique de lumi\u00e8re.\r\n<\/span><\/strong><strong><span style=\"color: #b30bb3;\">Leur r\u00f4le est de recevoir et transmettre les informations\u00a0re\u00e7ues, dans la\u00a0paix, conscients du canal qu'est leur corps physique, qui a largement \u00e9t\u00e9 pr\u00e9par\u00e9 \u00e0 recevoir les messages de lumi\u00e8re.<\/span><\/strong><\/h2>\r\n<h3><\/h3>\r\n<h1><strong><span style=\"color: #0000ff;\">Voici tous les derniers messages de Monique Mathieu - Mars 2023<\/span><\/strong>\r\n<strong> <span style=\"color: #ff00ff;\"><a style=\"color: #ff00ff;\" href=\"https:\/\/www.youtube.com\/@associationducielalaterre1293\" target=\"_blank\">https:\/\/www.youtube.com\/watch?v=ZgiaH8embc8<\/a><\/span><\/strong><\/h1>\r\n<h1><strong><span style=\"color: #ff6600;\">* * * * * * * * * * * * * * * * *\u00a0<\/span><\/strong><\/h1>\r\n<h2><strong><span style=\"color: #0000ff;\">Ce que les Guides de lumi\u00e8re lui transmettent<\/span><\/strong><\/h2>\r\n<h2><strong><span style=\"color: #0000ff;\">\u00ab Nous vous disons souvent : \u00ab Aimez-vous ! \u00bb<\/span><\/strong><\/h2>\r\n<h2><span style=\"color: #ff00ff;\"><strong><span style=\"color: #8616e0;\">Que veut dire \u00ab s\u2019aimer \u00bb ? <\/span><span style=\"color: #ff00ff;\">Parfois, vous \u00eates r\u00e9ellement dans l\u2019incapacit\u00e9 de vous aimer parce que vous ne vous trouvez pas comme vous aimeriez \u00eatre, que ce soit physiquement, psychologiquement ou relationnellement. <\/span>\r\n\u00c0 partir du moment o\u00f9 vous connaissez vos carences, essayez de travaillez sur vous et acceptez ce que vous \u00eates.<\/strong><\/span><\/h2>\r\n<h2><span style=\"color: #333399;\"><strong>Certaines personnes ont l\u2019habitude de dire : <em>\u00ab Je ne m\u2019aime pas ! \u00bb,<\/em> parce que leur corps est difficile, il les emp\u00eache d\u2019\u00eatre ce qu\u2019elles voudraient ou souhaiteraient \u00eatre, ne serait-ce par exemple que pour avoir une mobilit\u00e9 plus ais\u00e9e. Le probl\u00e8me est qu\u2019en ne s\u2019aimant pas, elles accentuent des vibrations basses en elles !\r\nAlors, comment faire pour vous aimer lorsque votre corps vous perturbe, qu\u2019il est fatigu\u00e9 ou qu\u2019il ne correspond pas \u00e0 vos attentes ?\r\nEssayez simplement de voir tout ce qu\u2019il y a de bien en vous, toutes les belles actions que vous pouvez accomplir, tout le travail que vous faites gratuitement pour l\u2019autre ! Nous ne parlons pas du travail tel que vous le concevez ! Il s\u2019agit simplement d\u2019amiti\u00e9, d\u2019un coup de t\u00e9l\u00e9phone qui r\u00e9jouit le c\u0153ur de l\u2019autre !<\/strong><\/span><\/h2>\r\n<h2><span style=\"color: #333399;\"><strong><span style=\"color: #8616e0;\">Il est important aujourd'hui de voir en vous tout ce qui est beau, tout ce qui est \u00e9levant, tout ce qui peut vous faire prendre conscience que vous n\u2019aimez pas seulement affectivement avec un amour humain de troisi\u00e8me dimension, mais que vous aimez d\u2019une fa\u00e7on beaucoup plus \u00e9lev\u00e9e dans la fr\u00e9quence vibratoire de l\u2019Amour !<\/span>\r\nSi vous essayez de bien comprendre votre fonctionnement, vous verrez que, dans votre comportement, m\u00eame dans une seule journ\u00e9e, vous pouvez ressentir cette Vibration Amour qui vous motive, qui vous pousse, qui vous incite \u00e0 agir. Cependant vous n\u2019y faites pas attention car vous \u00eates pris dans l\u2019engrenage de la vie de troisi\u00e8me dimension et que vous ne voyez pas tous les clins d\u2019\u0153il, toutes les petites choses tellement pr\u00e9cieuses qui \u00e9manent de vous, tous les petits clins d\u2019\u0153il vous vous recevez des autres, et tout ce qui \u00e9mane de vous et que vous offrez.\r\nIl faut que vous soyez plus \u00e0 l\u2019\u00e9coute de ce que vous offrez sans \u00eatre dans l\u2019attente de ce que vous recevrez.<\/strong><\/span><\/h2>\r\n<h2><span style=\"color: #333399;\"><strong>Cet Amour n\u2019a rien \u00e0 voir avec le sentiment. C\u2019est quelque chose de spontan\u00e9, d\u2019irr\u00e9fl\u00e9chi, quelque chose qui part compl\u00e8tement du c\u0153ur, qui est une pulsion, un don.\r\nLorsque vous remontez le moral d\u2019une amie ou d\u2019un ami c\u2019est irr\u00e9fl\u00e9chi, c\u2019est vraiment de l\u2019Amour Vibration ; il faut le reconna\u00eetre ! Si vous ne reconnaissez pas l\u2019Amour Vibration que vous vivez en permanence, vous restez \u00ab coinc\u00e9 \u00bb dans l\u2019amour humain et vous dites : \u00ab je n\u2019\u00e9volue pas ! Je ne comprendrai jamais ce qu\u2019est l\u2019Amour Vibration ! \u00bb\r\nSi vous \u00eates \u00e0 l\u2019\u00e9coute de vous-m\u00eame et si vous voyez tous les petits actes que vous offrez sans rien attendre de ceux \u00e0 qui vous offrez votre aide , vous pouvez commencer \u00e0 comprendre que vous vous \u00e9levez, que vous \u00eates davantage dans l\u2019Amour Vibration que dans l\u2019amour humain.\r\n<\/strong><strong><span style=\"color: #8616e0;\">Ne rien attendre en retour dans tout ce que vous offrez. Offrez, tout simplement !<\/span>\r\n\r\nLe cadeau, c\u2019est lorsque vous offrez sans vous en rendre compte, spontan\u00e9ment, d\u2019une fa\u00e7on irr\u00e9fl\u00e9chie !\r\nC\u2019est r\u00e9ellement de l\u2019Amour-Vibration, cet Amour qui vous accompagne en permanence mais que vous ne reconnaissez pas, cet Amour qui est si puissant en vous et que vous devez reconna\u00eetre !\r\nMaintenant, il est n\u00e9cessaire que vous reconnaissiez cet Amour ! Il vous sera d\u2019une utilit\u00e9 consid\u00e9rable dans un temps futur qui n\u2019est pas aussi \u00e9loign\u00e9 que vous le pensez !\r\nComment pourrez-vous aider les personnes que vous ne connaissez pas, qui viendront vers vous en \u00e9tant peut-\u00eatre totalement d\u00e9sorient\u00e9es et d\u00e9stabilis\u00e9es par des \u00e9v\u00e9nements ponctuels ou par des \u00e9v\u00e9nements qui se produiront autour de vous ? Ce ne sera pas avec de l\u2019amour sentiment, ce sera avec un autre Amour que vous serez pr\u00eat \u00e0 offrir spontan\u00e9ment lorsque vous serez dans l\u2019Amour Vibration !\r\nNous le r\u00e9p\u00e9tons, vous vivez l\u2019Amour-Vibration mais vous ne le reconnaissez pas en vous !\r\nAlors, aimez-vous ! Peu importe ce que vous \u00eates ou vos comportements, peu importe si un jour vous avez une co\r\n\u00e8re int\u00e9rieure, peu importe si un jour vous ne vous trouvez pas suffisamment aimant ou si vous n\u2019\u00eates pas satisfait de vous-m\u00eame !\r\nVous pouvez \u00eatre dans une vibration un peu plus basse, et deux heures plus tard ou demain, pour des raisons qui pourront vous \u00e9chapper, vous ressentirez tout \u00e0 coup des bouff\u00e9es d\u2019Amour vous submerger, et vous aurez envie de l\u2019offrir encore et encore.\r\nSi vous n\u2019avez personne \u00e0 qui offrir les bouff\u00e9es d\u2019Amour que vous ressentez (elles ne sont pas affection, nous le r\u00e9p\u00e9tons encore une fois), offrez-les \u00e0 tous vos fr\u00e8res humains et \u00e0 l\u2019Univers. Vous offrirez \u00e0 ce moment-l\u00e0 d\u2019une fa\u00e7on inconditionnelle, sans rien attendre !\r\nSi vous offrez cet Amour \u00e0 tous vos fr\u00e8res humains, vous n\u2019\u00eates pas dans l\u2019attente d\u2019un retour.\r\nTout ce que vous avez offert vous sera redonn\u00e9, d\u2019une fa\u00e7on diff\u00e9rente et d\u2019une fa\u00e7on qui \u00e9clairera de plus en plus votre conscience, qui \u00e9l\u00e8vera votre conscience spirituelle et votre conscience divine.\r\nTout acte re\u00e7oit toujours une r\u00e9ponse, que ce soit dans le sens positif ou inf\u00e9rieur !\r\nTout acte a toujours une contrepartie ; il y a action\/r\u00e9action.\r\nLorsque vous aimez, vous recevrez la r\u00e9ponse en retour, mais toujours dans le positif.<\/strong><\/span><\/h2>\r\n<h2><span style=\"color: #333399;\"><strong>Alors essayez de voir le meilleur en vous-m\u00eame !\r\nOubliez l\u2019amour affectif !\r\nEssayez d\u2019aller beaucoup plus loin dans la conscience que vous avez de l\u2019Amour, et vous serez \u00e9tonn\u00e9 de d\u00e9couvrir en vous des potentialit\u00e9s immenses, des tr\u00e9sors qui dormaient ; tout simplement, vous n\u2019aviez pas conscience de leur pr\u00e9sence !<\/strong><\/span><\/h2>\r\n<h2><span style=\"color: #333399;\"><strong>En avoir conscience, et lib\u00e9rer cette \u00e9nergie sans la limiter, est d'actualit\u00e9.\r\n<\/strong><\/span><span style=\"color: #333399;\"><strong>\r\n<span style=\"text-decoration: underline; color: #790fbf;\">Nous allons encore vous donner quelques exemples : <\/span>\r\nUn de vos amis a un probl\u00e8me ; vous ressentez de la compassion pour lui, donc vous ressentez de l\u2019amour compassionnel qui n\u2019est pas de l\u2019Amour Vibration.\r\nSi vous ressentez tout \u00e0 coup de la compassion pour quelqu\u2019un vous ne connaissez pas, il s\u2019agit d\u2019Amour Vibration. Vous ne connaissez pas cette personne, c\u2019est donc un Amour qui na\u00eet spontan\u00e9ment en vous ! Tout ce qui na\u00eet spontan\u00e9ment en vous peut \u00eatre attribu\u00e9 \u00e0 l\u2019Amour Vibration.\r\nSi vous vous \u00e9coutez, vous verrez que, dans votre journ\u00e9e, vous pouvez vivre l\u2019Amour Vibration.<\/strong><\/span><\/h2>\r\n<h2><span style=\"text-decoration: underline; color: #790fbf;\"><strong>Nous vous donnons un autre exemple :<\/strong><\/span><\/h2>\r\n<h2><span style=\"color: #333399;\"><strong>Une personne qui n\u2019est pas une amie ou une relation vous t\u00e9l\u00e9phone ; si vous \u00eates \u00e0 son \u00e9coute sans que cela vous \u00e9nerve ou vous d\u00e9range, si vous parvenez \u00e0 lui \u00ab remonter le moral \u00bb, comme vous dites sur Terre, c\u2019est de l\u2019Amour Vibration ; ce n\u2019est pas de l\u2019amour affectif puisque vous ne la connaissez pas !\r\nSi vous ressentez de l\u2019affection pour une personne, c\u2019est de l\u2019amour humain, c\u2019est de l\u2019amour affectif. Si vous n\u2019avez pas une affection particuli\u00e8re pour quelqu\u2019un, c\u2019est de l\u2019Amour Vibration !\r\nIl est important de conna\u00eetre les diff\u00e9rents niveaux de l\u2019Amour, c\u2019est pour cela que cet enseignement est lire et \u00e0 relire si vous voulez grandir dans l\u2019Amour, avoir une autre conscience de vous-m\u00eame, avoir une autre conscience de votre \u00e9volution, savoir o\u00f9 il faut passer et ce qu\u2019il faut comprendre. \u00bb<\/strong><\/span><\/h2>\r\n<h2><span style=\"color: #333399;\">*****************************<\/span><\/h2>\r\n&nbsp;","protected":false},"excerpt":{"rendered":"<p>Voici les messages canalis\u00e9s par\u00a0Monique Mathieu, chanel\u00a0de Guides de Lumi\u00e8re. En 1985, un ami me voyant int\u00e9ress\u00e9e par le sujet, accepte \u00e0 ma demande de me pr\u00eater des cassettes audio. J&#8217;\u00e9coute de nombreux messages de Monique, ce qui m&#8217;ouvre la conscience et me pr\u00e9pare sur le &#8220;chemin&#8221; de l&#8217;ouverture du c\u0153ur vers ma lumi\u00e8re int\u00e9rieure. [&hellip;]<\/p>\n","protected":false},"author":1,"featured_media":0,"parent":0,"menu_order":0,"comment_status":"closed","ping_status":"closed","template":"","meta":[],"_links":{"self":[{"href":"http:\/\/annerouch.fr\/index.php\/wp-json\/wp\/v2\/pages\/1013"}],"collection":[{"href":"http:\/\/annerouch.fr\/index.php\/wp-json\/wp\/v2\/pages"}],"about":[{"href":"http:\/\/annerouch.fr\/index.php\/wp-json\/wp\/v2\/types\/page"}],"author":[{"embeddable":true,"href":"http:\/\/annerouch.fr\/index.php\/wp-json\/wp\/v2\/users\/1"}],"replies":[{"embeddable":true,"href":"http:\/\/annerouch.fr\/index.php\/wp-json\/wp\/v2\/comments?post=1013"}],"version-history":[{"count":49,"href":"http:\/\/annerouch.fr\/index.php\/wp-json\/wp\/v2\/pages\/1013\/revisions"}],"predecessor-version":[{"id":4442,"href":"http:\/\/annerouch.fr\/index.php\/wp-json\/wp\/v2\/pages\/1013\/revisions\/4442"}],"wp:attachment":[{"href":"http:\/\/annerouch.fr\/index.php\/wp-json\/wp\/v2\/media?parent=1013"}],"curies":[{"name":"wp","href":"https:\/\/api.w.org\/{rel}","templated":true}]}}